{"id":982,"date":"2023-02-24T01:16:48","date_gmt":"2023-02-24T01:16:48","guid":{"rendered":"https:\/\/sodes-shop.com\/?post_type=product&#038;p=982"},"modified":"2025-11-03T21:25:48","modified_gmt":"2025-11-03T21:25:48","slug":"testeur-de-cable","status":"publish","type":"product","link":"https:\/\/sodes-shop.com\/index.php\/product\/testeur-de-cable\/","title":{"rendered":"Testeur de cable"},"content":{"rendered":"<ul>\n<li>Module d\u00e9tachable pour tester deux points distants<\/li>\n<li>Test de c\u00e2blage ouvert\/court<\/li>\n<li>Affichage des fils connect\u00e9s<\/li>\n<li>D\u00e9tecteur de valeur de terminaison Ethernet 10BASE-2<\/li>\n<li>Equip\u00e9 de ports RJ-45 et RJ-11 tous deux plaqu\u00e9s or 50\u03bc<\/li>\n<li>Affichage non parall\u00e8le<\/li>\n<li>Op\u00e9ration en une \u00e9tape<\/li>\n<li>Aliment\u00e9 par une pile alcaline 9V<\/li>\n<li>D\u00e9sactivation automatique<\/li>\n<li>Taille de la paume avec sac de transport<\/li>\n<li>\u00a0couleur: blanc<\/li>\n<li>\u00a0dimensions: (L)130 x (P)130 x (H)30 mm<\/li>\n<li>contenu de livraison: testeur de c\u00e2ble dans un sac similicuir et un manuel d\u2019utilisation<\/li>\n<\/ul>\n","protected":false},"excerpt":{"rendered":"<h3>Caract\u00e9ristiques :<\/h3>\n<p>\u2022 pour tester les c\u00e2bles RJ45 et BNC<br \/>\n\u2022 mod\u00e8le de testeur avec une unit\u00e9 r\u00e9ceptrice et \u00e9mettrice<br \/>\n\u2022 adapt\u00e9 pour les anciens et nouveaux c\u00e2bles r\u00e9seaux<br \/>\n\u2022 fonction test avec voyant LED<br \/>\n\u2022 v\u00e9rification de: intercirculation, contact non \u00e9tabli, court-circuit et faux contact<br \/>\n\u2022 unit\u00e9 \u00e9metrrice permet de contr\u00f4ler le c\u00e2ble d\u00e9j\u00e0 install\u00e9<br \/>\n\u2022 fonctionne avec une batterie de 9 Volt<\/p>\n","protected":false},"featured_media":983,"comment_status":"open","ping_status":"closed","template":"","meta":{"_joinchat":{"message_send":"Bonjour, cet article m'int\u00e9resse https:\/\/sodes-shop.com\/index.php\/product\/testeur-de-cable\/"}},"product_cat":[41],"product_tag":[],"_links":{"self":[{"href":"https:\/\/sodes-shop.com\/index.php\/wp-json\/wp\/v2\/product\/982"}],"collection":[{"href":"https:\/\/sodes-shop.com\/index.php\/wp-json\/wp\/v2\/product"}],"about":[{"href":"https:\/\/sodes-shop.com\/index.php\/wp-json\/wp\/v2\/types\/product"}],"replies":[{"embeddable":true,"href":"https:\/\/sodes-shop.com\/index.php\/wp-json\/wp\/v2\/comments?post=982"}],"wp:featuredmedia":[{"embeddable":true,"href":"https:\/\/sodes-shop.com\/index.php\/wp-json\/wp\/v2\/media\/983"}],"wp:attachment":[{"href":"https:\/\/sodes-shop.com\/index.php\/wp-json\/wp\/v2\/media?parent=982"}],"wp:term":[{"taxonomy":"product_cat","embeddable":true,"href":"https:\/\/sodes-shop.com\/index.php\/wp-json\/wp\/v2\/product_cat?post=982"},{"taxonomy":"product_tag","embeddable":true,"href":"https:\/\/sodes-shop.com\/index.php\/wp-json\/wp\/v2\/product_tag?post=982"}],"curies":[{"name":"wp","href":"https:\/\/api.w.org\/{rel}","templated":true}]}}