{"id":976,"date":"2023-02-24T00:54:42","date_gmt":"2023-02-24T00:54:42","guid":{"rendered":"https:\/\/sodes-shop.com\/?post_type=product&#038;p=976"},"modified":"2023-03-08T11:30:45","modified_gmt":"2023-03-08T11:30:45","slug":"976","status":"publish","type":"product","link":"https:\/\/sodes-shop.com\/index.php\/product\/976\/","title":{"rendered":"Panneau de brassage RJ45 24 ports CAT6 FTP"},"content":{"rendered":"<p>Cadre m\u00e9tallique robuste, couvercle solide en m\u00e9tal, cavalier de fixation et serre-c\u00e2bles pour une installation de c\u00e2blage fiable et un blindage contre les interf\u00e9rences.<\/p>\n","protected":false},"excerpt":{"rendered":"<h3>Caract\u00e9ristiques :<\/h3>\n<ul>\n<li class=\"cs7FC5F161\"><span class=\"cs9F0A4040\">24 ports RJ45 STP Cat.6, compatible Gigabit 10\/100\/1000, en 3 groupes de 8 ports<\/span><\/li>\n<li class=\"cs7FC5F161\"><span class=\"cs9F0A4040\">Pour un c\u00e2blage ult\u00e9rieur \u00e0 partir du haut, il est possible d\u2019extraire le panneau de brassage vers l\u2019avant du Rack 19\u2033<\/span><\/li>\n<li class=\"cs7FC5F161\"><span class=\"cs9F0A4040\">Avec couvercle pour un blindage \u00e0 360\u00b0, simple \u00e0 retirer gr\u00e2ce \u00e0 ses vis molet\u00e9es<\/span><\/li>\n<\/ul>\n","protected":false},"featured_media":975,"comment_status":"open","ping_status":"closed","template":"","meta":{"_joinchat":{"message_send":"Bonjour, cet article m'int\u00e9resse https:\/\/sodes-shop.com\/index.php\/product\/976\/"}},"product_cat":[42],"product_tag":[],"_links":{"self":[{"href":"https:\/\/sodes-shop.com\/index.php\/wp-json\/wp\/v2\/product\/976"}],"collection":[{"href":"https:\/\/sodes-shop.com\/index.php\/wp-json\/wp\/v2\/product"}],"about":[{"href":"https:\/\/sodes-shop.com\/index.php\/wp-json\/wp\/v2\/types\/product"}],"replies":[{"embeddable":true,"href":"https:\/\/sodes-shop.com\/index.php\/wp-json\/wp\/v2\/comments?post=976"}],"wp:featuredmedia":[{"embeddable":true,"href":"https:\/\/sodes-shop.com\/index.php\/wp-json\/wp\/v2\/media\/975"}],"wp:attachment":[{"href":"https:\/\/sodes-shop.com\/index.php\/wp-json\/wp\/v2\/media?parent=976"}],"wp:term":[{"taxonomy":"product_cat","embeddable":true,"href":"https:\/\/sodes-shop.com\/index.php\/wp-json\/wp\/v2\/product_cat?post=976"},{"taxonomy":"product_tag","embeddable":true,"href":"https:\/\/sodes-shop.com\/index.php\/wp-json\/wp\/v2\/product_tag?post=976"}],"curies":[{"name":"wp","href":"https:\/\/api.w.org\/{rel}","templated":true}]}}