{"id":974,"date":"2023-02-24T00:45:17","date_gmt":"2023-02-24T00:45:17","guid":{"rendered":"https:\/\/sodes-shop.com\/?post_type=product&#038;p=974"},"modified":"2023-03-08T11:32:57","modified_gmt":"2023-03-08T11:32:57","slug":"panneau-de-brassage-rj45-24-ports-cat6-utp","status":"publish","type":"product","link":"https:\/\/sodes-shop.com\/index.php\/product\/panneau-de-brassage-rj45-24-ports-cat6-utp\/","title":{"rendered":"Panneau de brassage RJ45 24 ports CAT6 UTP"},"content":{"rendered":"<p>Panneau de brassage \u00e0 monter dans un coffret mural ou une armoire 19 pouces<br \/>\nConnecteur RJ45 Femelle cat\u00e9gorie 6 UTP (Non blind\u00e9)<br \/>\nCertification CAT6 jusqu&#8217;\u00e0 250MHz par paire id\u00e9al pour les r\u00e9seaux GigaBit 1000MHz<br \/>\nHauteur 1U (1,75&#8243; soit 4,44cm)<br \/>\n24 ports standards EIA\/TIA568A et EIA\/TIA568B<br \/>\nmaintient des c\u00e2bles par brides m\u00e9talliques<br \/>\nvis non fournies<br \/>\npouvant \u00eatre utilis\u00e9 avec des c\u00e2bles de diff\u00e9rentes section<br \/>\nallant du 22 jusqu\u2019\u00e0 26AWG solide et souple<\/p>\n","protected":false},"excerpt":{"rendered":"<h3>Caract\u00e9ristiques :<\/h3>\n<ul>\n<li>Certification CAT6<\/li>\n<li>Hauteur 1U (1,75\u00a0\u00bb soit 4,44cm)<\/li>\n<li>24 ports standards<\/li>\n<li>Maintient des c\u00e2bles par brides m\u00e9talliques<\/li>\n<\/ul>\n","protected":false},"featured_media":978,"comment_status":"open","ping_status":"closed","template":"","meta":{"_joinchat":{"message_send":"Bonjour, cet article m'int\u00e9resse https:\/\/sodes-shop.com\/index.php\/product\/panneau-de-brassage-rj45-24-ports-cat6-utp\/"}},"product_cat":[42],"product_tag":[],"_links":{"self":[{"href":"https:\/\/sodes-shop.com\/index.php\/wp-json\/wp\/v2\/product\/974"}],"collection":[{"href":"https:\/\/sodes-shop.com\/index.php\/wp-json\/wp\/v2\/product"}],"about":[{"href":"https:\/\/sodes-shop.com\/index.php\/wp-json\/wp\/v2\/types\/product"}],"replies":[{"embeddable":true,"href":"https:\/\/sodes-shop.com\/index.php\/wp-json\/wp\/v2\/comments?post=974"}],"wp:featuredmedia":[{"embeddable":true,"href":"https:\/\/sodes-shop.com\/index.php\/wp-json\/wp\/v2\/media\/978"}],"wp:attachment":[{"href":"https:\/\/sodes-shop.com\/index.php\/wp-json\/wp\/v2\/media?parent=974"}],"wp:term":[{"taxonomy":"product_cat","embeddable":true,"href":"https:\/\/sodes-shop.com\/index.php\/wp-json\/wp\/v2\/product_cat?post=974"},{"taxonomy":"product_tag","embeddable":true,"href":"https:\/\/sodes-shop.com\/index.php\/wp-json\/wp\/v2\/product_tag?post=974"}],"curies":[{"name":"wp","href":"https:\/\/api.w.org\/{rel}","templated":true}]}}