{"id":972,"date":"2023-02-24T00:34:44","date_gmt":"2023-02-24T00:34:44","guid":{"rendered":"https:\/\/sodes-shop.com\/?post_type=product&#038;p=972"},"modified":"2023-03-08T10:54:34","modified_gmt":"2023-03-08T10:54:34","slug":"baie-de-brassage-15u","status":"publish","type":"product","link":"https:\/\/sodes-shop.com\/index.php\/product\/baie-de-brassage-15u\/","title":{"rendered":"Baie de brassage 15U"},"content":{"rendered":"<ul>\n<li><strong>Type de rack :<\/strong> 4 montants<\/li>\n<li><strong>Type de cadre<\/strong> : Armoire ferm\u00e9e<\/li>\n<li><strong>Hauteur<\/strong> : 15U<\/li>\n<li><strong>Assemblage facile<\/strong><\/li>\n<li><strong>Rails de montage r\u00e9glables<\/strong><\/li>\n<li><strong>Normes de l\u2019industrie EIA\/ECA-310-E<\/strong><\/li>\n<li><strong>Dimensions (L x P )<\/strong> : 600 x 450<\/li>\n<li><strong>Largeur interne<\/strong> : 59,6 cm<\/li>\n<li><strong>Profondeur interne<\/strong> : 99,2 cm<\/li>\n<li><strong>Profondeur de montage maximal<\/strong> : 81,3 cm<\/li>\n<li><strong>Profondeur de montage minimale<\/strong> : 14 cm<\/li>\n<li><strong>Capacit\u00e9 maximale<\/strong> : 800 Kg<\/li>\n<li><strong>Couleur<\/strong> : Noir<\/li>\n<\/ul>\n","protected":false},"excerpt":{"rendered":"<h3>Caract\u00e9ristiques :<\/h3>\n<p>Coffret mural permettant d\u2019entreposer des \u00e9quipements r\u00e9seaux tels que : des serveurs, des onduleurs, des Switch etc. Ce rack mural est id\u00e9al pour le stockage d\u2019\u00e9quipement r\u00e9seau ou audiovisuels des faibles densit\u00e9s.Excellent pour une installation rapide, modulable et s\u00e9curis\u00e9e.<\/p>\n","protected":false},"featured_media":973,"comment_status":"open","ping_status":"closed","template":"","meta":{"_joinchat":{"message_send":"Bonjour, cet article m'int\u00e9resse https:\/\/sodes-shop.com\/index.php\/product\/baie-de-brassage-15u\/"}},"product_cat":[42],"product_tag":[],"_links":{"self":[{"href":"https:\/\/sodes-shop.com\/index.php\/wp-json\/wp\/v2\/product\/972"}],"collection":[{"href":"https:\/\/sodes-shop.com\/index.php\/wp-json\/wp\/v2\/product"}],"about":[{"href":"https:\/\/sodes-shop.com\/index.php\/wp-json\/wp\/v2\/types\/product"}],"replies":[{"embeddable":true,"href":"https:\/\/sodes-shop.com\/index.php\/wp-json\/wp\/v2\/comments?post=972"}],"wp:featuredmedia":[{"embeddable":true,"href":"https:\/\/sodes-shop.com\/index.php\/wp-json\/wp\/v2\/media\/973"}],"wp:attachment":[{"href":"https:\/\/sodes-shop.com\/index.php\/wp-json\/wp\/v2\/media?parent=972"}],"wp:term":[{"taxonomy":"product_cat","embeddable":true,"href":"https:\/\/sodes-shop.com\/index.php\/wp-json\/wp\/v2\/product_cat?post=972"},{"taxonomy":"product_tag","embeddable":true,"href":"https:\/\/sodes-shop.com\/index.php\/wp-json\/wp\/v2\/product_tag?post=972"}],"curies":[{"name":"wp","href":"https:\/\/api.w.org\/{rel}","templated":true}]}}