{"id":968,"date":"2023-02-24T00:24:26","date_gmt":"2023-02-24T00:24:26","guid":{"rendered":"https:\/\/sodes-shop.com\/?post_type=product&#038;p=968"},"modified":"2023-03-08T11:11:05","modified_gmt":"2023-03-08T11:11:05","slug":"baie-de-brassage-32u","status":"publish","type":"product","link":"https:\/\/sodes-shop.com\/index.php\/product\/baie-de-brassage-32u\/","title":{"rendered":"Baie de brassage 32U"},"content":{"rendered":"<ul>\n<li><strong>Capacit\u00e9 de chargement<\/strong> : 400 Kg de charge statique<\/li>\n<li>Porte avant en verre de s\u00e9curit\u00e9 avec poign\u00e9e et serrure<\/li>\n<li>\u00a0Panneau arri\u00e8re m\u00e9tallique plein amovible avec serrure<\/li>\n<li>2 panneaux lat\u00e9raux avec possibilit\u00e9 avec verrouillage par loquets (serrure vendue s\u00e9par\u00e9ment Ref. SPKEY)<\/li>\n<li>2 jeux de montants 19 pouces (avant et arri\u00e8re) avec marquage s\u00e9rigraphi\u00e9 des U, trous carr\u00e9s (9,5 x 9,5 mm) r\u00e9glables en profondeur<\/li>\n<li>\u00a0Obturateurs d\u00e9montables en partie sup\u00e9rieure et inf\u00e9rieure pour le passage des c\u00e2bles<\/li>\n<li>Toit pr\u00e9vu pour recevoir une unit\u00e9 de ventilation (vendu s\u00e9par\u00e9ment)<\/li>\n<li>\u00a0Passes c\u00e2bles verticaux disponibles s\u00e9par\u00e9ment pour les baies de largeur 800 mm<\/li>\n<li><strong>Indice de protection<\/strong> : IP 20<\/li>\n<li>Respecte les normes ANSI\/EIA RS-310-D, IEC297-2, DIN41491: PART1, DIN41494: PART7 , ETSI standard<\/li>\n<li>Montants 1,5 mm.<\/li>\n<li>Cadre et bordure porte frontale 1,2 mm.<\/li>\n<li>Autres \u00e9l\u00e9ments : 0,8 mm.<\/li>\n<li>Couleur : Noir (RAL9004) ou gris (RAL7044)<\/li>\n<li>4 pieds de stabilisation r\u00e9glables en hauteur<\/li>\n<li>Kit de mise \u00e0 la terre<\/li>\n<li>Set de 20 vis avec \u00e9crou cage<\/li>\n<\/ul>\n","protected":false},"excerpt":{"rendered":"<h3>Caract\u00e9ristiques :<\/h3>\n<p>Coffret mural permettant d\u2019entreposer des \u00e9quipements r\u00e9seaux tels que : des serveurs, des onduleurs, des Switch etc. Ce rack mural est id\u00e9al pour le stockage d\u2019\u00e9quipement r\u00e9seau ou audiovisuels des faibles densit\u00e9s.<br \/>\nExcellent pour une installation rapide, modulable et s\u00e9curis\u00e9e.<\/p>\n","protected":false},"featured_media":969,"comment_status":"open","ping_status":"closed","template":"","meta":{"_joinchat":{"message_send":"Bonjour, cet article m'int\u00e9resse https:\/\/sodes-shop.com\/index.php\/product\/baie-de-brassage-32u\/"}},"product_cat":[42],"product_tag":[],"_links":{"self":[{"href":"https:\/\/sodes-shop.com\/index.php\/wp-json\/wp\/v2\/product\/968"}],"collection":[{"href":"https:\/\/sodes-shop.com\/index.php\/wp-json\/wp\/v2\/product"}],"about":[{"href":"https:\/\/sodes-shop.com\/index.php\/wp-json\/wp\/v2\/types\/product"}],"replies":[{"embeddable":true,"href":"https:\/\/sodes-shop.com\/index.php\/wp-json\/wp\/v2\/comments?post=968"}],"wp:featuredmedia":[{"embeddable":true,"href":"https:\/\/sodes-shop.com\/index.php\/wp-json\/wp\/v2\/media\/969"}],"wp:attachment":[{"href":"https:\/\/sodes-shop.com\/index.php\/wp-json\/wp\/v2\/media?parent=968"}],"wp:term":[{"taxonomy":"product_cat","embeddable":true,"href":"https:\/\/sodes-shop.com\/index.php\/wp-json\/wp\/v2\/product_cat?post=968"},{"taxonomy":"product_tag","embeddable":true,"href":"https:\/\/sodes-shop.com\/index.php\/wp-json\/wp\/v2\/product_tag?post=968"}],"curies":[{"name":"wp","href":"https:\/\/api.w.org\/{rel}","templated":true}]}}