{"id":963,"date":"2023-02-24T00:06:22","date_gmt":"2023-02-24T00:06:22","guid":{"rendered":"https:\/\/sodes-shop.com\/?post_type=product&#038;p=963"},"modified":"2023-03-08T11:07:51","modified_gmt":"2023-03-08T11:07:51","slug":"baie-de-brassage-27u","status":"publish","type":"product","link":"https:\/\/sodes-shop.com\/index.php\/product\/baie-de-brassage-27u\/","title":{"rendered":"Baie de brassage 27u"},"content":{"rendered":"<ul>\n<li><strong>Nom Produit<\/strong>\u00a0: Baie de Brassage 27U 600 x 600<\/li>\n<li><strong>Couleur<\/strong>\u00a0: Noire<\/li>\n<li><strong>Dimensions (Largeur x Profondeur x Hauteur)<\/strong>\u00a0: 600 x 600 x 1313 (mm)<\/li>\n<li><strong>2 panneaux lat\u00e9raux amovibles<\/strong><\/li>\n<li><strong>Capacit\u00e9 (U)<\/strong>\u00a0: 27<\/li>\n<li><strong>Cat\u00e9gorie<\/strong>\u00a0: Baie de Brassage<\/li>\n<li><strong>Assemblage<\/strong>\u00a0: Mont\u00e9<\/li>\n<li><strong>Porte Avant<\/strong>\u00a0: 1 porte en verre tremp\u00e9 avec serrure et<\/li>\n<li><strong>montants m\u00e9tal<\/strong><\/li>\n<li><strong>Porte arri\u00e8re<\/strong>\u00a0: 1 porte en m\u00e9tal perfor\u00e9 (nid d\u2019abeille) avec serrure.<\/li>\n<li><strong>Ecartements des Montants<\/strong>\u00a0: 19 \u2018\u2019 = 1,5 mm<\/li>\n<li><strong>Charge Utile Maximum<\/strong>\u00a0: 400 Kg<\/li>\n<li><strong>Hauteur<\/strong>\u00a0: 1313 mm<\/li>\n<li><strong>Largeur<\/strong>\u00a0: 600 mm<\/li>\n<li><strong>Profondeur<\/strong>\u00a0: 600 mm<\/li>\n<\/ul>\n","protected":false},"excerpt":{"rendered":"<h3>Caract\u00e9ristiques :<\/h3>\n<p>Coffret mural permettant d\u2019entreposer des \u00e9quipements r\u00e9seaux tels que : des serveurs, des onduleurs, des Switch, etc. Ce rack mural est id\u00e9al pour le stockage d\u2019\u00e9quipement r\u00e9seau ou audiovisuels des faibles densit\u00e9s. Excellent pour une installation rapide, modulable et s\u00e9curis\u00e9<\/p>\n","protected":false},"featured_media":964,"comment_status":"open","ping_status":"closed","template":"","meta":{"_joinchat":{"message_send":"Bonjour, cet article m'int\u00e9resse https:\/\/sodes-shop.com\/index.php\/product\/baie-de-brassage-27u\/"}},"product_cat":[42],"product_tag":[],"_links":{"self":[{"href":"https:\/\/sodes-shop.com\/index.php\/wp-json\/wp\/v2\/product\/963"}],"collection":[{"href":"https:\/\/sodes-shop.com\/index.php\/wp-json\/wp\/v2\/product"}],"about":[{"href":"https:\/\/sodes-shop.com\/index.php\/wp-json\/wp\/v2\/types\/product"}],"replies":[{"embeddable":true,"href":"https:\/\/sodes-shop.com\/index.php\/wp-json\/wp\/v2\/comments?post=963"}],"wp:featuredmedia":[{"embeddable":true,"href":"https:\/\/sodes-shop.com\/index.php\/wp-json\/wp\/v2\/media\/964"}],"wp:attachment":[{"href":"https:\/\/sodes-shop.com\/index.php\/wp-json\/wp\/v2\/media?parent=963"}],"wp:term":[{"taxonomy":"product_cat","embeddable":true,"href":"https:\/\/sodes-shop.com\/index.php\/wp-json\/wp\/v2\/product_cat?post=963"},{"taxonomy":"product_tag","embeddable":true,"href":"https:\/\/sodes-shop.com\/index.php\/wp-json\/wp\/v2\/product_tag?post=963"}],"curies":[{"name":"wp","href":"https:\/\/api.w.org\/{rel}","templated":true}]}}