{"id":957,"date":"2023-02-23T23:43:25","date_gmt":"2023-02-23T23:43:25","guid":{"rendered":"https:\/\/sodes-shop.com\/?post_type=product&#038;p=957"},"modified":"2023-03-08T11:28:09","modified_gmt":"2023-03-08T11:28:09","slug":"baie-de-brassage-9u","status":"publish","type":"product","link":"https:\/\/sodes-shop.com\/index.php\/product\/baie-de-brassage-9u\/","title":{"rendered":"Baie de brassage 9u"},"content":{"rendered":"<h3>Fonctions de la baie murale 19&#8243;<\/h3>\n<div>Ce type d&#8217;installation est adapt\u00e9 au logement des\u00a0<strong>annexes informatiques<\/strong>\u00a0et\u00a0<strong>annexes de t\u00e9l\u00e9communication<\/strong>. D&#8217;un point de vue esth\u00e9tique, lea baie\u00a0permet de ranger et de cacher les c\u00e2bles pouvant\u00a0\u00eatre en g\u00e9n\u00e9ral d\u00e9rangeants, de plus\u00a0<strong>elle garantit un brassage int\u00e9rieur<\/strong>.<\/div>\n<div>Elle peut contenir de nombreux\u00a0composants comme\u00a0un\u00a0<strong>tableau \u00e9l\u00e9ctrique coupl\u00e9 \u00e0 un onduleur<\/strong>, des\u00a0<strong>syst\u00e8mes vid\u00e9o<\/strong>, des\u00a0<strong>routeurs Ethernet<\/strong>, des\u00a0<strong>terminaisons de fibre optique<\/strong>, des\u00a0<strong>points d&#8217;acc\u00e8s sans fil\u00a0<\/strong>etc.\u00a0Le tout est\u00a0bien s\u00fbr tr\u00e8s\u00a0souvent interconnect\u00e9 gr\u00e2ce \u00e0 des paires torsad\u00e9es RJ-45.<\/div>\n<div><\/div>\n<div>Le fait de rassembler tous les \u00e9quipements en un seul endroit permet,\u00a0par exemple, aux employ\u00e9s d&#8217;une m\u00eame entreprise d&#8217;<strong>acc\u00e9der \u00e0 internet<\/strong>\u00a0et de<strong>\u00a0faire de l&#8217;intranet<\/strong>\u00a0avec l&#8217;aide de\u00a0routeurs et de\u00a0switchs.<\/div>\n<ul>\n<li>Unit\u00e9 de hauteur : 9 U<\/li>\n<li>Applications : 19\u2033<\/li>\n<li>Porte en verre de s\u00e9curit\u00e9<\/li>\n<li>Rails galvanis\u00e9s de 19\u2033<\/li>\n<li>Cadre en acier avec \u00e9paisseur de 2 mm<\/li>\n<li>Bo\u00eetier avec indice de protection IP20<\/li>\n<li>Panneaux arri\u00e8re et lat\u00e9raux faciles \u00e0 enlever<\/li>\n<li>Porte avant verrouillable \u00e0 poign\u00e9e pivotante<\/li>\n<li>Deux ouvertures permettent le passage de c\u00e2bles vers le haut ou vers le bas<\/li>\n<li>Fentes d\u2019a\u00e9ration pour une circulation optimale de l\u2019air<\/li>\n<li>Couleur : noir (RAL 9005)<\/li>\n<li>Profondeur : 450 mm<\/li>\n<li>Largeur :\u00a0 600 mm<\/li>\n<\/ul>\n<p>&nbsp;<\/p>\n","protected":false},"excerpt":{"rendered":"<h3>Caract\u00e9ristiques :<\/h3>\n<p>De hauteur<strong>\u00a09 U<\/strong>\u00a0(unit\u00e9s de rack), cette\u00a0<strong>baie de brassage murale 19 pouces<\/strong>\u00a0vous permettra de laisser passer l&#8217;arriv\u00e9e des\u00a0fils par le bas ou par le haut de la baie\u00a0pour un branchement simplifi\u00e9. Elle est \u00e9galement dot\u00e9e de\u00a0<strong>rails<\/strong>\u00a0afin de changer comme on le souhaite sa profondeur. La baie\u00a0est munie\u00a0d&#8217;un\u00a0<strong>ch\u00e2ssis viss\u00e9\u00a0<\/strong>et de\u00a0<strong>parois lat\u00e9rales amovibles en t\u00f4le pleine<\/strong>. Cette baie\u00a0murale peut \u00eatre\u00a0<strong>mont\u00e9e au mur<\/strong>\u00a0sans aucun probl\u00e8mes !<\/p>\n","protected":false},"featured_media":958,"comment_status":"open","ping_status":"closed","template":"","meta":{"_joinchat":{"message_send":"Bonjour, cet article m'int\u00e9resse https:\/\/sodes-shop.com\/index.php\/product\/baie-de-brassage-9u\/"}},"product_cat":[42],"product_tag":[],"_links":{"self":[{"href":"https:\/\/sodes-shop.com\/index.php\/wp-json\/wp\/v2\/product\/957"}],"collection":[{"href":"https:\/\/sodes-shop.com\/index.php\/wp-json\/wp\/v2\/product"}],"about":[{"href":"https:\/\/sodes-shop.com\/index.php\/wp-json\/wp\/v2\/types\/product"}],"replies":[{"embeddable":true,"href":"https:\/\/sodes-shop.com\/index.php\/wp-json\/wp\/v2\/comments?post=957"}],"wp:featuredmedia":[{"embeddable":true,"href":"https:\/\/sodes-shop.com\/index.php\/wp-json\/wp\/v2\/media\/958"}],"wp:attachment":[{"href":"https:\/\/sodes-shop.com\/index.php\/wp-json\/wp\/v2\/media?parent=957"}],"wp:term":[{"taxonomy":"product_cat","embeddable":true,"href":"https:\/\/sodes-shop.com\/index.php\/wp-json\/wp\/v2\/product_cat?post=957"},{"taxonomy":"product_tag","embeddable":true,"href":"https:\/\/sodes-shop.com\/index.php\/wp-json\/wp\/v2\/product_tag?post=957"}],"curies":[{"name":"wp","href":"https:\/\/api.w.org\/{rel}","templated":true}]}}