{"id":955,"date":"2023-02-23T23:33:01","date_gmt":"2023-02-23T23:33:01","guid":{"rendered":"https:\/\/sodes-shop.com\/?post_type=product&#038;p=955"},"modified":"2023-03-08T11:23:04","modified_gmt":"2023-03-08T11:23:04","slug":"baie-de-brassage-6u","status":"publish","type":"product","link":"https:\/\/sodes-shop.com\/index.php\/product\/baie-de-brassage-6u\/","title":{"rendered":"Baie de brassage 6u"},"content":{"rendered":"<p>Cette petite baie de 330 mm de hauteur est tout \u00e0 fait<strong>\u00a0adapt\u00e9e pour une\u00a0utilisation int\u00e9rieure<\/strong>\u00a0et notamment\u00a0pour des\u00a0<strong>petites et moyennes installations<\/strong>.<br \/>\nCe type d&#8217;installation est\u00a0adapt\u00e9 au logement des\u00a0annexes informatiques et annexes de t\u00e9l\u00e9communication. D&#8217;un point de vue esth\u00e9tique, la petite baie permet de ranger et de cacher les c\u00e2bles pouvant \u00eatre en g\u00e9n\u00e9ral d\u00e9rangeants, de plus elle garantit un brassage int\u00e9rieur.<br \/>\nElle peut contenir de nombreux composants comme un tableau \u00e9l\u00e9ctrique coupl\u00e9 \u00e0 un onduleur, des syst\u00e8mes vid\u00e9o, des routeurs Ethernet, des terminaisons de fibre optique, des points d&#8217;acc\u00e8s sans fil etc. Le tout est bien s\u00fbr tr\u00e8s souvent interconnect\u00e9 gr\u00e2ce \u00e0 des paires torsad\u00e9es RJ45.<br \/>\nLe fait de rassembler tous les \u00e9quipements en un seul endroit permet, par exemple, aux employ\u00e9s d&#8217;une m\u00eame entreprise d&#8217;acc\u00e9der \u00e0 internet et de faire de l&#8217;intranet avec l&#8217;aide de routeurs et de switchs.<\/p>\n<ul>\n<li>1 Porte avant verre \u00e9quip\u00e9e d\u2019une serrure<\/li>\n<li>4 Montants avants et arri\u00e8res<\/li>\n<li>Entr\u00e9e des c\u00e2bles par le haut et le bas<\/li>\n<li>Panneaux lat\u00e9raux amovibles (serrure en option)<\/li>\n<li>Emplacement 2 ventilateurs (non inclus)<\/li>\n<li>Kit de 20 vis et \u00e9crous cage inclus<\/li>\n<li>Charge totale maximum 60 kg<\/li>\n<li>Largeur 600 mm Profondeur 600 mm Hauteur 370 mm (6U)<\/li>\n<\/ul>\n","protected":false},"excerpt":{"rendered":"<h3>\u00a0Caract\u00e9ristiques :<\/h3>\n<div>La petite baie est munie de<strong>\u00a0parois lat\u00e9rales en t\u00f4le amovibles<\/strong>\u00a0et d&#8217;une\u00a0porte vitr\u00e9e\u00a0s\u00e9curis\u00e9e\u00a0avec\u00a0<strong>syst\u00e8me verrouillable \u00e0 cl\u00e9<\/strong>.<\/div>\n<div>Cette baie pourra\u00a0laisser passer des c\u00e2bles par le haut, par le bas ou par l&#8217;arri\u00e8re\u00a0puisqu&#8217;elle est dot\u00e9e de caches amovibles. Des\u00a0fentes d&#8217;a\u00e9ration\u00a0sont \u00e9galement pr\u00e9sentes sur le to\u00eet de la petite baie.<\/div>\n","protected":false},"featured_media":956,"comment_status":"open","ping_status":"closed","template":"","meta":{"_joinchat":{"message_send":"Bonjour, cet article m'int\u00e9resse https:\/\/sodes-shop.com\/index.php\/product\/baie-de-brassage-6u\/"}},"product_cat":[42],"product_tag":[],"_links":{"self":[{"href":"https:\/\/sodes-shop.com\/index.php\/wp-json\/wp\/v2\/product\/955"}],"collection":[{"href":"https:\/\/sodes-shop.com\/index.php\/wp-json\/wp\/v2\/product"}],"about":[{"href":"https:\/\/sodes-shop.com\/index.php\/wp-json\/wp\/v2\/types\/product"}],"replies":[{"embeddable":true,"href":"https:\/\/sodes-shop.com\/index.php\/wp-json\/wp\/v2\/comments?post=955"}],"wp:featuredmedia":[{"embeddable":true,"href":"https:\/\/sodes-shop.com\/index.php\/wp-json\/wp\/v2\/media\/956"}],"wp:attachment":[{"href":"https:\/\/sodes-shop.com\/index.php\/wp-json\/wp\/v2\/media?parent=955"}],"wp:term":[{"taxonomy":"product_cat","embeddable":true,"href":"https:\/\/sodes-shop.com\/index.php\/wp-json\/wp\/v2\/product_cat?post=955"},{"taxonomy":"product_tag","embeddable":true,"href":"https:\/\/sodes-shop.com\/index.php\/wp-json\/wp\/v2\/product_tag?post=955"}],"curies":[{"name":"wp","href":"https:\/\/api.w.org\/{rel}","templated":true}]}}