{"id":953,"date":"2023-02-23T23:10:01","date_gmt":"2023-02-23T23:10:01","guid":{"rendered":"https:\/\/sodes-shop.com\/?post_type=product&#038;p=953"},"modified":"2025-11-03T21:18:09","modified_gmt":"2025-11-03T21:18:09","slug":"imprimente-zkp8005","status":"publish","type":"product","link":"https:\/\/sodes-shop.com\/index.php\/product\/imprimente-zkp8005\/","title":{"rendered":"IMPRIMANTE TICKET ZKTeco ZKP8005"},"content":{"rendered":"<ul>\n<li>Nom du mod\u00e8le\u00a0<strong>ZKP8005<\/strong><\/li>\n<li>M\u00e9thode d\u2019impression directe par ligne\u00a0<strong>thermique<\/strong><\/li>\n<li>Vitesse d\u2019impression 300 mm \/ sec<\/li>\n<li>Commandes d\u2019impression compatibles avec ESC \/ POS<\/li>\n<li>Imprimer la vie 100 km<\/li>\n<li>Options USB \/ S\u00e9rie \/ Etdernet<\/li>\n<li>Source A 12 * 24 points, 1,5 (W) * 3,0 (H) mm<\/li>\n<li>Source B 9 * 17 points, 1,1 (W) * 2,1 (H) mm<\/li>\n<li>ASCII alphanum\u00e9rique 12 \u00d7 24 points<\/li>\n<li>code \u00e0 barre<br \/>\n1D UPC-A \/ UPC-E \/ JAN13 (EAN13) \/ JAN8 (EAN8) \/ CODABAR \/ ITF \/ CODE39 \/, CODE93 \/ CODE128<\/li>\n<li>Code QR 2D<\/li>\n<li>D\u00e9part DC 24V \/ 2.5A<\/li>\n<li>Tiroir \u00e0 billets DC 24V \/ 1A<\/li>\n<li>Papier<\/li>\n<li>Type de papier rouleau de papier thermique<\/li>\n<li>Diam\u00e8tre du rouleau 83 mm<\/li>\n<li>Coupe-papier Coupe-papier automatique \u2013 Coupe compl\u00e8te ou partielle<\/li>\n<li>Temp\u00e9rature 0-45 \u00b0 C<\/li>\n<li>Humidit\u00e9 10% -80% Humidit\u00e9 relative C<\/li>\n<li>Poids 2Kg 2,2 Kg<\/li>\n<\/ul>\n","protected":false},"excerpt":{"rendered":"<h3>\u00a0Caract\u00e9ristiques :<\/h3>\n<p>L\u00e9ger et au design intelligent.Impression de haute qualit\u00e9 \u00e0 faible co\u00fbt,Impression \u00e0 haute vitesse et \u00e0 faible bruit.Connexion du tiroir-caisse.Installation facile du papier et maintenance rapide.Faible consommation d\u2019\u00e9nergie et faibles co\u00fbts d\u2019exploitation (aucune cartouche d\u2019encre n\u00e9cessaire).M\u00e9moire de donn\u00e9es int\u00e9gr\u00e9e (capable de recevoir des commandes d\u2019impression pendant l\u2019impression).<br \/>\nCompatible avec diff\u00e9rentes densit\u00e9s de bitmap pour l\u2019impression.Convient \u00e0 tous les types de syst\u00e8mes de point de vente pour les magasins, restaurants, syst\u00e8mes de contr\u00f4le, etc.<\/p>\n","protected":false},"featured_media":954,"comment_status":"open","ping_status":"closed","template":"","meta":{"_joinchat":{"message_send":"Bonjour, cet article m'int\u00e9resse https:\/\/sodes-shop.com\/index.php\/product\/imprimente-zkp8005\/"}},"product_cat":[23],"product_tag":[],"_links":{"self":[{"href":"https:\/\/sodes-shop.com\/index.php\/wp-json\/wp\/v2\/product\/953"}],"collection":[{"href":"https:\/\/sodes-shop.com\/index.php\/wp-json\/wp\/v2\/product"}],"about":[{"href":"https:\/\/sodes-shop.com\/index.php\/wp-json\/wp\/v2\/types\/product"}],"replies":[{"embeddable":true,"href":"https:\/\/sodes-shop.com\/index.php\/wp-json\/wp\/v2\/comments?post=953"}],"wp:featuredmedia":[{"embeddable":true,"href":"https:\/\/sodes-shop.com\/index.php\/wp-json\/wp\/v2\/media\/954"}],"wp:attachment":[{"href":"https:\/\/sodes-shop.com\/index.php\/wp-json\/wp\/v2\/media?parent=953"}],"wp:term":[{"taxonomy":"product_cat","embeddable":true,"href":"https:\/\/sodes-shop.com\/index.php\/wp-json\/wp\/v2\/product_cat?post=953"},{"taxonomy":"product_tag","embeddable":true,"href":"https:\/\/sodes-shop.com\/index.php\/wp-json\/wp\/v2\/product_tag?post=953"}],"curies":[{"name":"wp","href":"https:\/\/api.w.org\/{rel}","templated":true}]}}