{"id":927,"date":"2023-02-22T15:42:46","date_gmt":"2023-02-22T15:42:46","guid":{"rendered":"https:\/\/sodes-shop.com\/?post_type=product&#038;p=927"},"modified":"2023-02-23T11:15:45","modified_gmt":"2023-02-23T11:15:45","slug":"927","status":"publish","type":"product","link":"https:\/\/sodes-shop.com\/index.php\/product\/927\/","title":{"rendered":"AUTOCOMMUTATEUR PABX KX824 PANAXONIC"},"content":{"rendered":"","protected":false},"excerpt":{"rendered":"<h3>Principales caract\u00e9ristiques :<\/h3>\n<ul>\n<li>R\u00e9ception automatique \u00e0 3 niveaux avec guidage vocal.<\/li>\n<li>DISA (Direct Inward System Access) avec message.<\/li>\n<li>Message vocal int\u00e9gr\u00e9 (BV).<\/li>\n<li>Affichage de l\u2019ID de l\u2019appelant sur SLT et APT.<\/li>\n<li>Routage flexible des SMS.<\/li>\n<li>Personnalisation et maintenance intuitives.<\/li>\n<li>UCD (Uniform Call Distribution) avec message.<\/li>\n<li>Interphones, ouvre-portes et sonnettes.<\/li>\n<li>Configuration automatique pour le type de ligne ext\u00e9rieure (CO).<\/li>\n<li>Param\u00e9trage centralis\u00e9 des fonctionnalit\u00e9s du T7710 (mode PBX).<\/li>\n<li>Programmation PC (USB \/ RS232C) et maintenance facile.<\/li>\n<li>CO occup\u00e9.<\/li>\n<li>Gestion budg\u00e9taire.<\/li>\n<li>Calcul des frais d\u2019appel.<\/li>\n<\/ul>\n","protected":false},"featured_media":951,"comment_status":"open","ping_status":"closed","template":"","meta":{"_joinchat":[]},"product_cat":[43],"product_tag":[],"_links":{"self":[{"href":"https:\/\/sodes-shop.com\/index.php\/wp-json\/wp\/v2\/product\/927"}],"collection":[{"href":"https:\/\/sodes-shop.com\/index.php\/wp-json\/wp\/v2\/product"}],"about":[{"href":"https:\/\/sodes-shop.com\/index.php\/wp-json\/wp\/v2\/types\/product"}],"replies":[{"embeddable":true,"href":"https:\/\/sodes-shop.com\/index.php\/wp-json\/wp\/v2\/comments?post=927"}],"wp:featuredmedia":[{"embeddable":true,"href":"https:\/\/sodes-shop.com\/index.php\/wp-json\/wp\/v2\/media\/951"}],"wp:attachment":[{"href":"https:\/\/sodes-shop.com\/index.php\/wp-json\/wp\/v2\/media?parent=927"}],"wp:term":[{"taxonomy":"product_cat","embeddable":true,"href":"https:\/\/sodes-shop.com\/index.php\/wp-json\/wp\/v2\/product_cat?post=927"},{"taxonomy":"product_tag","embeddable":true,"href":"https:\/\/sodes-shop.com\/index.php\/wp-json\/wp\/v2\/product_tag?post=927"}],"curies":[{"name":"wp","href":"https:\/\/api.w.org\/{rel}","templated":true}]}}