{"id":919,"date":"2023-02-22T14:18:51","date_gmt":"2023-02-22T14:18:51","guid":{"rendered":"https:\/\/sodes-shop.com\/?post_type=product&#038;p=919"},"modified":"2023-02-22T15:28:52","modified_gmt":"2023-02-22T15:28:52","slug":"telephone-standard-kx-at7730sx","status":"publish","type":"product","link":"https:\/\/sodes-shop.com\/index.php\/product\/telephone-standard-kx-at7730sx\/","title":{"rendered":"T\u00e9l\u00e9phone standard KX-AT7730SX"},"content":{"rendered":"<div id=\"productDescription_feature_div\" class=\"celwidget\" data-feature-name=\"productDescription_after_ask-dp-search\" data-csa-c-type=\"widget\" data-csa-c-content-id=\"productDescription_after_ask-dp-search\" data-csa-c-slot-id=\"productDescription_feature_div\" data-csa-c-asin=\"\" data-csa-c-is-in-initial-active-row=\"false\" data-csa-c-id=\"fazstr-zwgxh-3z9cp6-h3s4ny\">\n<div>\n<div id=\"productDescription_feature_div\" class=\"a-row feature\" data-feature-name=\"productDescription\" data-template-name=\"productDescription\">\n<div id=\"productDescription\" class=\"a-section a-spacing-small\">\n<p>Le KX-AT7730 est le t\u00e9l\u00e9phone propri\u00e9taire le plus productif et le plus flexible \u00e0 ce jour. Son interface simple mais conviviale et ses touches de raccourci programmables permettent des op\u00e9rations tr\u00e8s productives. Le design flexible, mince et plat de ce t\u00e9l\u00e9phone exclusif signifie qu\u2019il s\u2019adapte \u00e0 tout type de design de bureau, disponible en noir et blanc pour correspondre au d\u00e9cor de votre bureau. Le tout KX-AT7730 est compatible avec les serveurs de communication pour cr\u00e9er des solutions bureautiques simples et faciles.<\/p>\n<\/div>\n<\/div>\n<\/div>\n<\/div>\n<div id=\"postPurchaseWhatsInTheBox_feature_div\" class=\"celwidget\" data-feature-name=\"postPurchaseWhatsInTheBox_after_ask-dp\" data-csa-c-type=\"widget\" data-csa-c-content-id=\"postPurchaseWhatsInTheBox_after_ask-dp\" data-csa-c-slot-id=\"postPurchaseWhatsInTheBox_feature_div\" data-csa-c-asin=\"\" data-csa-c-is-in-initial-active-row=\"false\" data-csa-c-id=\"oewhjd-diju4r-en9aeu-mew1w9\">\n<div id=\"whatsInTheBoxDeck\" class=\"a-section a-spacing-base celwidget\" data-csa-c-id=\"3kodld-vbk8me-ks6bn1-2eq9g\"><\/div>\n<\/div>\n","protected":false},"excerpt":{"rendered":"<h3>Principales caract\u00e9ristiques :<\/h3>\n<ul>\n<li>Dimensions de l\u2019emballage : 24,4 x 21,8 x 11 cm; 1,04 kilogrammes<\/li>\n<li>Num\u00e9ro de mod\u00e8le de l\u2019article : Panasonic KX-AT7730 SXB<\/li>\n<li>Particularit\u00e9s : Haut-parleur, Ce t\u00e9l\u00e9phone est compatible<\/li>\n<li>uniquement avec certains mod\u00e8les Panasonic<\/li>\n<li>EPABX, Navigator Key, 12 touches<\/li>\n<li>Programmables avec LED double couleur,<\/li>\n<li>Affichage de 16 caract\u00e8res sur un \u00e9cran LCD 1<\/li>\n<li>Ligne, message et lampe de sonnerie<\/li>\n<li>Autres caract\u00e9ristiques d\u2019affichage : Sans fil<\/li>\n<li>Couleur : Noir<\/li>\n<li>Ce qu\u2019il y a dans la bo\u00eete : Combin\u00e9, corps principal, manuel, cordon, etc.<\/li>\n<li>Fabricant : Panasonic Systems Networks Vietnam Co. Ltd<\/li>\n<li>Poids de l\u2019article : 1 kg 40 g<\/li>\n<\/ul>\n","protected":false},"featured_media":920,"comment_status":"open","ping_status":"closed","template":"","meta":{"_joinchat":[]},"product_cat":[43],"product_tag":[],"_links":{"self":[{"href":"https:\/\/sodes-shop.com\/index.php\/wp-json\/wp\/v2\/product\/919"}],"collection":[{"href":"https:\/\/sodes-shop.com\/index.php\/wp-json\/wp\/v2\/product"}],"about":[{"href":"https:\/\/sodes-shop.com\/index.php\/wp-json\/wp\/v2\/types\/product"}],"replies":[{"embeddable":true,"href":"https:\/\/sodes-shop.com\/index.php\/wp-json\/wp\/v2\/comments?post=919"}],"wp:featuredmedia":[{"embeddable":true,"href":"https:\/\/sodes-shop.com\/index.php\/wp-json\/wp\/v2\/media\/920"}],"wp:attachment":[{"href":"https:\/\/sodes-shop.com\/index.php\/wp-json\/wp\/v2\/media?parent=919"}],"wp:term":[{"taxonomy":"product_cat","embeddable":true,"href":"https:\/\/sodes-shop.com\/index.php\/wp-json\/wp\/v2\/product_cat?post=919"},{"taxonomy":"product_tag","embeddable":true,"href":"https:\/\/sodes-shop.com\/index.php\/wp-json\/wp\/v2\/product_tag?post=919"}],"curies":[{"name":"wp","href":"https:\/\/api.w.org\/{rel}","templated":true}]}}