{"id":916,"date":"2023-02-22T11:40:37","date_gmt":"2023-02-22T11:40:37","guid":{"rendered":"https:\/\/sodes-shop.com\/?post_type=product&#038;p=916"},"modified":"2026-01-04T06:42:36","modified_gmt":"2026-01-04T06:42:36","slug":"916","status":"publish","type":"product","link":"https:\/\/sodes-shop.com\/index.php\/product\/916\/","title":{"rendered":"T\u00e9l\u00e9phone fixe professionnel KX-TS500"},"content":{"rendered":"<h4><strong>T\u00e9l\u00e9phone \u00e9conomique avec fonctions de base<\/strong><\/h4>\n<ul>\n<li>R\u00e9f. fabricant : KX-TS500EXB<\/li>\n<li>EAN : 5025232272082<\/li>\n<li>Raccordement de ligne: Ligne analogique<\/li>\n<li>Nombre d\u2019appels simultan\u00e9s : 1<\/li>\n<li>Touches de fonction : Avec les appels de cl\u00e9 de liste \u00e9mis, Avec la touche R<\/li>\n<li>Compatible avec le module d\u2019extension :\u00a0 Non compatible avec le module<\/li>\n<li>Optimis\u00e9 pour Microsoft Lync :\u00a0 Non compatible avec Microsoft Lync<\/li>\n<li>R\u00e9glage du volume :\u00a0 Contr\u00f4le du volume des bornes<br \/>\nCompatible avec les aides auditives Non compatible avec les aides auditives<br \/>\nOrateur Non<br \/>\nMains libres Pas de mains libres<br \/>\nPrise de casque Pas de prise de casque<br \/>\nQualit\u00e9 sonore Son standard<br \/>\nAuto-aliment\u00e9 Auto-aliment\u00e9<br \/>\nType de fret Auto-aliment\u00e9 par ligne<br \/>\n\u00c9cran Pas d\u2019\u00e9cran<br \/>\nType d\u2019\u00e9cran Pas d\u2019\u00e9cran<br \/>\nClavier Avec pav\u00e9 num\u00e9rique<br \/>\nCouleur noir<br \/>\nIndicateur lumineux d\u2019appel Aucun voyant d\u2019appel<br \/>\nConnectivit\u00e9 Connexion RJ11, connexion RJ9<br \/>\nSupport mural Avec fixation murale<br \/>\nCompatibilit\u00e9 des crochets \u00e9lectroniques Non compatible avec le crochet \u00e9lectronique<\/li>\n<\/ul>\n<p>&nbsp;<\/p>\n<p>&nbsp;<\/p>\n","protected":false},"excerpt":{"rendered":"<h3>Caract\u00e9ristiques :<\/h3>\n<ul>\n<li>Les t\u00e9l\u00e9phones analogiques Panasonic se connectent directement \u00e0 une ligne analogique de votre choix.<\/li>\n<li>Le Panasonic KX-TS500 est tr\u00e8s \u00e9conomique et dispose des fonctions de communication de base.<\/li>\n<li>T\u00e9l\u00e9phone Panasonic tr\u00e8s \u00e9conomique.<\/li>\n<li>Touche R : Suspension de l\u2019appel.<\/li>\n<li>Renum\u00e9rotation au dernier num\u00e9ro.<\/li>\n<li>R\u00e9glage de la sonnerie.<\/li>\n<\/ul>\n","protected":false},"featured_media":918,"comment_status":"open","ping_status":"closed","template":"","meta":{"_joinchat":{"message_send":"Bonjour, cet article m'int\u00e9resse https:\/\/sodes-shop.com\/index.php\/product\/916\/"}},"product_cat":[23,43],"product_tag":[],"_links":{"self":[{"href":"https:\/\/sodes-shop.com\/index.php\/wp-json\/wp\/v2\/product\/916"}],"collection":[{"href":"https:\/\/sodes-shop.com\/index.php\/wp-json\/wp\/v2\/product"}],"about":[{"href":"https:\/\/sodes-shop.com\/index.php\/wp-json\/wp\/v2\/types\/product"}],"replies":[{"embeddable":true,"href":"https:\/\/sodes-shop.com\/index.php\/wp-json\/wp\/v2\/comments?post=916"}],"wp:featuredmedia":[{"embeddable":true,"href":"https:\/\/sodes-shop.com\/index.php\/wp-json\/wp\/v2\/media\/918"}],"wp:attachment":[{"href":"https:\/\/sodes-shop.com\/index.php\/wp-json\/wp\/v2\/media?parent=916"}],"wp:term":[{"taxonomy":"product_cat","embeddable":true,"href":"https:\/\/sodes-shop.com\/index.php\/wp-json\/wp\/v2\/product_cat?post=916"},{"taxonomy":"product_tag","embeddable":true,"href":"https:\/\/sodes-shop.com\/index.php\/wp-json\/wp\/v2\/product_tag?post=916"}],"curies":[{"name":"wp","href":"https:\/\/api.w.org\/{rel}","templated":true}]}}