{"id":905,"date":"2023-02-22T10:48:31","date_gmt":"2023-02-22T10:48:31","guid":{"rendered":"https:\/\/sodes-shop.com\/?post_type=product&#038;p=905"},"modified":"2025-12-17T16:38:59","modified_gmt":"2025-12-17T16:38:59","slug":"gsm-fixe-wirless-phone-fwp-6588","status":"publish","type":"product","link":"https:\/\/sodes-shop.com\/index.php\/product\/gsm-fixe-wirless-phone-fwp-6588\/","title":{"rendered":"GSM fixe wirless phone FWP 6588"},"content":{"rendered":"<p>Le t\u00e9l\u00e9phone de bureau sans fil ETS-6588 permet \u00e0 l\u2019utilisateur d\u2019acc\u00e9der \u00e0 la communication vocale sur le r\u00e9seau de t\u00e9l\u00e9phonie mobile GSM avec une carte SIM. Le t\u00e9l\u00e9phone de bureau est adapt\u00e9 \u00e0 la maison et au petit bureau pour communiquer. Il est livr\u00e9 avec deux options de carte SIM. Le t\u00e9l\u00e9phone est ouvert et accepte n\u2019importe quel fournisseur de carte SIM en d\u2019autres termes, toute carte SIM est autoris\u00e9e. Un moyen facile pour les personnes \u00e2g\u00e9es de rester en contact avec leur famille ainsi que pour les familles et les hommes d\u2019affaires d\u2019\u00e9conomiser sur les co\u00fbts.<\/p>\n<h2>Sp\u00e9cifications g\u00e9n\u00e9rales du fabricant.<\/h2>\n<div>Fr\u00e9quence: GSM 850\/900\/1800 \/ 1900MHz<\/div>\n<div>Source d\u2019alimentation: prise murale ou batterie<\/div>\n<div>Taille de la batterie: 800mAH<\/div>\n<div>Temps d\u2019utilisation: environ 2,5 heures<\/div>\n<div>Batterie en veille: environ 90 heures<\/div>\n","protected":false},"excerpt":{"rendered":"<h3>Caract\u00e9ristiques :<\/h3>\n<ul>\n<li>N\u00b0 de Mod\u00e8le : 6588<\/li>\n<li>SMS : Support<\/li>\n<li>Multi-Language : Support<\/li>\n<li>Platform : Mt6261m<\/li>\n<li>Sp\u00e9cifications : 0.8kg per pc<\/li>\n<li>R\u00e9pondre enregistrement d\u2032ordinateur Format audio : MP3<\/li>\n<li>Speed Dial : Support<\/li>\n<li>FM : Support<\/li>\n<li>Battery : 1000mAh<\/li>\n<li>Paquet de Transport : 20PCS\/Carton<\/li>\n<\/ul>\n","protected":false},"featured_media":909,"comment_status":"open","ping_status":"closed","template":"","meta":{"_joinchat":{"message_send":"Bonjour, ce produit m'int\u00e9resse https:\/\/sodes-shop.com\/index.php\/product\/gsm-fixe-wirless-phone-fwp-6588\/"}},"product_cat":[23,43],"product_tag":[],"_links":{"self":[{"href":"https:\/\/sodes-shop.com\/index.php\/wp-json\/wp\/v2\/product\/905"}],"collection":[{"href":"https:\/\/sodes-shop.com\/index.php\/wp-json\/wp\/v2\/product"}],"about":[{"href":"https:\/\/sodes-shop.com\/index.php\/wp-json\/wp\/v2\/types\/product"}],"replies":[{"embeddable":true,"href":"https:\/\/sodes-shop.com\/index.php\/wp-json\/wp\/v2\/comments?post=905"}],"wp:featuredmedia":[{"embeddable":true,"href":"https:\/\/sodes-shop.com\/index.php\/wp-json\/wp\/v2\/media\/909"}],"wp:attachment":[{"href":"https:\/\/sodes-shop.com\/index.php\/wp-json\/wp\/v2\/media?parent=905"}],"wp:term":[{"taxonomy":"product_cat","embeddable":true,"href":"https:\/\/sodes-shop.com\/index.php\/wp-json\/wp\/v2\/product_cat?post=905"},{"taxonomy":"product_tag","embeddable":true,"href":"https:\/\/sodes-shop.com\/index.php\/wp-json\/wp\/v2\/product_tag?post=905"}],"curies":[{"name":"wp","href":"https:\/\/api.w.org\/{rel}","templated":true}]}}