{"id":895,"date":"2023-02-22T09:40:17","date_gmt":"2023-02-22T09:40:17","guid":{"rendered":"https:\/\/sodes-shop.com\/?post_type=product&#038;p=895"},"modified":"2025-11-03T21:24:11","modified_gmt":"2025-11-03T21:24:11","slug":"repeteur-wifi-tl-wa850re","status":"publish","type":"product","link":"https:\/\/sodes-shop.com\/index.php\/product\/repeteur-wifi-tl-wa850re\/","title":{"rendered":"REPETEUR WIFI TL-WA850RE"},"content":{"rendered":"<p>Les d\u00e9bits WiFi maximum sont les d\u00e9bits physiques d\u00e9riv\u00e9s des sp\u00e9cifications de la norme IEEE 802.11. Le d\u00e9bit de donn\u00e9es WiFi et la couverture WiFi r\u00e9els ne sont pas garantis et varieront en fonction: 1) de facteurs environnementaux, y compris mat\u00e9riaux de construction, objets et obstacles, 2) conditions du r\u00e9seau, y compris interf\u00e9rences locales, volume et densit\u00e9 du trafic, emplacement du produit, complexit\u00e9 du r\u00e9seau et surcharge du r\u00e9seau, et 3) limitations du client, y compris les performances nominales, l&#8217;emplacement, la qualit\u00e9 de la connexion et la condition du client.<\/p>\n<p>Le produit peut ne pas \u00eatre compatible avec les routeurs ou les passerelles dont le firmware a \u00e9t\u00e9 modifi\u00e9, est bas\u00e9 sur des programmes \u00e0 source ouverte, ou est non standard ou obsol\u00e8te.<\/p>\n","protected":false},"excerpt":{"rendered":"<h3>Caract\u00e9ristiques :<\/h3>\n<ul>\n<li>Standards WiFi : IEEE 802.11n, IEEE 802.11g, IEEE 802.11b<\/li>\n<li>Fr\u00e9quence WiFi : 2.4~2.4835GHz<\/li>\n<li>D\u00e9bits Maximaux :\u00a0 11n: Jusqu&#8217;\u00e0 300Mbps (dynamique)<br \/>\n11g: Jusqu&#8217;\u00e0 54Mbps (dynamique)<br \/>\n11b: Jusqu&#8217;\u00e0 11Mbps (dynamique)<\/li>\n<li>Puissance de transmission : &lt; 20 dBm (EIRP)<\/li>\n<li>Modes WiFi : R\u00e9p\u00e9teur WiFi \/ Point d&#8217;acc\u00e8s<\/li>\n<li>S\u00e9curit\u00e9 WiFi : WEP 64\/128\/152-bit<br \/>\nWPA-PSK \/ WPA2-PSK<\/li>\n<li>Puissance de transmission : &lt; 20 dBm (EIRP)<\/li>\n<li><\/li>\n<\/ul>\n","protected":false},"featured_media":898,"comment_status":"open","ping_status":"closed","template":"","meta":{"_joinchat":{"message_send":"Bonjour, cet article m'int\u00e9resse https:\/\/sodes-shop.com\/index.php\/product\/repeteur-wifi-tl-wa850re\/"}},"product_cat":[23,44],"product_tag":[],"_links":{"self":[{"href":"https:\/\/sodes-shop.com\/index.php\/wp-json\/wp\/v2\/product\/895"}],"collection":[{"href":"https:\/\/sodes-shop.com\/index.php\/wp-json\/wp\/v2\/product"}],"about":[{"href":"https:\/\/sodes-shop.com\/index.php\/wp-json\/wp\/v2\/types\/product"}],"replies":[{"embeddable":true,"href":"https:\/\/sodes-shop.com\/index.php\/wp-json\/wp\/v2\/comments?post=895"}],"wp:featuredmedia":[{"embeddable":true,"href":"https:\/\/sodes-shop.com\/index.php\/wp-json\/wp\/v2\/media\/898"}],"wp:attachment":[{"href":"https:\/\/sodes-shop.com\/index.php\/wp-json\/wp\/v2\/media?parent=895"}],"wp:term":[{"taxonomy":"product_cat","embeddable":true,"href":"https:\/\/sodes-shop.com\/index.php\/wp-json\/wp\/v2\/product_cat?post=895"},{"taxonomy":"product_tag","embeddable":true,"href":"https:\/\/sodes-shop.com\/index.php\/wp-json\/wp\/v2\/product_tag?post=895"}],"curies":[{"name":"wp","href":"https:\/\/api.w.org\/{rel}","templated":true}]}}