{"id":893,"date":"2023-02-22T09:13:57","date_gmt":"2023-02-22T09:13:57","guid":{"rendered":"https:\/\/sodes-shop.com\/?post_type=product&#038;p=893"},"modified":"2023-02-22T10:13:03","modified_gmt":"2023-02-22T10:13:03","slug":"routeur-wifi-mf283u","status":"publish","type":"product","link":"https:\/\/sodes-shop.com\/index.php\/product\/routeur-wifi-mf283u\/","title":{"rendered":"Routeur WIFI MF283u"},"content":{"rendered":"<p>ZTE MF283U 4G ROUTEUR WIFI<\/p>\n<p>Il s\u2019agit d\u2019un routeur sans fil int\u00e9rieur 4G LTE qui prend en charge la connexion Internet haut d\u00e9bit et mobile. Fonctionne avec Airtel, Safaricom, Telkom, Faiba, etc.<\/p>\n<p>Il suffit de charger votre carte SIM avec des forfaits, de l\u2019ins\u00e9rer dans l\u2019emplacement Sim et de profiter d\u2019Internet haut d\u00e9bit<\/p>\n<p>Il a d\u2019autres emplacements:<\/p>\n<p>Quatre emplacements RJ45 pour connecter le c\u00e2ble Ethernet directement \u00e0 votre ordinateur<\/p>\n<p>Deux emplacements RJ11 pour connecter le disque dur du t\u00e9l\u00e9phone<\/p>\n<p>1 interface de connexion USB pour connecter des p\u00e9riph\u00e9riques USB tels que modem, disque flash, etcSon mode Wi-Fi est: 802.11 b \/ g \/ n; 2 X 2 MIMO, 2.4 &amp; 5.8G<br \/>\nLa vitesse Wi-Fi peut aller jusqu\u2019\u00e0 100Mbps<\/p>\n","protected":false},"excerpt":{"rendered":"<h3>Principales caract\u00e9ristiques :<\/h3>\n<ul>\n<li>FORME :LTE DL 4*2 MIMO<\/li>\n<li>R\u00c9SEAU : 2G \u2013 B4 ,3G \u2013 B1\/8 4G \u2013 FDD B1\/3\/5\/7\/8\/28, TDD B38\/40<\/li>\n<li>DIMENSION : 196 x 150 x 55mm<\/li>\n<li>WIFI 2*2 MIMO : 802,11b\/g\/n<\/li>\n<li>Indicateurs : lumineux LED (alimentation, t\u00e9l\u00e9phone, WiFi et r\u00e9seau)<\/li>\n<li>SIM : Carte SIM compl\u00e8te (1FF)<\/li>\n<li>CONNEXION WiFi : Jusqu\u2019\u00e0 32 utilisateurs \/ appareils simultan\u00e9s<\/li>\n<li>SYST\u00c8ME D\u2019EXPLOITATION : Win10, Win8, Win7, Windows XP, Vista, Linux,Mac OS<\/li>\n<\/ul>\n","protected":false},"featured_media":894,"comment_status":"open","ping_status":"closed","template":"","meta":{"_joinchat":[]},"product_cat":[44],"product_tag":[],"_links":{"self":[{"href":"https:\/\/sodes-shop.com\/index.php\/wp-json\/wp\/v2\/product\/893"}],"collection":[{"href":"https:\/\/sodes-shop.com\/index.php\/wp-json\/wp\/v2\/product"}],"about":[{"href":"https:\/\/sodes-shop.com\/index.php\/wp-json\/wp\/v2\/types\/product"}],"replies":[{"embeddable":true,"href":"https:\/\/sodes-shop.com\/index.php\/wp-json\/wp\/v2\/comments?post=893"}],"wp:featuredmedia":[{"embeddable":true,"href":"https:\/\/sodes-shop.com\/index.php\/wp-json\/wp\/v2\/media\/894"}],"wp:attachment":[{"href":"https:\/\/sodes-shop.com\/index.php\/wp-json\/wp\/v2\/media?parent=893"}],"wp:term":[{"taxonomy":"product_cat","embeddable":true,"href":"https:\/\/sodes-shop.com\/index.php\/wp-json\/wp\/v2\/product_cat?post=893"},{"taxonomy":"product_tag","embeddable":true,"href":"https:\/\/sodes-shop.com\/index.php\/wp-json\/wp\/v2\/product_tag?post=893"}],"curies":[{"name":"wp","href":"https:\/\/api.w.org\/{rel}","templated":true}]}}