{"id":884,"date":"2023-02-21T11:11:13","date_gmt":"2023-02-21T11:11:13","guid":{"rendered":"https:\/\/sodes-shop.com\/?post_type=product&#038;p=884"},"modified":"2023-02-22T10:14:25","modified_gmt":"2023-02-22T10:14:25","slug":"300mbps-wireless-n-speed-router-tl-wr840n","status":"publish","type":"product","link":"https:\/\/sodes-shop.com\/index.php\/product\/300mbps-wireless-n-speed-router-tl-wr840n\/","title":{"rendered":"300mbps Wireless N speed router  TL-WR840N"},"content":{"rendered":"<p>Le TL-WR840N de TP-Link est une solution haute vitesse compatible avec IEEE 802.11b\/g\/n. Bas\u00e9 sur la technologie 802.11n, le TL-WR840N offre aux utilisateurs des performances sans fil allant jusqu\u2019\u00e0 300 Mbps, ce qui peut r\u00e9pondre \u00e0 vos besoins de r\u00e9seau domestique les plus exigeants, tels que le streaming HD, les jeux en ligne et le t\u00e9l\u00e9chargement de fichiers volumineux.<\/p>\n<p>Configurez le TL-WR840N en quelques minutes gr\u00e2ce \u00e0 son interface Web intuitive et \u00e0 la puissante application Tether. Tether vous permet \u00e9galement de g\u00e9rer ses param\u00e8tres r\u00e9seau \u00e0 partir de n\u2019importe quel appareil Android ou iOS, y compris le contr\u00f4le parental et le contr\u00f4le d\u2019acc\u00e8s.<\/p>\n","protected":false},"excerpt":{"rendered":"<h3>Principales caract\u00e9ristiques :<\/h3>\n<ul>\n<li>Taux de transmission sans fil de 300 Mbps id\u00e9al pour les t\u00e2ches sensibles \u00e0 la bande passante et le travail de base<\/li>\n<li>Prend en charge le mode Point d\u2019acc\u00e8s pour cr\u00e9er un nouveau point d\u2019acc\u00e8s Wi-Fi<\/li>\n<li>Prend en charge le mode Range Extender pour augmenter la couverture sans fil existante dans votre pi\u00e8ce<\/li>\n<li>Le contr\u00f4le parental g\u00e8re quand et comment les appareils connect\u00e9s peuvent acc\u00e9der \u00e0 Internet<\/li>\n<li>IPTV prend en charge IGMP Proxy\/Snooping, Bridge et Tag VLAN pour optimiser le streaming IPTV<\/li>\n<li>compatible avec IPv6 (Internet Protocol version 6)<\/li>\n<li>Le r\u00e9seau invit\u00e9 fournit un acc\u00e8s s\u00e9par\u00e9 pour les invit\u00e9s tout en s\u00e9curisant le r\u00e9seau domestique<\/li>\n<\/ul>\n","protected":false},"featured_media":888,"comment_status":"open","ping_status":"closed","template":"","meta":{"_joinchat":[]},"product_cat":[44],"product_tag":[],"_links":{"self":[{"href":"https:\/\/sodes-shop.com\/index.php\/wp-json\/wp\/v2\/product\/884"}],"collection":[{"href":"https:\/\/sodes-shop.com\/index.php\/wp-json\/wp\/v2\/product"}],"about":[{"href":"https:\/\/sodes-shop.com\/index.php\/wp-json\/wp\/v2\/types\/product"}],"replies":[{"embeddable":true,"href":"https:\/\/sodes-shop.com\/index.php\/wp-json\/wp\/v2\/comments?post=884"}],"wp:featuredmedia":[{"embeddable":true,"href":"https:\/\/sodes-shop.com\/index.php\/wp-json\/wp\/v2\/media\/888"}],"wp:attachment":[{"href":"https:\/\/sodes-shop.com\/index.php\/wp-json\/wp\/v2\/media?parent=884"}],"wp:term":[{"taxonomy":"product_cat","embeddable":true,"href":"https:\/\/sodes-shop.com\/index.php\/wp-json\/wp\/v2\/product_cat?post=884"},{"taxonomy":"product_tag","embeddable":true,"href":"https:\/\/sodes-shop.com\/index.php\/wp-json\/wp\/v2\/product_tag?post=884"}],"curies":[{"name":"wp","href":"https:\/\/api.w.org\/{rel}","templated":true}]}}