{"id":881,"date":"2023-02-21T10:16:58","date_gmt":"2023-02-21T10:16:58","guid":{"rendered":"https:\/\/sodes-shop.com\/?post_type=product&#038;p=881"},"modified":"2025-11-03T21:08:34","modified_gmt":"2025-11-03T21:08:34","slug":"400mbps-wireless-n-speed-router-tl-wr940n","status":"publish","type":"product","link":"https:\/\/sodes-shop.com\/index.php\/product\/400mbps-wireless-n-speed-router-tl-wr940n\/","title":{"rendered":"400mbps Wireless N speed router  TL-WR940N"},"content":{"rendered":"<p>Le routeur sans fil N 450 Mbps TL-WR940N est un p\u00e9riph\u00e9rique de connexion r\u00e9seau filaire \/ sans fil combin\u00e9 con\u00e7u sp\u00e9cifiquement pour les besoins de r\u00e9seau des petites entreprises et des bureaux \u00e0 domicile. Gr\u00e2ce \u00e0 la technologie MIMO, le TL-WR940N cr\u00e9e des performances sans fil exceptionnelles et avanc\u00e9es, ce qui le rend id\u00e9al pour le streaming vid\u00e9o HD, VoIP et jeux en ligne. En outre, le bouton WPS sur l\u2019ext\u00e9rieur \u00e9l\u00e9gant et \u00e0 la mode assure le cryptage WPA2, emp\u00eachant le r\u00e9seau des intrusions ext\u00e9rieures.<\/p>\n<h5>Vitesse et port\u00e9e sans fil N<\/h5>\n<p>Conforme \u00e0 la norme IEEE 802.11n, le TL-WR940N peut \u00e9tablir un r\u00e9seau sans fil et obtenir jusqu\u2019\u00e0 18 fois la vitesse et 6 fois la port\u00e9e des produits 11g conventionnels. En outre, avec des taux de transmission allant jusqu\u2019\u00e0 450 Mbps, il montre d\u2019excellentes capacit\u00e9s d\u2019att\u00e9nuation de la perte de donn\u00e9es sur de longues distances et \u00e0 travers des obstacles dans un petit bureau ou un grand appartement, m\u00eame dans un b\u00e2timent en acier et en b\u00e9ton. Surtout, vous pouvez facilement capter le r\u00e9seau sans fil lors d\u2019une connexion longue distance l\u00e0 o\u00f9 les produits 11g h\u00e9rit\u00e9s ne le peuvent pas!<\/p>\n<h5>Meilleures performances sans fil<\/h5>\n<p>Le routeur a la vitesse n\u00e9cessaire pour fonctionner en douceur avec presque toutes les applications gourmandes en bande passante, y compris la VoIP, le streaming HD ou les jeux en ligne, sans d\u00e9calage. Gr\u00e2ce \u00e0 ses puissantes technologies N, le routeur est \u00e9galement capable d\u2019att\u00e9nuer la perte de donn\u00e9es sur de longues distances et \u00e0 travers des obstacles transformant votre maison et m\u00eame votre cour en un seul grand point chaud.<\/p>\n","protected":false},"excerpt":{"rendered":"<h3>Principales caract\u00e9ristiques :<\/h3>\n<ul>\n<li>Marque : TP-LINK\u00ae<\/li>\n<li>Nom du produit : Routeur sans fil N 450Mbps<\/li>\n<li>Num\u00e9ro de produit : TL-WR940N<\/li>\n<li>Interface : 4 PORTS LAN 10\/100Mbps , 1 PORT WAN 10\/100Mbps<\/li>\n<li>Bouton :Bouton marche \/ arr\u00eat sans fil, bouton WPS \/ R\u00e9initialisation,Bouton marche\/arr\u00eat<\/li>\n<li>Antenne : 3 * 5dBi Antenne omnidirectionnelle fixe<\/li>\n<li>Alimentation externe : 12VDC \/ 1A<\/li>\n<li>Normes sans fil : IEEE 802.11n, IEEE 802.11g, IEEE 802.11b<\/li>\n<li>Dimensions ( L x P x H ) : 9,1 x 5,7 x 1,4 po (230 x 144 x 35mm)<\/li>\n<li>Fr\u00e9quence : 2,4 \u00e0 2,4835 GHz<\/li>\n<li>Taux du signal : 11n: Jusqu\u2019\u00e0 450Mbps (dynamique) ,11g: Jusqu\u2019\u00e0 54Mbps (dynamique), 11b : Jusqu\u2019\u00e0 11 Mbit\/s (dynamique)<\/li>\n<li>Sensibilit\u00e9 \u00e0 la r\u00e9ception : 270M: -68dBm@10% PAR<br \/>\n130M: -68dBm@10% PAR<br \/>\n108M: -68dBm@10% PAR<br \/>\n54M: -68dBm@10% PAR<br \/>\n11M: -85dBm@8% PAR<br \/>\n6M: -88dBm@10% PAR<br \/>\n1M: -90dBm@8% PAR<\/li>\n<\/ul>\n","protected":false},"featured_media":882,"comment_status":"open","ping_status":"closed","template":"","meta":{"_joinchat":[]},"product_cat":[44],"product_tag":[],"_links":{"self":[{"href":"https:\/\/sodes-shop.com\/index.php\/wp-json\/wp\/v2\/product\/881"}],"collection":[{"href":"https:\/\/sodes-shop.com\/index.php\/wp-json\/wp\/v2\/product"}],"about":[{"href":"https:\/\/sodes-shop.com\/index.php\/wp-json\/wp\/v2\/types\/product"}],"replies":[{"embeddable":true,"href":"https:\/\/sodes-shop.com\/index.php\/wp-json\/wp\/v2\/comments?post=881"}],"wp:featuredmedia":[{"embeddable":true,"href":"https:\/\/sodes-shop.com\/index.php\/wp-json\/wp\/v2\/media\/882"}],"wp:attachment":[{"href":"https:\/\/sodes-shop.com\/index.php\/wp-json\/wp\/v2\/media?parent=881"}],"wp:term":[{"taxonomy":"product_cat","embeddable":true,"href":"https:\/\/sodes-shop.com\/index.php\/wp-json\/wp\/v2\/product_cat?post=881"},{"taxonomy":"product_tag","embeddable":true,"href":"https:\/\/sodes-shop.com\/index.php\/wp-json\/wp\/v2\/product_tag?post=881"}],"curies":[{"name":"wp","href":"https:\/\/api.w.org\/{rel}","templated":true}]}}