{"id":877,"date":"2023-02-21T10:05:36","date_gmt":"2023-02-21T10:05:36","guid":{"rendered":"https:\/\/sodes-shop.com\/?post_type=product&#038;p=877"},"modified":"2023-02-22T10:30:25","modified_gmt":"2023-02-22T10:30:25","slug":"fast-ethernet-switch-des-1024d","status":"publish","type":"product","link":"https:\/\/sodes-shop.com\/index.php\/product\/fast-ethernet-switch-des-1024d\/","title":{"rendered":"Fast Ethernet Switch DES-1024D"},"content":{"rendered":"<p>Avec le commutateur de bureau ou de rack non g\u00e9r\u00e9 D-Link 24 ports 10\/100, vous pouvez facilement \u00e9tendre votre r\u00e9seau professionnel ou domestique en ajoutant davantage d\u2019ordinateurs et d\u2019appareils, chacun atteignant des vitesses allant jusqu\u2019\u00e0 200 Mbit\/s par port en mode duplex int\u00e9gral. Connectez rapidement et en toute s\u00e9curit\u00e9 les employ\u00e9s travaillant dans de petits bureaux entre eux et avec tous les serveurs, imprimantes et autres p\u00e9riph\u00e9riques qu\u2019ils utilisent. Des performances \u00e9lev\u00e9es et une connectivit\u00e9 fiable permettent d\u2019acc\u00e9l\u00e9rer les transferts de fichiers et le traitement des donn\u00e9es, d\u2019am\u00e9liorer la disponibilit\u00e9 du r\u00e9seau et de garder vos employ\u00e9s connect\u00e9s et productifs.<\/p>\n<h1>D\u00e9veloppez et mettez \u00e0 niveau votre r\u00e9seau<\/h1>\n<p>Le DES-1024D offre aux TPE et aux petites et moyennes entreprises (PME) un moyen \u00e9conomique de b\u00e9n\u00e9ficier d\u2019une mise en r\u00e9seau \u00e0 haut d\u00e9bit. Il fournit vingt-quatre ports pour une extension facile de votre r\u00e9seau et un moyen rapide de mettre \u00e0 niveau votre r\u00e9seau vers la connectivit\u00e9 Fast Ethernet.<\/p>\n<h1>Facile \u00e0 installer et \u00e0 utiliser<\/h1>\n<p>Le DES-1024D ne n\u00e9cessite aucune configuration ou logiciel, ce qui rend l\u2019installation simple et sans tracas. Avec la prise en charge Auto-MDI\/MDI-X, vous n\u2019avez pas besoin de c\u00e2bles crois\u00e9s lorsque vous vous connectez \u00e0 un autre commutateur ou \u00e0 un ordinateur. De plus, le DES-1024D d\u00e9tecte automatiquement si les p\u00e9riph\u00e9riques r\u00e9seau connect\u00e9s fonctionnent \u00e0 10 Mbps ou 100 Mbps et s\u2019ajuste en cons\u00e9quence. Equip\u00e9 d\u2019un \u00e9cran LED complet, vous pouvez surveiller l\u2019\u00e9tat et l\u2019activit\u00e9 de chaque port en un coup d\u2019\u0153il.<\/p>\n<h1>Con\u00e7u avec l\u2019environnement \u00e0 l\u2019esprit<\/h1>\n<p>Le DES-1024D est \u00e9conome en \u00e9nergie et consomme peu d\u2019\u00e9nergie. Il utilise des emballages recyclables qui contribuent \u00e0 r\u00e9duire les d\u00e9chets, conform\u00e9ment \u00e0 la directive DEEE. Il est con\u00e7u de mani\u00e8re innovante pour fonctionner au frais et silencieux sans sacrifier les performances.<\/p>\n","protected":false},"excerpt":{"rendered":"<h3>Principales caract\u00e9ristiques :<\/h3>\n<ul>\n<li>Solution Gigabit \u00e9conomique pour les utilisateurs d\u2019ordinateurs de bureau d\u2019un groupe de travail<\/li>\n<li>24 ports Gigabit cuivre 10\/100\/1000 Mbps<\/li>\n<li>Capacit\u00e9 des switches de 48 Gbps<\/li>\n<li>Ajustement automatique MDI-I\/MDI-X en crois\u00e9 ou d\u00e9crois\u00e9 pour tous les ports<\/li>\n<li>M\u00e9thode de commutation s\u00e9curis\u00e9e store-and-forward<\/li>\n<li>Full\/half duplex pour les vitesses Ethernet\/Fast Ethernet<\/li>\n<li>2000 Mbps full duplex pour les vitesses Gigabit<\/li>\n<li>Contr\u00f4le de flux 802.3x<\/li>\n<li>Installation Plug-and-Play<\/li>\n<li>Facilement installables sur un bureau<\/li>\n<li>Rails de montage en rack inclus<\/li>\n<\/ul>\n","protected":false},"featured_media":878,"comment_status":"open","ping_status":"closed","template":"","meta":{"_joinchat":[]},"product_cat":[44],"product_tag":[],"_links":{"self":[{"href":"https:\/\/sodes-shop.com\/index.php\/wp-json\/wp\/v2\/product\/877"}],"collection":[{"href":"https:\/\/sodes-shop.com\/index.php\/wp-json\/wp\/v2\/product"}],"about":[{"href":"https:\/\/sodes-shop.com\/index.php\/wp-json\/wp\/v2\/types\/product"}],"replies":[{"embeddable":true,"href":"https:\/\/sodes-shop.com\/index.php\/wp-json\/wp\/v2\/comments?post=877"}],"wp:featuredmedia":[{"embeddable":true,"href":"https:\/\/sodes-shop.com\/index.php\/wp-json\/wp\/v2\/media\/878"}],"wp:attachment":[{"href":"https:\/\/sodes-shop.com\/index.php\/wp-json\/wp\/v2\/media?parent=877"}],"wp:term":[{"taxonomy":"product_cat","embeddable":true,"href":"https:\/\/sodes-shop.com\/index.php\/wp-json\/wp\/v2\/product_cat?post=877"},{"taxonomy":"product_tag","embeddable":true,"href":"https:\/\/sodes-shop.com\/index.php\/wp-json\/wp\/v2\/product_tag?post=877"}],"curies":[{"name":"wp","href":"https:\/\/api.w.org\/{rel}","templated":true}]}}