{"id":871,"date":"2023-02-21T09:38:16","date_gmt":"2023-02-21T09:38:16","guid":{"rendered":"https:\/\/sodes-shop.com\/?post_type=product&#038;p=871"},"modified":"2023-03-08T09:52:12","modified_gmt":"2023-03-08T09:52:12","slug":"fast-ethernet-switch-tl-sf1016d","status":"publish","type":"product","link":"https:\/\/sodes-shop.com\/index.php\/product\/fast-ethernet-switch-tl-sf1016d\/","title":{"rendered":"Fast Ethernet  Switch TL-SF1016D"},"content":{"rendered":"<p>Il s\u2019agit d\u2019un commutateur Fast Ethernet TL-SF1016D de nouvelle g\u00e9n\u00e9ration dot\u00e9 de fonctionnalit\u00e9s d\u2019\u00e9conomie d\u2019\u00e9nergie et de la derni\u00e8re technologie innovante capable d\u2019\u00e9tendre la capacit\u00e9 de votre r\u00e9seau avec moins d\u2019\u00e9nergie. Il ajuste automatiquement la consommation d\u2019\u00e9nergie en fonction de l\u2019\u00e9tat de la liaison et de la longueur du c\u00e2ble pour limiter l\u2019empreinte carbone sur votre r\u00e9seau.<\/p>\n<p>Il est \u00e9galement conforme \u00e0 la directive RoHS de l\u2019UE, interdisant l\u2019utilisation de certaines mati\u00e8res dangereuses. De plus, 70% du mat\u00e9riel d\u2019emballage est recyclable.<\/p>\n<h3>Facilit\u00e9 d\u2019utilisation<\/h3>\n<div>\n<p>La fonction de commutation automatique rend l\u2019installation rapide et sans tracas. Aucune configuration n\u2019est requise, Auto MDI\/MDIX \u00e9liminant le besoin de c\u00e2bles crois\u00e9s. La n\u00e9gociation automatique sur chaque port d\u00e9tecte la vitesse de liaison d\u2019un p\u00e9riph\u00e9rique r\u00e9seau (10, 100 Mbps) et s\u2019ajuste intelligemment pour une compatibilit\u00e9 et des performances optimales.<\/p>\n<\/div>\n<h3>Haute performance<\/h3>\n<div>\n<p>Le commutateur TL-SF1016D Fast Ethernet 10\/100Mbps fournit 16 ports de n\u00e9gociation automatique RJ45. Tous les ports prennent en charge la fonction Auto MDI\/MDIX, \u00e9liminant ainsi le besoin de croisement de c\u00e2bles ou de port de liaison montante. Dot\u00e9 d\u2019une architecture de commutation non bloquante, le TL-SF1016D transmet et filtre les paquets \u00e0 pleine vitesse filaire pour un d\u00e9bit maximal. Avec les trames Jumbo 10K, les performances des transferts de fichiers volumineux sont consid\u00e9rablement am\u00e9lior\u00e9es. Et le contr\u00f4le de flux IEEE 802.3x pour le mode duplex int\u00e9gral et la contre-pression pour le mode semi-duplex r\u00e9duisent la congestion du trafic.<\/p>\n<\/div>\n<h3>Fonctions du produit<\/h3>\n<div>\n<p>Le commutateur Fast Ethernet TL-SF1016D est con\u00e7u pour les utilisateurs SOHO (Small Office \/ Home Office) ou de groupe de travail. Tous les ports sont pris en charge auto MDI \/ MDIX, donc pas besoin de s\u2019inqui\u00e9ter du type de c\u00e2ble, il suffit de brancher et de jouer. De plus, gr\u00e2ce \u00e0 une technologie innovante d\u2019\u00e9conomie d\u2019\u00e9nergie, le TL-SF1016D peut \u00e9conomiser jusqu\u2019\u00e0 *70 % de la consommation d\u2019\u00e9nergie et 70 % des mat\u00e9riaux d\u2019emballage peuvent \u00eatre recycl\u00e9s, ce qui en fait une solution respectueuse de l\u2019environnement pour votre r\u00e9seau d\u2019entreprise.<\/p>\n<\/div>\n","protected":false},"excerpt":{"rendered":"<h3>\u00a0Caract\u00e9ristiques :<\/h3>\n<ul>\n<li>16 ports RJ45 10\/100Mbps Auto-Negotiation, Support Auto MDI \/ MDIX<\/li>\n<li>La technologie Green Ethernet permet d\u2019\u00e9conomiser jusqu\u2019\u00e0 70 % d\u2019\u00e9nergie<\/li>\n<li>Le contr\u00f4le de flux IEEE 802.3x assure un transfert de donn\u00e9es fiable<\/li>\n<li>Bo\u00eetier en plastique, con\u00e7u pour un montage de bureau \/ mural<\/li>\n<li>Plug and play, aucune configuration requise<\/li>\n<\/ul>\n","protected":false},"featured_media":873,"comment_status":"open","ping_status":"closed","template":"","meta":{"_joinchat":{"message_send":"Bonjour, cet article m'int\u00e9resse https:\/\/sodes-shop.com\/index.php\/product\/fast-ethernet-switch-tl-sf1016d\/"}},"product_cat":[23,44],"product_tag":[],"_links":{"self":[{"href":"https:\/\/sodes-shop.com\/index.php\/wp-json\/wp\/v2\/product\/871"}],"collection":[{"href":"https:\/\/sodes-shop.com\/index.php\/wp-json\/wp\/v2\/product"}],"about":[{"href":"https:\/\/sodes-shop.com\/index.php\/wp-json\/wp\/v2\/types\/product"}],"replies":[{"embeddable":true,"href":"https:\/\/sodes-shop.com\/index.php\/wp-json\/wp\/v2\/comments?post=871"}],"wp:featuredmedia":[{"embeddable":true,"href":"https:\/\/sodes-shop.com\/index.php\/wp-json\/wp\/v2\/media\/873"}],"wp:attachment":[{"href":"https:\/\/sodes-shop.com\/index.php\/wp-json\/wp\/v2\/media?parent=871"}],"wp:term":[{"taxonomy":"product_cat","embeddable":true,"href":"https:\/\/sodes-shop.com\/index.php\/wp-json\/wp\/v2\/product_cat?post=871"},{"taxonomy":"product_tag","embeddable":true,"href":"https:\/\/sodes-shop.com\/index.php\/wp-json\/wp\/v2\/product_tag?post=871"}],"curies":[{"name":"wp","href":"https:\/\/api.w.org\/{rel}","templated":true}]}}