{"id":863,"date":"2023-02-21T09:08:52","date_gmt":"2023-02-21T09:08:52","guid":{"rendered":"https:\/\/sodes-shop.com\/?post_type=product&#038;p=863"},"modified":"2025-12-25T17:40:09","modified_gmt":"2025-12-25T17:40:09","slug":"fast-ethernet-switch-poe-switch-ds-3e0326p-e-mb","status":"publish","type":"product","link":"https:\/\/sodes-shop.com\/index.php\/product\/fast-ethernet-switch-poe-switch-ds-3e0326p-e-mb\/","title":{"rendered":"Fast Ethernet switch POE switch DS-3E0326P-E\/M(B)"},"content":{"rendered":"<p>Le DS-3E0326P-E(B) est un commutateur PoE de couche 2 100 Mbit\/s. Bas\u00e9 sur le transfert filaire, le commutateur prend en charge l\u2019alimentation Ethernet PoE et le mode d\u2019extension. La distance d\u2019alimentation atteint jusqu\u2019\u00e0 300 m. Il prend \u00e9galement en charge la transmission pr\u00e9alable et stable de la vid\u00e9o de la zone de surveillance importante lorsqu\u2019il est connect\u00e9 aux ports hautement prioritaires.<\/p>\n<ul>\n<li>Gestion PoE intelligente. Lorsque l\u2019alimentation d\u00e9passe la limite, les ports PoE g\u00e8rent intelligemment l\u2019alimentation, ce qui prolonge la dur\u00e9e de vie du commutateur.<\/li>\n<li>Transmission PoE longue port\u00e9e jusqu\u2019\u00e0 300 m. La distance entre les IPC et le commutateur peut atteindre un maximum de 300 m\u00e8tres.<\/li>\n<li>Alimentation adaptative 4\/8 c\u0153urs avec moins de perte de puissance. L\u2019alimentation \u00e0 8 c\u0153urs r\u00e9duit la perte de puissance sur les c\u00e2bles.<\/li>\n<li>Protection contre les surtensions de 6 KV pour am\u00e9liorer la fiabilit\u00e9 dans les environnements difficiles. Le dispositif de protection contre les surtensions int\u00e9gr\u00e9 prot\u00e8ge l\u2019interrupteur de la foudre soudaine dans un environnement difficile.<\/li>\n<li>Conception pour la transmission vid\u00e9o. Le port VIP assure une transmission de donn\u00e9es importante en cas de congestion du r\u00e9seau.<\/li>\n<\/ul>\n<p>&nbsp;<\/p>\n","protected":false},"excerpt":{"rendered":"<h3>Principales caract\u00e9ristiques :<\/h3>\n<ul class=\"product_description_item-list\">\n<li class=\" product_description_item\">Gestion PoE intelligente. Lorsque l\u2019alimentation d\u00e9passe la limite, les ports PoE g\u00e8rent intelligemment l\u2019alimentation, ce qui prolonge la dur\u00e9e de vie du commutateur.<\/li>\n<li class=\" product_description_item\">Transmission PoE longue port\u00e9e jusqu\u2019\u00e0 300 m. La distance entre les IPC et le commutateur peut atteindre un maximum de 300 m\u00e8tres.<\/li>\n<li class=\" product_description_item\">Alimentation adaptative 4\/8 c\u0153urs avec moins de perte de puissance. L\u2019alimentation \u00e0 8 c\u0153urs r\u00e9duit la perte de puissance sur les c\u00e2bles.<\/li>\n<li class=\" product_description_item\">Protection contre les surtensions de 6 KV pour am\u00e9liorer la fiabilit\u00e9 dans les environnements difficiles. Le dispositif de protection contre les surtensions int\u00e9gr\u00e9 prot\u00e8ge l\u2019interrupteur de la foudre soudaine dans un environnement difficile.<\/li>\n<li class=\" product_description_item\">Conception pour la transmission vid\u00e9o. Le port VIP assure une transmission de donn\u00e9es importante en cas de congestion du r\u00e9seau.<\/li>\n<\/ul>\n","protected":false},"featured_media":869,"comment_status":"open","ping_status":"closed","template":"","meta":{"_joinchat":[]},"product_cat":[44],"product_tag":[],"_links":{"self":[{"href":"https:\/\/sodes-shop.com\/index.php\/wp-json\/wp\/v2\/product\/863"}],"collection":[{"href":"https:\/\/sodes-shop.com\/index.php\/wp-json\/wp\/v2\/product"}],"about":[{"href":"https:\/\/sodes-shop.com\/index.php\/wp-json\/wp\/v2\/types\/product"}],"replies":[{"embeddable":true,"href":"https:\/\/sodes-shop.com\/index.php\/wp-json\/wp\/v2\/comments?post=863"}],"wp:featuredmedia":[{"embeddable":true,"href":"https:\/\/sodes-shop.com\/index.php\/wp-json\/wp\/v2\/media\/869"}],"wp:attachment":[{"href":"https:\/\/sodes-shop.com\/index.php\/wp-json\/wp\/v2\/media?parent=863"}],"wp:term":[{"taxonomy":"product_cat","embeddable":true,"href":"https:\/\/sodes-shop.com\/index.php\/wp-json\/wp\/v2\/product_cat?post=863"},{"taxonomy":"product_tag","embeddable":true,"href":"https:\/\/sodes-shop.com\/index.php\/wp-json\/wp\/v2\/product_tag?post=863"}],"curies":[{"name":"wp","href":"https:\/\/api.w.org\/{rel}","templated":true}]}}