{"id":852,"date":"2023-02-21T08:43:05","date_gmt":"2023-02-21T08:43:05","guid":{"rendered":"https:\/\/sodes-shop.com\/?post_type=product&#038;p=852"},"modified":"2025-11-03T21:16:51","modified_gmt":"2025-11-03T21:16:51","slug":"fast-ethernet-switch-poe-switch-ds-3e0318p-e-mb","status":"publish","type":"product","link":"https:\/\/sodes-shop.com\/index.php\/product\/fast-ethernet-switch-poe-switch-ds-3e0318p-e-mb\/","title":{"rendered":"Fast Ethernet switch POE switch  DS-3E0318P-E\/M(B)"},"content":{"rendered":"<p>Le commutateur DS-3E0318P-E\/M(B) est un commutateur PoE longue port\u00e9e de couche 2, fournissant 16 ports PoE \u00d7 100 Mbps, 1 port RJ1000 \u00d7 45 Mbps et 1 \u00d7port SFP SFP 1000 Mbps. Le commutateur fournit une technologie PoE avanc\u00e9e et prend en charge le mode \u00e9tendu avec un acc\u00e8s longue port\u00e9e jusqu\u2019\u00e0 300 m. La transmission pr\u00e9alable et stable des vid\u00e9os importantes de la zone de surveillance peut \u00e9galement \u00eatre garantie lorsqu\u2019elle est connect\u00e9e aux ports hautement prioritaires. Le commutateur est fiable, facile \u00e0 installer et \u00e0 entretenir, et \u00e9quip\u00e9 de fonctions de commutation rapide. Avec plusieurs ports d\u2019acc\u00e8s, il est applicable pour l\u2019acc\u00e8s ou l\u2019agr\u00e9gation et le t\u00e9l\u00e9chargement de p\u00e9riph\u00e9riques LAN \u00e0 petite \u00e9chelle.<\/p>\n","protected":false},"excerpt":{"rendered":"<h3>Principales caract\u00e9ristiques :<\/h3>\n<ul>\n<li>Num\u00e9ro de port : 16 ports PoE 100 Mbps \u00d7, 1 port RJ1000 \u00d7 45 Mbps et 1 \u00d7port SFP SFP 1000 Mbps<\/li>\n<li>Port Type : Port RJ45, duplex int\u00e9gral, adaptatif MDI\/MDI-X<\/li>\n<li>Standard :IEEE 802.3, IEEE 802.3u, IEEE 802.3x<\/li>\n<li>Mode de transfert : Commutation en diff\u00e9r\u00e9<\/li>\n<li>Mode de travail : Mode standard (par d\u00e9faut); Mode d\u2019extension<\/li>\n<li>Ports hautement prioritaires : Ports 1 \u00e0 8<\/li>\n<li>Ports pour transmission longue distance Ports : 9 \u00e0 16<\/li>\n<li>Table d\u2019adresses MAC : 4 K<\/li>\n<li>Capacit\u00e9 de commutation : 7,2 Gbit\/s<\/li>\n<li>Taux de transfert de paquets : 5.356 Mpps<\/li>\n<li>Cache interne : 2,75 Mbits<\/li>\n<li>Norme PoE : IEEE 802.3af, IEEE 802.3at<\/li>\n<\/ul>\n","protected":false},"featured_media":857,"comment_status":"open","ping_status":"closed","template":"","meta":{"_joinchat":[]},"product_cat":[44],"product_tag":[],"_links":{"self":[{"href":"https:\/\/sodes-shop.com\/index.php\/wp-json\/wp\/v2\/product\/852"}],"collection":[{"href":"https:\/\/sodes-shop.com\/index.php\/wp-json\/wp\/v2\/product"}],"about":[{"href":"https:\/\/sodes-shop.com\/index.php\/wp-json\/wp\/v2\/types\/product"}],"replies":[{"embeddable":true,"href":"https:\/\/sodes-shop.com\/index.php\/wp-json\/wp\/v2\/comments?post=852"}],"wp:featuredmedia":[{"embeddable":true,"href":"https:\/\/sodes-shop.com\/index.php\/wp-json\/wp\/v2\/media\/857"}],"wp:attachment":[{"href":"https:\/\/sodes-shop.com\/index.php\/wp-json\/wp\/v2\/media?parent=852"}],"wp:term":[{"taxonomy":"product_cat","embeddable":true,"href":"https:\/\/sodes-shop.com\/index.php\/wp-json\/wp\/v2\/product_cat?post=852"},{"taxonomy":"product_tag","embeddable":true,"href":"https:\/\/sodes-shop.com\/index.php\/wp-json\/wp\/v2\/product_tag?post=852"}],"curies":[{"name":"wp","href":"https:\/\/api.w.org\/{rel}","templated":true}]}}