{"id":634,"date":"2023-02-19T14:55:38","date_gmt":"2023-02-19T14:55:38","guid":{"rendered":"https:\/\/sodes-shop.com\/?post_type=product&#038;p=634"},"modified":"2023-02-22T10:33:39","modified_gmt":"2023-02-22T10:33:39","slug":"fast-ethernet-switch-poe-switch-ds-3e0109p-e-mb","status":"publish","type":"product","link":"https:\/\/sodes-shop.com\/index.php\/product\/fast-ethernet-switch-poe-switch-ds-3e0109p-e-mb\/","title":{"rendered":"Fast Ethernet switch POE switch DS-3E0109P-E\/M(B)"},"content":{"rendered":"<p>Ports de liaison descendante du commutateur POE \u00e0 8 ports : 8 ports RJ45 (100M) avec prise en charge PoE, ports de liaison montante : 1 RJ45 (100M) ; Protocole PoE: 802.3af (PoE), 802.3at (PoE +), prise en charge PSE; Fonctions: mode CCTV jusqu\u2019\u00e0 250 m\u00e8tres, protection contre la foudre jusqu\u2019\u00e0 6kV; DC 48 V, consommation \u00e9lectrique 5W.<\/p>\n","protected":false},"excerpt":{"rendered":"<h3>Principales caract\u00e9ristiques :<\/h3>\n<ul class=\"product_description_item-list\">\n<li class=\"product_description_item\">Gestion PoE intelligente. Lorsque l\u2019alimentation d\u00e9passe la limite, les ports PoE g\u00e8rent intelligemment l\u2019alimentation, ce qui prolonge la dur\u00e9e de vie du commutateur.<\/li>\n<li class=\"product_description_item\">Transmission PoE longue port\u00e9e jusqu\u2019\u00e0 300 m. La distance entre les IPC et le commutateur peut atteindre un maximum de 300 m\u00e8tres.<\/li>\n<li class=\"product_description_item\">Alimentation adaptative 4\/8 c\u0153urs avec moins de perte de puissance. L\u2019alimentation \u00e0 8 c\u0153urs r\u00e9duit la perte de puissance sur les c\u00e2bles.<\/li>\n<li class=\"product_description_item\">Protection contre les surtensions de 6 KV pour am\u00e9liorer la fiabilit\u00e9 dans les environnements difficiles. Le dispositif de protection contre les surtensions int\u00e9gr\u00e9 prot\u00e8ge l\u2019interrupteur de la foudre soudaine dans un environnement difficile.<\/li>\n<\/ul>\n","protected":false},"featured_media":635,"comment_status":"open","ping_status":"closed","template":"","meta":{"_joinchat":[]},"product_cat":[44],"product_tag":[],"_links":{"self":[{"href":"https:\/\/sodes-shop.com\/index.php\/wp-json\/wp\/v2\/product\/634"}],"collection":[{"href":"https:\/\/sodes-shop.com\/index.php\/wp-json\/wp\/v2\/product"}],"about":[{"href":"https:\/\/sodes-shop.com\/index.php\/wp-json\/wp\/v2\/types\/product"}],"replies":[{"embeddable":true,"href":"https:\/\/sodes-shop.com\/index.php\/wp-json\/wp\/v2\/comments?post=634"}],"wp:featuredmedia":[{"embeddable":true,"href":"https:\/\/sodes-shop.com\/index.php\/wp-json\/wp\/v2\/media\/635"}],"wp:attachment":[{"href":"https:\/\/sodes-shop.com\/index.php\/wp-json\/wp\/v2\/media?parent=634"}],"wp:term":[{"taxonomy":"product_cat","embeddable":true,"href":"https:\/\/sodes-shop.com\/index.php\/wp-json\/wp\/v2\/product_cat?post=634"},{"taxonomy":"product_tag","embeddable":true,"href":"https:\/\/sodes-shop.com\/index.php\/wp-json\/wp\/v2\/product_tag?post=634"}],"curies":[{"name":"wp","href":"https:\/\/api.w.org\/{rel}","templated":true}]}}