{"id":628,"date":"2023-02-19T14:41:33","date_gmt":"2023-02-19T14:41:33","guid":{"rendered":"https:\/\/sodes-shop.com\/?post_type=product&#038;p=628"},"modified":"2023-03-08T10:02:23","modified_gmt":"2023-03-08T10:02:23","slug":"telephone-ip-de-bureau-gxp1620","status":"publish","type":"product","link":"https:\/\/sodes-shop.com\/index.php\/product\/telephone-ip-de-bureau-gxp1620\/","title":{"rendered":"T\u00e9l\u00e9phone ip de bureau GXP1620"},"content":{"rendered":"<p>e GXP1620 \/ 25 est un t\u00e9l\u00e9phone IP de base fiable pour les utilisateurs n\u00e9cessitant des fonctionnalit\u00e9s standard pour un volume d&#8217;appels faible \u00e0 moyen. Restez en contact avec les autres utilisateurs avec ses 2 lignes \/ comptes SIP, profitez d&#8217;un son HD d&#8217;une clart\u00e9 cristalline et utilisez ses ports 10\/100 mbps \u00e0 double commutation (avec PoE int\u00e9gr\u00e9 sur le GXP1625) pour un d\u00e9ploiement flexible. Optimisez votre productivit\u00e9 avec les fonctionnalit\u00e9s essentielles prises en charge, telles que la conf\u00e9rence \u00e0 trois et les 3 touches programmables programmables XML. Ensemble, ces fonctionnalit\u00e9s font du GXP1620 \/ 25 un t\u00e9l\u00e9phone IP de base simple \u00e0 utiliser et efficace.<\/p>\n<ul>\n<li>Protocole SIP<\/li>\n<li>2 comptes SIP \/\u00a02 appels entrants<\/li>\n<li>2 ports Ethernet 10\/100 Mbps auto-d\u00e9tection<\/li>\n<li>Full Duplex mains libres<\/li>\n<li>HD audio large bande<\/li>\n<li>L\u2019annulation de l\u2019\u00e9cho acoustique avanc\u00e9e et une excellente performance dans le traitement des chevauchements<\/li>\n<li>Compatible avec les casques Plantronics<\/li>\n<li>Ecran graphique LCD avec r\u00e9tro-\u00e9clairage 132\u00d748 pixels<\/li>\n<li>3 XML touches programmables contextuelles<\/li>\n<li>Conf\u00e9rence \u00e0 3<\/li>\n<li>Sonnerie \/ veille avec de la musique personnalis\u00e9e<\/li>\n<li>Enregistrement des appels<\/li>\n<li>Parleur avanc\u00e9e annulation d\u2019\u00e9cho acoustique<\/li>\n<li>R\u00e9pertoire jusqu\u2019\u00e0 500 contacts<\/li>\n<li>2 touches de ligne avec LED bicolore<\/li>\n<li>13 touches de fonction d\u00e9di\u00e9es pour: silence, les proth\u00e8ses auditives, le transfert, la conf\u00e9rence, le volume du haut-parleur, r\u00e9pertoire, messages, la pagination \/ interphone<\/li>\n<li>Montage mural possible<\/li>\n<li>Dimensions: 209 x 184,5 x 76,2 mm<\/li>\n<li>Poids: 0,73 kg<\/li>\n<\/ul>\n","protected":false},"excerpt":{"rendered":"<h3>Caract\u00e9ristiques :<\/h3>\n<p>Comme tous les t\u00e9l\u00e9phones IP Grandstream, le GXP1620 \/ 1625 est dot\u00e9 de la technologie de cryptage de s\u00e9curit\u00e9 \u00e0 la pointe de la technologie (SRTP et TLS). Le GXP1620 \/ 1625 prend en charge diverses options de provisionnement automatis\u00e9, notamment la configuration z\u00e9ro avec les PBX IP de la s\u00e9rie UCM de Grandstream, les fichiers XML crypt\u00e9s et le TR-069, pour faciliter le d\u00e9ploiement en masse.<\/p>\n","protected":false},"featured_media":904,"comment_status":"open","ping_status":"closed","template":"","meta":{"_joinchat":{"message_send":"Bonjour, cet article m'int\u00e9resse https:\/\/sodes-shop.com\/index.php\/product\/telephone-ip-de-bureau-gxp1620\/"}},"product_cat":[23,43],"product_tag":[],"_links":{"self":[{"href":"https:\/\/sodes-shop.com\/index.php\/wp-json\/wp\/v2\/product\/628"}],"collection":[{"href":"https:\/\/sodes-shop.com\/index.php\/wp-json\/wp\/v2\/product"}],"about":[{"href":"https:\/\/sodes-shop.com\/index.php\/wp-json\/wp\/v2\/types\/product"}],"replies":[{"embeddable":true,"href":"https:\/\/sodes-shop.com\/index.php\/wp-json\/wp\/v2\/comments?post=628"}],"wp:featuredmedia":[{"embeddable":true,"href":"https:\/\/sodes-shop.com\/index.php\/wp-json\/wp\/v2\/media\/904"}],"wp:attachment":[{"href":"https:\/\/sodes-shop.com\/index.php\/wp-json\/wp\/v2\/media?parent=628"}],"wp:term":[{"taxonomy":"product_cat","embeddable":true,"href":"https:\/\/sodes-shop.com\/index.php\/wp-json\/wp\/v2\/product_cat?post=628"},{"taxonomy":"product_tag","embeddable":true,"href":"https:\/\/sodes-shop.com\/index.php\/wp-json\/wp\/v2\/product_tag?post=628"}],"curies":[{"name":"wp","href":"https:\/\/api.w.org\/{rel}","templated":true}]}}