{"id":622,"date":"2023-02-19T14:33:08","date_gmt":"2023-02-19T14:33:08","guid":{"rendered":"https:\/\/sodes-shop.com\/?post_type=product&#038;p=622"},"modified":"2023-03-08T11:16:06","modified_gmt":"2023-03-08T11:16:06","slug":"baie-de-brassage-4u","status":"publish","type":"product","link":"https:\/\/sodes-shop.com\/index.php\/product\/baie-de-brassage-4u\/","title":{"rendered":"Baie de brassage 4u"},"content":{"rendered":"<h3>Fonctions de la baie de brassage murale<\/h3>\n<div>Ce type d&#8217;installation est adapt\u00e9 au logement des\u00a0<strong>annexes informatiques<\/strong>\u00a0et\u00a0<strong>annexes de t\u00e9l\u00e9communication<\/strong>. D&#8217;un point de vue esth\u00e9tique, la baie murale permet de ranger et de cacher les c\u00e2bles pouvant\u00a0\u00eatre en g\u00e9n\u00e9ral d\u00e9rangeants, de plus\u00a0<strong>elle garantit un brassage int\u00e9rieur<\/strong>.<br \/>\nElle\u00a0peut \u00e9galement contenir de nombreux\u00a0composants comme\u00a0un\u00a0<strong>tableau \u00e9l\u00e9ctrique coupl\u00e9 \u00e0 un onduleur<\/strong>, des\u00a0<strong>syst\u00e8mes vid\u00e9o<\/strong>, des\u00a0<strong>routeurs Ethernet<\/strong>, des\u00a0<strong>terminaisons de fibre optique<\/strong>, des\u00a0<strong>points d&#8217;acc\u00e8s sans fil\u00a0<\/strong>etc.\u00a0Le tout est\u00a0bien s\u00fbr tr\u00e8s\u00a0souvent interconnect\u00e9 gr\u00e2ce \u00e0 des paires torsad\u00e9es RJ-45.<\/div>\n","protected":false},"excerpt":{"rendered":"<h3>Caract\u00e9ristiques :<\/h3>\n<p>Cette baie, \u00e9quip\u00e9e d&#8217;une\u00a0<strong>porte vitr\u00e9e en verre s\u00e9curis\u00e9e<\/strong>\u00a0(avec syst\u00e8me de serrure et\u00a0cl\u00e9)\u00a0et de\u00a0<strong>fentes de ventilation<\/strong>, est id\u00e9ale\u00a0pour contenir tout votre \u00e9quipement r\u00e9seau. De plus, elle<strong>\u00a0se fixe sur un mur sans aucune difficult\u00e9<\/strong>.<br \/>\nElle est munie de\u00a0<strong>t\u00f4les d&#8217;acier robustes<\/strong>\u00a0(1.2 mm) pouvant accueillir jusqu&#8217;\u00e0\u00a0<strong>20 kilos<\/strong>\u00a0de c\u00e2bles et \u00e9quipements.<\/p>\n","protected":false},"featured_media":623,"comment_status":"open","ping_status":"closed","template":"","meta":{"_joinchat":{"message_send":"Bonjour, cet article m'int\u00e9resse https:\/\/sodes-shop.com\/index.php\/product\/baie-de-brassage-4u\/"}},"product_cat":[42,23],"product_tag":[],"_links":{"self":[{"href":"https:\/\/sodes-shop.com\/index.php\/wp-json\/wp\/v2\/product\/622"}],"collection":[{"href":"https:\/\/sodes-shop.com\/index.php\/wp-json\/wp\/v2\/product"}],"about":[{"href":"https:\/\/sodes-shop.com\/index.php\/wp-json\/wp\/v2\/types\/product"}],"replies":[{"embeddable":true,"href":"https:\/\/sodes-shop.com\/index.php\/wp-json\/wp\/v2\/comments?post=622"}],"wp:featuredmedia":[{"embeddable":true,"href":"https:\/\/sodes-shop.com\/index.php\/wp-json\/wp\/v2\/media\/623"}],"wp:attachment":[{"href":"https:\/\/sodes-shop.com\/index.php\/wp-json\/wp\/v2\/media?parent=622"}],"wp:term":[{"taxonomy":"product_cat","embeddable":true,"href":"https:\/\/sodes-shop.com\/index.php\/wp-json\/wp\/v2\/product_cat?post=622"},{"taxonomy":"product_tag","embeddable":true,"href":"https:\/\/sodes-shop.com\/index.php\/wp-json\/wp\/v2\/product_tag?post=622"}],"curies":[{"name":"wp","href":"https:\/\/api.w.org\/{rel}","templated":true}]}}