{"id":607,"date":"2023-02-19T13:59:04","date_gmt":"2023-02-19T13:59:04","guid":{"rendered":"https:\/\/sodes-shop.com\/?post_type=product&#038;p=607"},"modified":"2025-11-03T21:15:31","modified_gmt":"2025-11-03T21:15:31","slug":"controleur-dacces-ds-k2804","status":"publish","type":"product","link":"https:\/\/sodes-shop.com\/index.php\/product\/controleur-dacces-ds-k2804\/","title":{"rendered":"Contr\u00f4leur d\u2019acc\u00e8s DS-K2804"},"content":{"rendered":"<p>DS-K2800 est une s\u00e9rie de contr\u00f4leurs d&#8217;acc\u00e8s puissants et stables, utilisant le<br \/>\nconception d&#8217;architecture logique. La liaison montante et la liaison descendante adoptent TCP\/IP et<br \/>\nwiegand communiquent respectivement. Son signal trait\u00e9 avec des<br \/>\nchiffrement et peut \u00eatre ex\u00e9cut\u00e9 hors ligne. La fonction anti-effraction est \u00e9galement<br \/>\nprise en charge.<\/p>\n","protected":false},"excerpt":{"rendered":"<h3>Principales caract\u00e9ristiques :<\/h3>\n<ul>\n<li>Processeur haute vitesse 32 bits<\/li>\n<li>\u00a0Communication r\u00e9seau TCP\/IP, avec<br \/>\ninterface r\u00e9seau auto-adaptative. Le<br \/>\nles donn\u00e9es de communication sont crypt\u00e9es pour assurer<br \/>\nla s\u00e9curit\u00e9 des informations<\/li>\n<li>Prend en charge l&#8217;interface Wiegand pour acc\u00e9der<br \/>\nlecteur de cartes. L&#8217;interface Wiegand prend en charge<br \/>\nW26\/ W34 et est parfaitement compatible<br \/>\navec lecteur de carte tiers<\/li>\n<li>\u00a0Stockage massif avec 10 000 cartes<br \/>\ninformations et 50 000 enregistrements de lecture de carte<\/li>\n<li>\u00a0Prend en charge la premi\u00e8re fonction de carte, la super carte et<br \/>\nfonction super mot de passe, mise \u00e0 niveau en ligne<br \/>\nfonction et t\u00e9l\u00e9commande en ligne du<br \/>\ndes portes<\/li>\n<\/ul>\n","protected":false},"featured_media":608,"comment_status":"open","ping_status":"closed","template":"","meta":{"_joinchat":[]},"product_cat":[39,40],"product_tag":[],"_links":{"self":[{"href":"https:\/\/sodes-shop.com\/index.php\/wp-json\/wp\/v2\/product\/607"}],"collection":[{"href":"https:\/\/sodes-shop.com\/index.php\/wp-json\/wp\/v2\/product"}],"about":[{"href":"https:\/\/sodes-shop.com\/index.php\/wp-json\/wp\/v2\/types\/product"}],"replies":[{"embeddable":true,"href":"https:\/\/sodes-shop.com\/index.php\/wp-json\/wp\/v2\/comments?post=607"}],"wp:featuredmedia":[{"embeddable":true,"href":"https:\/\/sodes-shop.com\/index.php\/wp-json\/wp\/v2\/media\/608"}],"wp:attachment":[{"href":"https:\/\/sodes-shop.com\/index.php\/wp-json\/wp\/v2\/media?parent=607"}],"wp:term":[{"taxonomy":"product_cat","embeddable":true,"href":"https:\/\/sodes-shop.com\/index.php\/wp-json\/wp\/v2\/product_cat?post=607"},{"taxonomy":"product_tag","embeddable":true,"href":"https:\/\/sodes-shop.com\/index.php\/wp-json\/wp\/v2\/product_tag?post=607"}],"curies":[{"name":"wp","href":"https:\/\/api.w.org\/{rel}","templated":true}]}}