{"id":605,"date":"2023-02-19T13:53:46","date_gmt":"2023-02-19T13:53:46","guid":{"rendered":"https:\/\/sodes-shop.com\/?post_type=product&#038;p=605"},"modified":"2023-02-25T16:25:41","modified_gmt":"2023-02-25T16:25:41","slug":"alarme-mh-al-2250w","status":"publish","type":"product","link":"https:\/\/sodes-shop.com\/index.php\/product\/alarme-mh-al-2250w\/","title":{"rendered":"Alarme MH AL 2250W"},"content":{"rendered":"<p>La sir\u00e8ne ext\u00e9rieure est sp\u00e9cialement con\u00e7ue pour r\u00e9sister efficacement aux intemp\u00e9ries. Aliment\u00e9e par secteur, cette sir\u00e8ne se connecte \u00e0 la centrale d&#8217;alarme par liaison radio et retentit en cas d&#8217;intrusion rep\u00e9r\u00e9e par l&#8217;un des d\u00e9tecteurs.<\/p>\n<p>Vous pouvez \u00e9galement utiliser cette sir\u00e8ne comme alarme ind\u00e9pendante en lui connectant des accessoires par liaison radio.<\/p>\n","protected":false},"excerpt":{"rendered":"<h3>Principales caract\u00e9ristiques :<\/h3>\n<ul>\n<li>Sir\u00e8ne pour utilisation ext\u00e9rieure<\/li>\n<li>Installation et maintenance? facile<\/li>\n<li>Design moderne<\/li>\n<li>Peut fonctionner en tant qu&#8217;alarme ind\u00e9pendante<\/li>\n<li>Possibilit\u00e9 d&#8217;interconnecter jusqu&#8217;\u00e0 22 accessoires compatibles<\/li>\n<li>Flash rouge en cas d&#8217;alerte<\/li>\n<li>Branchement sur secteur<\/li>\n<li>Interconnectable en Wifi \u00e0 la centrale d&#8217;alarme<strong><br \/>\n<\/strong><\/li>\n<li>Puissance de l&#8217;Alarme Sonore : 120dB \u00e0 3m<\/li>\n<li>Temp\u00e9rature de fonctionnement : 0\u00b0C \u00e0 45\u00b0C<\/li>\n<\/ul>\n","protected":false},"featured_media":606,"comment_status":"open","ping_status":"closed","template":"","meta":{"_joinchat":[]},"product_cat":[38],"product_tag":[],"_links":{"self":[{"href":"https:\/\/sodes-shop.com\/index.php\/wp-json\/wp\/v2\/product\/605"}],"collection":[{"href":"https:\/\/sodes-shop.com\/index.php\/wp-json\/wp\/v2\/product"}],"about":[{"href":"https:\/\/sodes-shop.com\/index.php\/wp-json\/wp\/v2\/types\/product"}],"replies":[{"embeddable":true,"href":"https:\/\/sodes-shop.com\/index.php\/wp-json\/wp\/v2\/comments?post=605"}],"wp:featuredmedia":[{"embeddable":true,"href":"https:\/\/sodes-shop.com\/index.php\/wp-json\/wp\/v2\/media\/606"}],"wp:attachment":[{"href":"https:\/\/sodes-shop.com\/index.php\/wp-json\/wp\/v2\/media?parent=605"}],"wp:term":[{"taxonomy":"product_cat","embeddable":true,"href":"https:\/\/sodes-shop.com\/index.php\/wp-json\/wp\/v2\/product_cat?post=605"},{"taxonomy":"product_tag","embeddable":true,"href":"https:\/\/sodes-shop.com\/index.php\/wp-json\/wp\/v2\/product_tag?post=605"}],"curies":[{"name":"wp","href":"https:\/\/api.w.org\/{rel}","templated":true}]}}