{"id":602,"date":"2023-02-19T13:49:23","date_gmt":"2023-02-19T13:49:23","guid":{"rendered":"https:\/\/sodes-shop.com\/?post_type=product&#038;p=602"},"modified":"2025-08-07T20:04:33","modified_gmt":"2025-08-07T20:04:33","slug":"declencheur-manuel-incendie","status":"publish","type":"product","link":"https:\/\/sodes-shop.com\/index.php\/product\/declencheur-manuel-incendie\/","title":{"rendered":"D\u00e9clencheur manuel incendie"},"content":{"rendered":"<p>Cet \u00e9quipement de s\u00e9curit\u00e9 incendie a pour objectif de pouvoir assurer la\u00a0<strong>s\u00e9curit\u00e9 des personnes<\/strong>\u00a0pr\u00e9sentes \u00e0 l\u2019int\u00e9rieur d\u2019un b\u00e2timent. Ainsi, en cas de d\u00e9but<\/p>\n<p>d\u2019incendie, l\u2019alarme permet de pouvoir tr\u00e8s rapidement le d\u00e9tecter et avertir gr\u00e2ce \u00e0 un\u00a0<strong>signal sonore<\/strong>.<\/p>\n<p>Une alarme incendie sert \u00e0\u00a0<b>pr\u00e9venir les individus<\/b>\u00a0occupant un site ou \u00e9tablissement qu\u2019un incident vient de se d\u00e9clarer. Celle-ci poss\u00e8de un r\u00f4le cl\u00e9 dans la\u00a0s\u00e9curit\u00e9 incendie\u00a0d\u2019un b\u00e2timent.<\/p>\n<h2>Fonctionnement d\u2019une alarme incendie<\/h2>\n<p>Pour bien choisir son alarme incendie, il est essentiel de d\u00e9finir le nombre de pi\u00e8ces \u00e0 prot\u00e9ger ainsi que la surface de chaque pi\u00e8ce. En effet, la port\u00e9e des d\u00e9tecteurs de fum\u00e9e diff\u00e8re d\u2019une alarme \u00e0 un autre.<\/p>\n<ul>\n<li>Condition : Type A environnement int\u00e9rieur<\/li>\n<li>Alimentation : 1 pile lithium 3 V 1300 mA<\/li>\n<li>Autonomie radio : 10 ans (max)<\/li>\n<li>Distance max entre chaque membre : 100m en champ libre 30m en champ ferm\u00e9<\/li>\n<li>Montage saillie<\/li>\n<li>Temp\u00e9rature de fonctionnement : -10\u00b0C a + 50\u00b0C<\/li>\n<li>Indice de protection : IP 40 \/ IK 07-<\/li>\n<li>Mati\u00e8re DM : ABS<\/li>\n<li>Mati\u00e8re volet de protection : Polycarbonate<\/li>\n<li>Couleurs : Rouge -(Volet de protection : translucide)<\/li>\n<li>Poids : Net 260g Brut 300g-<\/li>\n<li>Dimensions : 102x102x71mm (LxhxP)<\/li>\n<\/ul>\n","protected":false},"excerpt":{"rendered":"<h3>Caract\u00e9ristiques :<\/h3>\n<p style=\"text-align: left;\">L\u2019alarme incendie est une installation \u00e9lectronique permettant de d\u00e9tecter\u00a0toute naissance de fum\u00e9e que ce soit dans un local, une pi\u00e8ce ou un lieu afin d\u2019<strong>\u00e9chapper au plus vite \u00e0 un incendie<\/strong>\u00a0et de\u00a0<strong>rendre l\u2019\u00e9vacuation\u00a0<\/strong>des occupants plus facile. En se mettant en marche, l\u2019alarme incendie \u00e9met<strong>\u00a0un son tr\u00e8s bruyant<\/strong>\u00a0d\u00e8s qu\u2019elle soup\u00e7onne\u00a0quelque chose de suspect. Elle peut \u00e9galement \u00eatre d\u00e9clench\u00e9e\u00a0<strong>manuellement\u00a0<\/strong>par simple pression par une personne t\u00e9moin d\u2019un d\u00e9part de feu afin d\u2019avertir l\u2019ensemble des occupants d\u2019un b\u00e2timent ou d\u2019un local.<\/p>\n","protected":false},"featured_media":603,"comment_status":"open","ping_status":"closed","template":"","meta":{"_joinchat":{"message_send":"Bonjour, cet article m'int\u00e9resse https:\/\/sodes-shop.com\/index.php\/product\/declencheur-manuel-incendie\/"}},"product_cat":[23,38],"product_tag":[],"_links":{"self":[{"href":"https:\/\/sodes-shop.com\/index.php\/wp-json\/wp\/v2\/product\/602"}],"collection":[{"href":"https:\/\/sodes-shop.com\/index.php\/wp-json\/wp\/v2\/product"}],"about":[{"href":"https:\/\/sodes-shop.com\/index.php\/wp-json\/wp\/v2\/types\/product"}],"replies":[{"embeddable":true,"href":"https:\/\/sodes-shop.com\/index.php\/wp-json\/wp\/v2\/comments?post=602"}],"wp:featuredmedia":[{"embeddable":true,"href":"https:\/\/sodes-shop.com\/index.php\/wp-json\/wp\/v2\/media\/603"}],"wp:attachment":[{"href":"https:\/\/sodes-shop.com\/index.php\/wp-json\/wp\/v2\/media?parent=602"}],"wp:term":[{"taxonomy":"product_cat","embeddable":true,"href":"https:\/\/sodes-shop.com\/index.php\/wp-json\/wp\/v2\/product_cat?post=602"},{"taxonomy":"product_tag","embeddable":true,"href":"https:\/\/sodes-shop.com\/index.php\/wp-json\/wp\/v2\/product_tag?post=602"}],"curies":[{"name":"wp","href":"https:\/\/api.w.org\/{rel}","templated":true}]}}