{"id":598,"date":"2023-02-19T13:43:43","date_gmt":"2023-02-19T13:43:43","guid":{"rendered":"https:\/\/sodes-shop.com\/?post_type=product&#038;p=598"},"modified":"2023-02-25T16:03:24","modified_gmt":"2023-02-25T16:03:24","slug":"detecteur-de-fumee-fs1105o-elro","status":"publish","type":"product","link":"https:\/\/sodes-shop.com\/index.php\/product\/detecteur-de-fumee-fs1105o-elro\/","title":{"rendered":"D\u00e9tecteur de fum\u00e9e FS1105O ELRO"},"content":{"rendered":"<p>Le d\u00e9tecteur de fum\u00e9e ELRO FS1105P vous avertit \u00e0 temps en cas d\u2019incendie. Vous raccordez ce d\u00e9tecteur au r\u00e9seau lumineux. De cette mani\u00e8re, vous pouvez le connecter \u00e0 plusieurs d\u00e9tecteurs de fum\u00e9e. Lorsqu\u2019un d\u00e9tecteur d\u00e9tecte de la fum\u00e9e, tous les d\u00e9tecteurs de fum\u00e9e fonctionnent dans la maison. Le d\u00e9tecteur de fum\u00e9e FS1105P est livr\u00e9 avec une batterie de secours en cas de panne de courant. Cette batterie de secours dure 5 ans.<\/p>\n<p>Ce d\u00e9tecteur d\u2019ELRO dispose d\u2019un capteur optique de haute qualit\u00e9. Ce capteur r\u00e9agit rapidement \u00e0 un incendie, donne moins souvent de fausses alarmes et est tr\u00e8s \u00e9cologique. En cas d\u2019incendie, le d\u00e9tecteur de fum\u00e9e \u00e9met une alarme de pas moins de 85dB. L\u2019ELRO FS1105P satisfait \u00e0 la norme europ\u00e9enne EN14604. ELRO offre 5 ans de garantie sur ce d\u00e9tecteur de fum\u00e9e.<\/p>\n","protected":false},"excerpt":{"rendered":"<h3>Principales caract\u00e9ristiques :<\/h3>\n<ul>\n<li>A raccorder sur 230V (r\u00e9seau lumineux)<\/li>\n<li>Batterie de secours de 5 ans<\/li>\n<li>Capteur optique pour r\u00e9action rapide<\/li>\n<li>Bouton de test pour tester les fonctions<\/li>\n<li>Indicateur de batterie vide<\/li>\n<li>Satisfait \u00e0 la norme EN14604<\/li>\n<\/ul>\n","protected":false},"featured_media":599,"comment_status":"open","ping_status":"closed","template":"","meta":{"_joinchat":[]},"product_cat":[38],"product_tag":[],"_links":{"self":[{"href":"https:\/\/sodes-shop.com\/index.php\/wp-json\/wp\/v2\/product\/598"}],"collection":[{"href":"https:\/\/sodes-shop.com\/index.php\/wp-json\/wp\/v2\/product"}],"about":[{"href":"https:\/\/sodes-shop.com\/index.php\/wp-json\/wp\/v2\/types\/product"}],"replies":[{"embeddable":true,"href":"https:\/\/sodes-shop.com\/index.php\/wp-json\/wp\/v2\/comments?post=598"}],"wp:featuredmedia":[{"embeddable":true,"href":"https:\/\/sodes-shop.com\/index.php\/wp-json\/wp\/v2\/media\/599"}],"wp:attachment":[{"href":"https:\/\/sodes-shop.com\/index.php\/wp-json\/wp\/v2\/media?parent=598"}],"wp:term":[{"taxonomy":"product_cat","embeddable":true,"href":"https:\/\/sodes-shop.com\/index.php\/wp-json\/wp\/v2\/product_cat?post=598"},{"taxonomy":"product_tag","embeddable":true,"href":"https:\/\/sodes-shop.com\/index.php\/wp-json\/wp\/v2\/product_tag?post=598"}],"curies":[{"name":"wp","href":"https:\/\/api.w.org\/{rel}","templated":true}]}}