{"id":592,"date":"2023-02-19T13:36:15","date_gmt":"2023-02-19T13:36:15","guid":{"rendered":"https:\/\/sodes-shop.com\/?post_type=product&#038;p=592"},"modified":"2023-02-25T15:59:47","modified_gmt":"2023-02-25T15:59:47","slug":"detecteur-de-fumee-bosch-smart-home","status":"publish","type":"product","link":"https:\/\/sodes-shop.com\/index.php\/product\/detecteur-de-fumee-bosch-smart-home\/","title":{"rendered":"D\u00e9tecteur de fum\u00e9e Bosch Smart Home"},"content":{"rendered":"<p>Le d\u00e9tecteur de fum\u00e9e Bosch Smart Home en r\u00e9seau vous alerte en cas de formation de fum\u00e9es dans votre maison. Par ailleurs, il donne \u00e9galement l\u2019alarme \u00e0 cor et \u00e0 cri d\u00e8s que d\u2019autres composants du syst\u00e8me Bosch Smart Home signalent des \u00e9v\u00e9nements suspects. Ainsi, le d\u00e9tecteur de fum\u00e9e intelligent vous offre une double protection\u00a0: en cas d\u2019incendie et contre les intrus.<\/p>\n","protected":false},"excerpt":{"rendered":"<h3>Principales caract\u00e9ristiques :<\/h3>\n<ul>\n<li class=\"col-xs-12 col-sm-6\"><strong>D\u00e9signation de l&#8217;appareil : <\/strong>D\u00e9tecteur de fum\u00e9e<\/li>\n<li>\n<div class=\"col-xs-12 col-sm-6\"><strong>EAN : <\/strong>4057749595409<\/div>\n<\/li>\n<li>\n<div class=\"col-xs-12 col-sm-6\"><strong>Dimensions (L \u00d7 H \u00d7 P) : <\/strong>119 x 119 x 51 mm<\/div>\n<\/li>\n<li>\n<div class=\"col-xs-12 col-sm-6\"><strong>Dur\u00e9e de vie des piles : <\/strong>&gt; 10 ans (typique)<\/div>\n<\/li>\n<li>\n<div class=\"col-xs-12 col-sm-6\"><strong>Port\u00e9e radio en champ libre : <\/strong>&gt; 100 m<\/div>\n<\/li>\n<li>\n<div class=\"col-xs-12 col-sm-6\"><strong>Classe de r\u00e9cepteur : <\/strong>SRD classe 2<\/div>\n<\/li>\n<li>\n<div class=\"col-xs-12 col-sm-6\"><strong>Temp\u00e9rature ambiante : <\/strong>5 \u00b0C &#8230; 55 \u00b0C<\/div>\n<\/li>\n<li>\n<div class=\"col-xs-12 col-sm-6\"><strong>Poids <\/strong>: 165 g<\/div>\n<\/li>\n<li>\n<div class=\"col-xs-12 col-sm-6\"><strong>Piles : <\/strong>Piles lithium 3V (non \u00e9changeables)<\/div>\n<\/li>\n<li>\n<div class=\"col-xs-12 col-sm-6\"><strong>Fr\u00e9quence radio <\/strong>: 868,3 MHz \/ 869,525 MHz<\/div>\n<\/li>\n<li>\n<div class=\"col-xs-12 col-sm-6\"><strong>Rapport cyclique : <\/strong>\u00e0 868,3 MHz &lt; 1 % par h ; \u00e0 869,525 MHz &lt; 10 % par h<\/div>\n<\/li>\n<li>\n<div class=\"col-xs-12 col-sm-6\"><strong>Classe de protection : <\/strong>IP20<\/div>\n<\/li>\n<li>\n<div class=\"col-xs-12 col-sm-6\"><strong>Humidit\u00e9 de l&#8217;air : <\/strong>93 % (sans condensation)<\/div>\n<\/li>\n<li>\n<div class=\"col-xs-12 col-sm-6\"><strong>Niveau sonore \u00e0 une distance de 3 m : <\/strong>&gt; 85 dB(A)<\/div>\n<\/li>\n<li>\n<div class=\"col-xs-12 col-sm-6\"><strong>Nombre de connexions : <\/strong>40 max.<\/div>\n<\/li>\n<\/ul>\n","protected":false},"featured_media":593,"comment_status":"open","ping_status":"closed","template":"","meta":{"_joinchat":[]},"product_cat":[38],"product_tag":[],"_links":{"self":[{"href":"https:\/\/sodes-shop.com\/index.php\/wp-json\/wp\/v2\/product\/592"}],"collection":[{"href":"https:\/\/sodes-shop.com\/index.php\/wp-json\/wp\/v2\/product"}],"about":[{"href":"https:\/\/sodes-shop.com\/index.php\/wp-json\/wp\/v2\/types\/product"}],"replies":[{"embeddable":true,"href":"https:\/\/sodes-shop.com\/index.php\/wp-json\/wp\/v2\/comments?post=592"}],"wp:featuredmedia":[{"embeddable":true,"href":"https:\/\/sodes-shop.com\/index.php\/wp-json\/wp\/v2\/media\/593"}],"wp:attachment":[{"href":"https:\/\/sodes-shop.com\/index.php\/wp-json\/wp\/v2\/media?parent=592"}],"wp:term":[{"taxonomy":"product_cat","embeddable":true,"href":"https:\/\/sodes-shop.com\/index.php\/wp-json\/wp\/v2\/product_cat?post=592"},{"taxonomy":"product_tag","embeddable":true,"href":"https:\/\/sodes-shop.com\/index.php\/wp-json\/wp\/v2\/product_tag?post=592"}],"curies":[{"name":"wp","href":"https:\/\/api.w.org\/{rel}","templated":true}]}}