{"id":589,"date":"2023-02-19T13:25:48","date_gmt":"2023-02-19T13:25:48","guid":{"rendered":"https:\/\/sodes-shop.com\/?post_type=product&#038;p=589"},"modified":"2023-03-09T10:34:36","modified_gmt":"2023-03-09T10:34:36","slug":"kit-solaire-autonome-anti-delestage","status":"publish","type":"product","link":"https:\/\/sodes-shop.com\/index.php\/product\/kit-solaire-autonome-anti-delestage\/","title":{"rendered":"Kit solaire autonome anti d\u00e9lestage"},"content":{"rendered":"","protected":false},"excerpt":{"rendered":"<h3>Caract\u00e9ristiques :<\/h3>\n<p>Ce kit solaire est r\u00e9alis\u00e9 \u00e0 partir d\u2019\u00e9l\u00e9ments de la plus haute qualit\u00e9, exclusivement \u00e0 base de produits fabriqu\u00e9s par des entreprises de renomm\u00e9e mondiale. Parfait\u00a0pour alimenter une maison enti\u00e8re et tous ses appareils en 220 volts. Ce kit solaire est pr\u00e9vu en 24 Volts, voltage bien adapt\u00e9 pour des installations de cette puissance.Gr\u00e2ce au convertisseur chargeur, ce kit peut permettre d\u2019utiliser le r\u00e9seau ou un groupe \u00e9lectrog\u00e8ne et de palier aux probl\u00e8mes de d\u00e9lestage ou de coupures du r\u00e9seau. Ne soyez plus jamais \u00e0 court d\u2019\u00e9nergie.<\/p>\n","protected":false},"featured_media":590,"comment_status":"open","ping_status":"closed","template":"","meta":{"_joinchat":{"message_send":"Bonjour, cet article m'int\u00e9resse https:\/\/sodes-shop.com\/index.php\/product\/kit-solaire-autonome-anti-delestage\/"}},"product_cat":[27],"product_tag":[],"_links":{"self":[{"href":"https:\/\/sodes-shop.com\/index.php\/wp-json\/wp\/v2\/product\/589"}],"collection":[{"href":"https:\/\/sodes-shop.com\/index.php\/wp-json\/wp\/v2\/product"}],"about":[{"href":"https:\/\/sodes-shop.com\/index.php\/wp-json\/wp\/v2\/types\/product"}],"replies":[{"embeddable":true,"href":"https:\/\/sodes-shop.com\/index.php\/wp-json\/wp\/v2\/comments?post=589"}],"wp:featuredmedia":[{"embeddable":true,"href":"https:\/\/sodes-shop.com\/index.php\/wp-json\/wp\/v2\/media\/590"}],"wp:attachment":[{"href":"https:\/\/sodes-shop.com\/index.php\/wp-json\/wp\/v2\/media?parent=589"}],"wp:term":[{"taxonomy":"product_cat","embeddable":true,"href":"https:\/\/sodes-shop.com\/index.php\/wp-json\/wp\/v2\/product_cat?post=589"},{"taxonomy":"product_tag","embeddable":true,"href":"https:\/\/sodes-shop.com\/index.php\/wp-json\/wp\/v2\/product_tag?post=589"}],"curies":[{"name":"wp","href":"https:\/\/api.w.org\/{rel}","templated":true}]}}