{"id":587,"date":"2023-02-19T13:22:14","date_gmt":"2023-02-19T13:22:14","guid":{"rendered":"https:\/\/sodes-shop.com\/?post_type=product&#038;p=587"},"modified":"2023-03-09T08:46:45","modified_gmt":"2023-03-09T08:46:45","slug":"batterie-75a-h","status":"publish","type":"product","link":"https:\/\/sodes-shop.com\/index.php\/product\/batterie-75a-h\/","title":{"rendered":"BATTERIE 75A\/H"},"content":{"rendered":"<p>La batterie Euronet Gel 12V 75AH vendue au Liban par TechStore est le meilleur moyen d\u2019avoir 24 heures d\u2019\u00e9lectricit\u00e9.<\/p>\n<p>Tout d\u2019abord, les mat\u00e9riaux de cette batterie au gel ne peuvent pas se g\u00e2ter gr\u00e2ce \u00e0 sa conception d\u2019\u00e9tanch\u00e9it\u00e9 industrielle, ce qui signifie qu\u2019aucun \u00e9l\u00e9ment externe ne peut l\u2019affecter.<\/p>\n<p>Ensuite, il n\u2019a besoin d\u2019aucune sorte de garniture d\u2019eau comme les anciennes batteries, ce qui vous fera gagner du temps \u00e0 long terme.<\/p>\n<p>De plus, la conception de cette batterie tient compte du fait que tout le monde ne veut pas avoir la peine d\u2019entretenir sa batterie. Il s\u2019agit donc d\u2019une batterie sans entretien.<\/p>\n<p>De plus, il dispose d\u2019un syst\u00e8me de ventilation basse pression, ce qui permettra \u00e0 la batterie de fonctionner sous des charges \u00e9lev\u00e9es en toute s\u00e9curit\u00e9.<\/p>\n<p>En outre, il a un faible taux de d\u00e9charge, ce qui vous donnera la puissance dont vous avez besoin plus longtemps.<\/p>\n<p>\u00c0 l\u2019inverse, il a une longue dur\u00e9e de vie et cela vous permettra d\u2019\u00e9conomiser beaucoup d\u2019argent pour les ann\u00e9es \u00e0 venir.<\/p>\n","protected":false},"excerpt":{"rendered":"<h3>Caract\u00e9ristiques :<\/h3>\n<ul>\n<li>Construction \u00e9tanche \u00e9tanche<\/li>\n<li>Aucune garniture d\u2019eau requise<\/li>\n<li>Fonctionnement sans entretien<\/li>\n<li>Syst\u00e8me de ventilation basse pression<\/li>\n<li>Faible autod\u00e9charge \u2013 longue dur\u00e9e de conservation<\/li>\n<li>Large plage de temp\u00e9ratures de fonctionnement<\/li>\n<li>Haute capacit\u00e9 de r\u00e9cup\u00e9ration<\/li>\n<li>Acceptabilit\u00e9 de charge \u00e9lev\u00e9e<\/li>\n<li>Ultra Long Life Service<\/li>\n<li>Faible entretien<\/li>\n<li>Haute performance<\/li>\n<li>Convivial<\/li>\n<\/ul>\n","protected":false},"featured_media":588,"comment_status":"open","ping_status":"closed","template":"","meta":{"_joinchat":{"message_send":"Bonjour, cet article m'int\u00e9resse https:\/\/sodes-shop.com\/index.php\/product\/batterie-75a-h\/"}},"product_cat":[37,27],"product_tag":[],"_links":{"self":[{"href":"https:\/\/sodes-shop.com\/index.php\/wp-json\/wp\/v2\/product\/587"}],"collection":[{"href":"https:\/\/sodes-shop.com\/index.php\/wp-json\/wp\/v2\/product"}],"about":[{"href":"https:\/\/sodes-shop.com\/index.php\/wp-json\/wp\/v2\/types\/product"}],"replies":[{"embeddable":true,"href":"https:\/\/sodes-shop.com\/index.php\/wp-json\/wp\/v2\/comments?post=587"}],"wp:featuredmedia":[{"embeddable":true,"href":"https:\/\/sodes-shop.com\/index.php\/wp-json\/wp\/v2\/media\/588"}],"wp:attachment":[{"href":"https:\/\/sodes-shop.com\/index.php\/wp-json\/wp\/v2\/media?parent=587"}],"wp:term":[{"taxonomy":"product_cat","embeddable":true,"href":"https:\/\/sodes-shop.com\/index.php\/wp-json\/wp\/v2\/product_cat?post=587"},{"taxonomy":"product_tag","embeddable":true,"href":"https:\/\/sodes-shop.com\/index.php\/wp-json\/wp\/v2\/product_tag?post=587"}],"curies":[{"name":"wp","href":"https:\/\/api.w.org\/{rel}","templated":true}]}}