{"id":585,"date":"2023-02-19T13:19:57","date_gmt":"2023-02-19T13:19:57","guid":{"rendered":"https:\/\/sodes-shop.com\/?post_type=product&#038;p=585"},"modified":"2023-03-08T15:04:57","modified_gmt":"2023-03-08T15:04:57","slug":"batterie-200a-h","status":"publish","type":"product","link":"https:\/\/sodes-shop.com\/index.php\/product\/batterie-200a-h\/","title":{"rendered":"BATTERIE 200A\/H"},"content":{"rendered":"<p>Mod\u00e8le -12V\u00a0: 200 Ah<br \/>\nCellules par unit\u00e9\u00a0: 6<br \/>\nVoltage par unit\u00e9\u00a0: 12<br \/>\nCapacit\u00e9\u00a0: 200Ah@10hr-rate<br \/>\nPoids\u00a0: Approx 57.5 kg<br \/>\nMax. Courant de d\u00e9charge\u00a0: 1200A (5sec)<br \/>\nR\u00e9sistance interne\u00a0: Approx.2.9m \u03a9<br \/>\nPlage de temp\u00e9rature de fonctionnement\u00a0: Discharge\u00a0: -40\u00b0C~50\u00b0C, Charge: -20\u00b0~50\u00b0C, Storage: -20\u00b0C-~50\u00b0C<br \/>\nPlage de temp\u00e9rature de fonctionnement normale\u00a0: 25\u00b0C \u00b15\u00b0C<br \/>\nTension de charge flottante\u00a0: 13.50 to 13.80V DC\/unit Average at 25\u00b0C<br \/>\nMax. Courant de charge\u00a0: 50A<br \/>\n\u00c9galisation et service de cycle\u00a0: 14.70 to 15.00V DC\/unit Average at 25\u00b0C<br \/>\nAuto-d\u00e9charge\u00a0: Les batteries peuvent \u00eatre stock\u00e9es plus de 6 mois \u00e0 25\u00b0C. Veuillez charger les piles avant utilisation. Pour une temp\u00e9rature \u00e9lev\u00e9e, l&#8217;intervalle de temps sera plus court.<br \/>\nTerminal\u00a0: T0\/T14<br \/>\nMat\u00e9riau du conteneur\u00a0: ABS (UL94-HB) La r\u00e9sistance \u00e0 l&#8217;inflammabilit\u00e9 UL94-V0 est disponible sur demande. T<\/p>\n","protected":false},"excerpt":{"rendered":"<h3>Caract\u00e9ristiques :<\/h3>\n<p>Construction scell\u00e9e anti-d\u00e9versement<br \/>\nAucun remplissage d&#8217;eau requis<br \/>\nFonctionnement sans entretien<br \/>\nSyst\u00e8me de ventilation \u00e0 basse pression<br \/>\nFaible autod\u00e9charge &#8211; longue dur\u00e9e de conservation<br \/>\nLarge plage de temp\u00e9ratures de fonctionnement<br \/>\nCapacit\u00e9 de r\u00e9cup\u00e9ration \u00e9lev\u00e9e<br \/>\nAcceptabilit\u00e9 de charge \u00e9lev\u00e9e<br \/>\nService ultra longue dur\u00e9e de vie<br \/>\nFaible maintenance<br \/>\nHaute performance<br \/>\nConvivial pour l&#8217;utilisateur<\/p>\n","protected":false},"featured_media":586,"comment_status":"open","ping_status":"closed","template":"","meta":{"_joinchat":{"message_send":"Bonjour, cet article m'int\u00e9resse https:\/\/sodes-shop.com\/index.php\/product\/batterie-200a-h\/"}},"product_cat":[37,27],"product_tag":[],"_links":{"self":[{"href":"https:\/\/sodes-shop.com\/index.php\/wp-json\/wp\/v2\/product\/585"}],"collection":[{"href":"https:\/\/sodes-shop.com\/index.php\/wp-json\/wp\/v2\/product"}],"about":[{"href":"https:\/\/sodes-shop.com\/index.php\/wp-json\/wp\/v2\/types\/product"}],"replies":[{"embeddable":true,"href":"https:\/\/sodes-shop.com\/index.php\/wp-json\/wp\/v2\/comments?post=585"}],"wp:featuredmedia":[{"embeddable":true,"href":"https:\/\/sodes-shop.com\/index.php\/wp-json\/wp\/v2\/media\/586"}],"wp:attachment":[{"href":"https:\/\/sodes-shop.com\/index.php\/wp-json\/wp\/v2\/media?parent=585"}],"wp:term":[{"taxonomy":"product_cat","embeddable":true,"href":"https:\/\/sodes-shop.com\/index.php\/wp-json\/wp\/v2\/product_cat?post=585"},{"taxonomy":"product_tag","embeddable":true,"href":"https:\/\/sodes-shop.com\/index.php\/wp-json\/wp\/v2\/product_tag?post=585"}],"curies":[{"name":"wp","href":"https:\/\/api.w.org\/{rel}","templated":true}]}}