{"id":581,"date":"2023-02-19T13:17:00","date_gmt":"2023-02-19T13:17:00","guid":{"rendered":"https:\/\/sodes-shop.com\/?post_type=product&#038;p=581"},"modified":"2023-03-08T14:35:10","modified_gmt":"2023-03-08T14:35:10","slug":"batterie-100a-h","status":"publish","type":"product","link":"https:\/\/sodes-shop.com\/index.php\/product\/batterie-100a-h\/","title":{"rendered":"BATTERIE 100A\/H"},"content":{"rendered":"<p>Les batteries solaires sont des \u00e9l\u00e9ments \u00e0 utiliser avec soin, en effet elles doivent suivre des cycles de charges et d\u00e9charges r\u00e9guliers pour avoir une dur\u00e9e de vie optimis\u00e9e. Ce type de batterie ne doit pas \u00eatre d\u00e9charg\u00e9e au del\u00e0 de 70% de sa capacit\u00e9, il est judicieux d\u2019\u00eatre muni d\u2019un multim\u00e8tre ou d\u2019un voltm\u00e8tre pour surveiller la tension de votre batterie, cela repr\u00e9sente l\u2019\u00e9tat de d\u00e9charge de votre batterie.<\/p>\n","protected":false},"excerpt":{"rendered":"<h3>\u00a0Caract\u00e9ristiques :<\/h3>\n<ul>\n<li>Stockage syst\u00e8me solaire ou \u00e9olienne<\/li>\n<li>Alimentation \u00e9clairage public<\/li>\n<li>Alimentation bateau<\/li>\n<li>Equipement m\u00e9dical<\/li>\n<li>Alimentation de secours<\/li>\n<\/ul>\n","protected":false},"featured_media":582,"comment_status":"open","ping_status":"closed","template":"","meta":{"_joinchat":{"message_send":"Bonjour, cet article m'int\u00e9resse https:\/\/sodes-shop.com\/index.php\/product\/batterie-100a-h\/"}},"product_cat":[37,27],"product_tag":[],"_links":{"self":[{"href":"https:\/\/sodes-shop.com\/index.php\/wp-json\/wp\/v2\/product\/581"}],"collection":[{"href":"https:\/\/sodes-shop.com\/index.php\/wp-json\/wp\/v2\/product"}],"about":[{"href":"https:\/\/sodes-shop.com\/index.php\/wp-json\/wp\/v2\/types\/product"}],"replies":[{"embeddable":true,"href":"https:\/\/sodes-shop.com\/index.php\/wp-json\/wp\/v2\/comments?post=581"}],"wp:featuredmedia":[{"embeddable":true,"href":"https:\/\/sodes-shop.com\/index.php\/wp-json\/wp\/v2\/media\/582"}],"wp:attachment":[{"href":"https:\/\/sodes-shop.com\/index.php\/wp-json\/wp\/v2\/media?parent=581"}],"wp:term":[{"taxonomy":"product_cat","embeddable":true,"href":"https:\/\/sodes-shop.com\/index.php\/wp-json\/wp\/v2\/product_cat?post=581"},{"taxonomy":"product_tag","embeddable":true,"href":"https:\/\/sodes-shop.com\/index.php\/wp-json\/wp\/v2\/product_tag?post=581"}],"curies":[{"name":"wp","href":"https:\/\/api.w.org\/{rel}","templated":true}]}}