{"id":575,"date":"2023-02-19T12:17:17","date_gmt":"2023-02-19T12:17:17","guid":{"rendered":"https:\/\/sodes-shop.com\/?post_type=product&#038;p=575"},"modified":"2023-03-09T10:13:28","modified_gmt":"2023-03-09T10:13:28","slug":"impeller-solar-pump","status":"publish","type":"product","link":"https:\/\/sodes-shop.com\/index.php\/product\/impeller-solar-pump\/","title":{"rendered":"IMPELLER SOLAR PUMP"},"content":{"rendered":"<p>La pompe submersible solaire \u00e0 courant continu s\u2019adapte au profil m\u00e9t\u00e9orologique caract\u00e9ristique d\u2019une zone donn\u00e9e. Un syst\u00e8me de batterie de secours peut stocker l\u2019\u00e9nergie suppl\u00e9mentaire g\u00e9n\u00e9r\u00e9e et prendre le relais lorsque l\u2019\u00e9nergie de la nature n\u2019est pas disponible.<\/p>\n<p>La pompe submersible solaire Dc est plus qu\u2019une simple pompe, c\u2019est un syst\u00e8me intelligent complet. Gr\u00e2ce \u00e0 son \u00e9lectronique int\u00e9gr\u00e9e, la pompe submersible solaire \u00e0 courant continu peut \u00eatre directement connect\u00e9e aux panneaux solaires ou aux batteries sans n\u00e9cessiter d\u2019onduleur externe.<\/p>\n","protected":false},"excerpt":{"rendered":"<h3>Caract\u00e9ristiques :<\/h3>\n<p id=\"cs\">La pompe submersible solaire \u00e0 courant continu est une solution d\u2019approvisionnement en eau respectueuse de l\u2019environnement. Les pompes submersibles solaires \u00e0 courant continu sont \u00e9quip\u00e9es d\u2019un moteur \u00e0 aimant permanent qui permet une utilisation efficace de l\u2019\u00e9nergie de la nature. La pompe submersible solaire \u00e0 courant continu offre la solution d\u2019approvisionnement en eau parfaite dans les zones recul\u00e9es o\u00f9 l\u2019eau est rare et l\u2019alimentation \u00e9lectrique est inexistante ou peu fiable.<\/p>\n","protected":false},"featured_media":576,"comment_status":"open","ping_status":"closed","template":"","meta":{"_joinchat":{"message_send":"Bonjour, cet article m'int\u00e9resse https:\/\/sodes-shop.com\/index.php\/product\/impeller-solar-pump\/"}},"product_cat":[27],"product_tag":[],"_links":{"self":[{"href":"https:\/\/sodes-shop.com\/index.php\/wp-json\/wp\/v2\/product\/575"}],"collection":[{"href":"https:\/\/sodes-shop.com\/index.php\/wp-json\/wp\/v2\/product"}],"about":[{"href":"https:\/\/sodes-shop.com\/index.php\/wp-json\/wp\/v2\/types\/product"}],"replies":[{"embeddable":true,"href":"https:\/\/sodes-shop.com\/index.php\/wp-json\/wp\/v2\/comments?post=575"}],"wp:featuredmedia":[{"embeddable":true,"href":"https:\/\/sodes-shop.com\/index.php\/wp-json\/wp\/v2\/media\/576"}],"wp:attachment":[{"href":"https:\/\/sodes-shop.com\/index.php\/wp-json\/wp\/v2\/media?parent=575"}],"wp:term":[{"taxonomy":"product_cat","embeddable":true,"href":"https:\/\/sodes-shop.com\/index.php\/wp-json\/wp\/v2\/product_cat?post=575"},{"taxonomy":"product_tag","embeddable":true,"href":"https:\/\/sodes-shop.com\/index.php\/wp-json\/wp\/v2\/product_tag?post=575"}],"curies":[{"name":"wp","href":"https:\/\/api.w.org\/{rel}","templated":true}]}}