{"id":571,"date":"2023-02-19T11:49:44","date_gmt":"2023-02-19T11:49:44","guid":{"rendered":"https:\/\/sodes-shop.com\/?post_type=product&#038;p=571"},"modified":"2023-03-09T09:57:41","modified_gmt":"2023-03-09T09:57:41","slug":"hanfone-mppt-smp50","status":"publish","type":"product","link":"https:\/\/sodes-shop.com\/index.php\/product\/hanfone-mppt-smp50\/","title":{"rendered":"HANFONE -MPPT-SMP50"},"content":{"rendered":"<ul>\n<li>Puissance d&#8217;entr\u00e9e Solaire Max : 750 \/ 1500 W<\/li>\n<li>Max. Panneau Solaire Tension en Circuit Ouvert : 100 V<\/li>\n<li>Tension du Syst\u00e8me Nominale (Batterie) : 12 \/ 24 V<\/li>\n<li>Courant de Charge Maximale de la Batterie : 50 A<\/li>\n<li>Auto-consommation : \u2264 10 mA<\/li>\n<li>Efficacit\u00e9 de Conversion de Pointe : 98,00 %<\/li>\n<li>Dimensions (H\/L\/P) : 187x132x73 mm<\/li>\n<li>Poids : 1,12 Kg<\/li>\n<li>Bornes (Taille du C\u00e2ble) : 13,0 mm2<\/li>\n<li>Algorithme de Charge : 2 Stage<\/li>\n<li>\u00c9tapes de Charge : Absorption, Flotteur<\/li>\n<li>Classe de Protection : IP 22, IP 43<\/li>\n<li>Gamme de Temp\u00e9rature : -30 ~ +60 \u00b0C<\/li>\n<li>Humidit\u00e9 : 0 &#8211; 95 %<\/li>\n<\/ul>\n","protected":false},"excerpt":{"rendered":"<h3>Caract\u00e9ristiques :<\/h3>\n<p>Courant de charge jusqu&#8217;\u00e0 50 A et Tension PV jusqu&#8217;\u00e0 75 V, respectivement 100 V Les contr\u00f4leurs de charge BlueSolar peut charger une batterie de tension nominale inf\u00e9rieure depuis un champ de panneaux PV de tension nominale sup\u00e9rieure. Les contr\u00f4leurs s&#8217;adapteront automatiquement \u00e0 une tension de batterie nominale de 12 ou 24 V. Localisation ultra rapide du point de puissance maximale (MPPT &#8211; Maximum Power Point Tracking).<\/p>\n","protected":false},"featured_media":572,"comment_status":"open","ping_status":"closed","template":"","meta":{"_joinchat":{"message_send":"Bonjour, cet article m'int\u00e9resse https:\/\/sodes-shop.com\/index.php\/product\/hanfone-mppt-smp50\/"}},"product_cat":[36,27],"product_tag":[],"_links":{"self":[{"href":"https:\/\/sodes-shop.com\/index.php\/wp-json\/wp\/v2\/product\/571"}],"collection":[{"href":"https:\/\/sodes-shop.com\/index.php\/wp-json\/wp\/v2\/product"}],"about":[{"href":"https:\/\/sodes-shop.com\/index.php\/wp-json\/wp\/v2\/types\/product"}],"replies":[{"embeddable":true,"href":"https:\/\/sodes-shop.com\/index.php\/wp-json\/wp\/v2\/comments?post=571"}],"wp:featuredmedia":[{"embeddable":true,"href":"https:\/\/sodes-shop.com\/index.php\/wp-json\/wp\/v2\/media\/572"}],"wp:attachment":[{"href":"https:\/\/sodes-shop.com\/index.php\/wp-json\/wp\/v2\/media?parent=571"}],"wp:term":[{"taxonomy":"product_cat","embeddable":true,"href":"https:\/\/sodes-shop.com\/index.php\/wp-json\/wp\/v2\/product_cat?post=571"},{"taxonomy":"product_tag","embeddable":true,"href":"https:\/\/sodes-shop.com\/index.php\/wp-json\/wp\/v2\/product_tag?post=571"}],"curies":[{"name":"wp","href":"https:\/\/api.w.org\/{rel}","templated":true}]}}