{"id":567,"date":"2023-02-19T11:12:28","date_gmt":"2023-02-19T11:12:28","guid":{"rendered":"https:\/\/sodes-shop.com\/?post_type=product&#038;p=567"},"modified":"2025-11-03T21:17:22","modified_gmt":"2025-11-03T21:17:22","slug":"hanfone-mppt-smp60","status":"publish","type":"product","link":"https:\/\/sodes-shop.com\/index.php\/product\/hanfone-mppt-smp60\/","title":{"rendered":"HANFONE -MPPT-SMP60"},"content":{"rendered":"<ul>\n<li>Puissance d&#8217;entr\u00e9e Solaire Max. :900 \/ 1800 \/ 3500 W<\/li>\n<li>Max. Panneau Solaire Tension en Circuit Ouvert :150 V<\/li>\n<li>Tension du Syst\u00e8me Nominale (Batterie): 12 \/ 24 \/ 48 V<\/li>\n<li>Courant de Charge Maximale de la Batterie : 60 A<\/li>\n<li>Auto-consommation : \u2264 10 mA<\/li>\n<li>Efficacit\u00e9 de Conversion de Pointe : 98,00 %<\/li>\n<li>Dimensions (H\/L\/P) : 250x180x93 mm<\/li>\n<li>Poids : 2,70 Kg<\/li>\n<li>Etapes de Charge : Absorption, Flotteur<\/li>\n<li>Classe de Protection : IP 22, IP 43<\/li>\n<li>Gamme de Temp\u00e9rature : -30 ~ +60 \u00b0C<\/li>\n<li>Humidit\u00e9 : 0 &#8211; 95 %<\/li>\n<li>Bornes (Taille du C\u00e2ble) : 35,0 mm2<\/li>\n<li>Flotteur la Tension de Charge : 13,8 \/ 55,2 V<\/li>\n<li>Algorithme de Charge : 2 Stage<\/li>\n<\/ul>\n","protected":false},"excerpt":{"rendered":"<h3>Caract\u00e9ristiques :<\/h3>\n<p>R\u00e9sistance aux Court-Circuits, Protection de Polarit\u00e9 Inverse du Solaire, Protection du Courant Inverse du Solaire Durant la Nuit, Protection de Polarit\u00e9 Inverse de la Batterie, Protection Contre les Temp\u00e9ratures \u00e9lev\u00e9es<\/p>\n","protected":false},"featured_media":568,"comment_status":"open","ping_status":"closed","template":"","meta":{"_joinchat":{"message_send":"Bonjour, cet article m'int\u00e9resse https:\/\/sodes-shop.com\/index.php\/product\/hanfone-mppt-smp60\/"}},"product_cat":[36,27],"product_tag":[],"_links":{"self":[{"href":"https:\/\/sodes-shop.com\/index.php\/wp-json\/wp\/v2\/product\/567"}],"collection":[{"href":"https:\/\/sodes-shop.com\/index.php\/wp-json\/wp\/v2\/product"}],"about":[{"href":"https:\/\/sodes-shop.com\/index.php\/wp-json\/wp\/v2\/types\/product"}],"replies":[{"embeddable":true,"href":"https:\/\/sodes-shop.com\/index.php\/wp-json\/wp\/v2\/comments?post=567"}],"wp:featuredmedia":[{"embeddable":true,"href":"https:\/\/sodes-shop.com\/index.php\/wp-json\/wp\/v2\/media\/568"}],"wp:attachment":[{"href":"https:\/\/sodes-shop.com\/index.php\/wp-json\/wp\/v2\/media?parent=567"}],"wp:term":[{"taxonomy":"product_cat","embeddable":true,"href":"https:\/\/sodes-shop.com\/index.php\/wp-json\/wp\/v2\/product_cat?post=567"},{"taxonomy":"product_tag","embeddable":true,"href":"https:\/\/sodes-shop.com\/index.php\/wp-json\/wp\/v2\/product_tag?post=567"}],"curies":[{"name":"wp","href":"https:\/\/api.w.org\/{rel}","templated":true}]}}