{"id":555,"date":"2023-02-19T09:56:36","date_gmt":"2023-02-19T09:56:36","guid":{"rendered":"https:\/\/sodes-shop.com\/?post_type=product&#038;p=555"},"modified":"2025-11-03T21:21:26","modified_gmt":"2025-11-03T21:21:26","slug":"panneau-monocristallin-euronet-25ow","status":"publish","type":"product","link":"https:\/\/sodes-shop.com\/index.php\/product\/panneau-monocristallin-euronet-25ow\/","title":{"rendered":"PANNEAU MONOCRISTALLIN EURONET 25OW"},"content":{"rendered":"<p>Panneau solaire 250W monocristallin<br \/>\nLes panneaux solaires 250w se reporter soit \u00e0 un module photovolta\u00efque, un panneau d&#8217;eau chaude solaire, ou \u00e0 un ensemble de l&#8217;\u00e9nergie solaire photovolta\u00efque (PV) modules connect\u00e9s \u00e9lectriquement et mont\u00e9 sur une structure de support. Un module photovolta\u00efque connect\u00e9 est emball\u00e9, Assembl\u00e9e des cellules solaires. Les panneaux solaires peuvent \u00eatre utilis\u00e9s comme une composante d&#8217;un plus grand syst\u00e8me photovolta\u00efque de g\u00e9n\u00e9rer et d&#8217;approvisionnement en \u00e9lectricit\u00e9 dans les applications commerciales et r\u00e9sidentielles. Chaque module est \u00e9valu\u00e9 par sa puissance de sortie DC sous conditions de test standard (STC).<\/p>\n<p>Les panneaux solaires monocristallines Prostar 250w est faite avec des cellules solaires en silicium monocristallin, qui sont facilement reconnaissables par la m\u00eame coloration fonc\u00e9e des cellules. Cellules solaires monocristallines sont fabriqu\u00e9s \u00e0 partir de lingots de silicium, qui sont de forme cylindrique. Pour optimiser les performances et r\u00e9duire les co\u00fbts d&#8217;un seul de cellules solaires monocristallines, quatre c\u00f4t\u00e9s sont d\u00e9coup\u00e9s de forme cylindrique des lingots pour rendre les plaquettes de silicium, qui est ce qui donne les panneaux solaires monocristallines leur caract\u00e9ristique look.<\/p>\n<p>Caract\u00e9ristiques de la fonction:<\/p>\n<p>5 de la barre omnibus de cellule solaire<br \/>\n5 de la barre omnibus de cellule solaire adopte une nouvelle technologie pour am\u00e9liorer la effciency de modules, offre un meilleur aspect esth\u00e9tique, la rendant id\u00e9ale pour l&#8217;installation sur le toit.<\/p>\n<p>Haute efficacit\u00e9<br \/>\nHaute efficacit\u00e9 de conversion de module, par le biais de la technologie de fabrication innovants.<\/p>\n<p>Les ph\u00e9nom\u00e8nes m\u00e9t\u00e9orologiques violents de la r\u00e9silience<br \/>\nCertifi\u00e9s pour r\u00e9sister \u00e0: Le vent de la charge (2400 Pascal) et de la neige foad (5400 Pascal).<\/p>\n<p>Les performances de faible \u00e9clairage<br \/>\nAdvanced de verre et de texturation de surface des cellules solaires permettent d&#8217;excellentes performances dans des environnements peu \u00e9clair\u00e9s.<\/p>\n<p>Maximiser la r\u00e9colte de l&#8217;\u00e9nergie<br \/>\nImp\u00e9dance correspondant \u00e0 la technologie \u00e9limine mismatch perd, plus de puissance de chaque module bin.<\/p>\n<p>L&#8217;assurance de qualit\u00e9 sup\u00e9rieure<br \/>\n100% EL test avant et apr\u00e8s la lamination, et de produits finis el test, fournissant l&#8217;assurance de qualit\u00e9 sup\u00e9rieure.<\/p>\n","protected":false},"excerpt":{"rendered":"<h2>Caract\u00e9ristiques :<\/h2>\n<p>Les panneaux solaires monocristallines 250w utilise la toute derni\u00e8re technologie de cellule innovante, en augmentant la puissance de sortie du module et la fiabilit\u00e9 du syst\u00e8me, assur\u00e9e par 22 ann\u00e9es d&#8217;exp\u00e9rience dans le module de fabrication, de bien-engineered module de conception, les tests de qualit\u00e9 strictes BOM, un processus de fabrication automatis\u00e9e et 100 % EL d&#8217;essais.<\/p>\n","protected":false},"featured_media":556,"comment_status":"open","ping_status":"closed","template":"","meta":{"_joinchat":[]},"product_cat":[27,23],"product_tag":[],"_links":{"self":[{"href":"https:\/\/sodes-shop.com\/index.php\/wp-json\/wp\/v2\/product\/555"}],"collection":[{"href":"https:\/\/sodes-shop.com\/index.php\/wp-json\/wp\/v2\/product"}],"about":[{"href":"https:\/\/sodes-shop.com\/index.php\/wp-json\/wp\/v2\/types\/product"}],"replies":[{"embeddable":true,"href":"https:\/\/sodes-shop.com\/index.php\/wp-json\/wp\/v2\/comments?post=555"}],"wp:featuredmedia":[{"embeddable":true,"href":"https:\/\/sodes-shop.com\/index.php\/wp-json\/wp\/v2\/media\/556"}],"wp:attachment":[{"href":"https:\/\/sodes-shop.com\/index.php\/wp-json\/wp\/v2\/media?parent=555"}],"wp:term":[{"taxonomy":"product_cat","embeddable":true,"href":"https:\/\/sodes-shop.com\/index.php\/wp-json\/wp\/v2\/product_cat?post=555"},{"taxonomy":"product_tag","embeddable":true,"href":"https:\/\/sodes-shop.com\/index.php\/wp-json\/wp\/v2\/product_tag?post=555"}],"curies":[{"name":"wp","href":"https:\/\/api.w.org\/{rel}","templated":true}]}}