{"id":520,"date":"2023-02-18T20:24:17","date_gmt":"2023-02-18T20:24:17","guid":{"rendered":"https:\/\/sodes-shop.com\/?post_type=product&#038;p=520"},"modified":"2023-02-19T08:23:28","modified_gmt":"2023-02-19T08:23:28","slug":"drive-rack-pa","status":"publish","type":"product","link":"https:\/\/sodes-shop.com\/index.php\/product\/drive-rack-pa\/","title":{"rendered":"DRIVE RACK PA+"},"content":{"rendered":"<p>Le dbx PA+ est l\u2019un des principaux syst\u00e8mes de gestion des haut-parleurs. Placez votre compresseur, limiteur, croisement et \u00e9galiseur dans une seule unit\u00e9 et donnez-vous acc\u00e8s \u00e0 des fonctionnalit\u00e9s pratiques telles que le module de synth\u00e8se sous-harmonique 120A de dbx. Avec le contr\u00f4le manuel de toute une s\u00e9rie de fonctionnalit\u00e9s ou la possibilit\u00e9 d\u2019utiliser l\u2019assistant de configuration facile de dbx, vous pouvez faire chanter vos haut-parleurs comme un pro en quelques minutes!<\/p>\n","protected":false},"excerpt":{"rendered":"<p>Caract\u00e9ristiques<\/p>\n<ul>\n<li>Processeur num\u00e9rique de diffusion<\/li>\n<li>Anti larsen 12 filtres<\/li>\n<li>Doubles EQ graphique 28 bandes<\/li>\n<li>Compresseur dbx\u00ae classique<\/li>\n<li>Synthesizer de sub harmonic 120A<\/li>\n<li>2&#215;3 crossover configuration<\/li>\n<li>EQ parametric st\u00e9r\u00e9o multi bandes<\/li>\n<li>Limiters de sortie<\/li>\n<li>Delay d&#8217;alignement<\/li>\n<li>G\u00e9n\u00e9rateur de bruit rose<\/li>\n<li>Auto EQ 28 band RTA, USB, logiciel Harman HiQnet System Architect, 25 user programs\/25 factory programs, mutes des sorties (panneau avant)<\/li>\n<\/ul>\n","protected":false},"featured_media":521,"comment_status":"open","ping_status":"closed","template":"","meta":{"_joinchat":[]},"product_cat":[25,26],"product_tag":[],"_links":{"self":[{"href":"https:\/\/sodes-shop.com\/index.php\/wp-json\/wp\/v2\/product\/520"}],"collection":[{"href":"https:\/\/sodes-shop.com\/index.php\/wp-json\/wp\/v2\/product"}],"about":[{"href":"https:\/\/sodes-shop.com\/index.php\/wp-json\/wp\/v2\/types\/product"}],"replies":[{"embeddable":true,"href":"https:\/\/sodes-shop.com\/index.php\/wp-json\/wp\/v2\/comments?post=520"}],"wp:featuredmedia":[{"embeddable":true,"href":"https:\/\/sodes-shop.com\/index.php\/wp-json\/wp\/v2\/media\/521"}],"wp:attachment":[{"href":"https:\/\/sodes-shop.com\/index.php\/wp-json\/wp\/v2\/media?parent=520"}],"wp:term":[{"taxonomy":"product_cat","embeddable":true,"href":"https:\/\/sodes-shop.com\/index.php\/wp-json\/wp\/v2\/product_cat?post=520"},{"taxonomy":"product_tag","embeddable":true,"href":"https:\/\/sodes-shop.com\/index.php\/wp-json\/wp\/v2\/product_tag?post=520"}],"curies":[{"name":"wp","href":"https:\/\/api.w.org\/{rel}","templated":true}]}}