{"id":517,"date":"2023-02-18T20:09:28","date_gmt":"2023-02-18T20:09:28","guid":{"rendered":"https:\/\/sodes-shop.com\/?post_type=product&#038;p=517"},"modified":"2025-11-03T21:24:54","modified_gmt":"2025-11-03T21:24:54","slug":"super-x-pro-v2-cx3400-dbx-231","status":"publish","type":"product","link":"https:\/\/sodes-shop.com\/index.php\/product\/super-x-pro-v2-cx3400-dbx-231\/","title":{"rendered":"Super X PRO V2 CX3400 dbx 231"},"content":{"rendered":"<ul>\n<li><strong class=\"table__header\">Nombre de canaux:<\/strong><span class=\"table__cell\">st\u00e9r\u00e9o<\/span><\/li>\n<li><strong class=\"table__header\">Modes:<\/strong>\u00a02 voies,\u00a0<span class=\"table__cell\">3 voies, 4 voies (mono)<\/span><\/li>\n<li><strong class=\"table__header\">Types de filtres:<\/strong><span class=\"table__cell\">Linkwitz-Riley<\/span><\/li>\n<li><strong class=\"table__header\">Filtres :<\/strong><span class=\"table__cell\">24 dB\/octave<\/span><\/li>\n<li><strong class=\"table__header\">Fr\u00e9quences crois\u00e9es <\/strong><\/li>\n<li><strong class=\"table__header\">St\u00e9r\u00e9o:<\/strong>\u00a0<span class=\"table__cell\">Variable; 44Hz-930Hz, 440Hz-9.3kHz<\/span><\/li>\n<li><strong class=\"table__header\">Fr\u00e9quences crois\u00e9es \u2013<\/strong><\/li>\n<li><strong class=\"table__header\">Mono:<\/strong><span class=\"table__cell\">Variable<\/span><\/li>\n<li><strong class=\"table__header\">Entr\u00e9es:<\/strong><span class=\"table__cell\">2 x XLR<\/span><\/li>\n<li><strong class=\"table__header\">Sorties:<\/strong>3 x XLR (ch\u00a0<span class=\"table__cell\">1), 3 x XLR (ch 2)<\/span><\/li>\n<li><strong class=\"table__header\">Espaces rack<\/strong>:\u00a0<span class=\"table__cell\">1U<\/span><\/li>\n<li><strong class=\"table__header\">Hauteur :<\/strong>\u00a0<span class=\"table__cell\">1.7\u00a0\u00bb<\/span><\/li>\n<li><strong class=\"table__header\">Profondeur :<\/strong><span class=\"table__cell\">5.8\u00a0\u00bb<\/span><\/li>\n<li><strong class=\"table__header\">Largeur :<\/strong><span class=\"table__cell\">19\u00a0\u00bb<\/span><\/li>\n<li><strong class=\"table__header\">Poids :<\/strong><span class=\"table__cell\">3.7 lbs.<\/span><\/li>\n<\/ul>\n","protected":false},"excerpt":{"rendered":"<h2>Caract\u00e9ristiques :<\/h2>\n<p>Le CX3400 est un crossover polyvalent \u00e9quip\u00e9 pour toute plate-forme de son live professionnelle. \u00c9quip\u00e9 de filtres Linkwitz-Riley 24 dB\/octave, le CX3400 vous offre les bandes crois\u00e9es abruptes dont vous avez besoin. Chaque sortie dispose d\u2019un contr\u00f4le de gain ind\u00e9pendant, d\u2019un commutateur Muet et d\u2019un commutateur inverse de phase. Les limiteurs individuels sur chaque sortie offrent une protection fiable des haut-parleurs. Vous b\u00e9n\u00e9ficiez \u00e9galement de commandes de retard pour l\u2019alignement de phase de vos pilotes. Pour une utilisation avec un caisson de basses, le CX3400 inclut \u00e9galement une option de sommation de sortie basse fr\u00e9quence.<\/p>\n","protected":false},"featured_media":519,"comment_status":"open","ping_status":"closed","template":"","meta":{"_joinchat":{"message_send":"Bonjour, cet article m'int\u00e9resse https:\/\/sodes-shop.com\/index.php\/product\/super-x-pro-v2-cx3400-dbx-231\/"}},"product_cat":[23,25,26],"product_tag":[],"_links":{"self":[{"href":"https:\/\/sodes-shop.com\/index.php\/wp-json\/wp\/v2\/product\/517"}],"collection":[{"href":"https:\/\/sodes-shop.com\/index.php\/wp-json\/wp\/v2\/product"}],"about":[{"href":"https:\/\/sodes-shop.com\/index.php\/wp-json\/wp\/v2\/types\/product"}],"replies":[{"embeddable":true,"href":"https:\/\/sodes-shop.com\/index.php\/wp-json\/wp\/v2\/comments?post=517"}],"wp:featuredmedia":[{"embeddable":true,"href":"https:\/\/sodes-shop.com\/index.php\/wp-json\/wp\/v2\/media\/519"}],"wp:attachment":[{"href":"https:\/\/sodes-shop.com\/index.php\/wp-json\/wp\/v2\/media?parent=517"}],"wp:term":[{"taxonomy":"product_cat","embeddable":true,"href":"https:\/\/sodes-shop.com\/index.php\/wp-json\/wp\/v2\/product_cat?post=517"},{"taxonomy":"product_tag","embeddable":true,"href":"https:\/\/sodes-shop.com\/index.php\/wp-json\/wp\/v2\/product_tag?post=517"}],"curies":[{"name":"wp","href":"https:\/\/api.w.org\/{rel}","templated":true}]}}