{"id":512,"date":"2023-02-18T18:37:31","date_gmt":"2023-02-18T18:37:31","guid":{"rendered":"https:\/\/sodes-shop.com\/?post_type=product&#038;p=512"},"modified":"2025-11-03T21:27:13","modified_gmt":"2025-11-03T21:27:13","slug":"ultragraphe-pro-fbq3102","status":"publish","type":"product","link":"https:\/\/sodes-shop.com\/index.php\/product\/ultragraphe-pro-fbq3102\/","title":{"rendered":"ULTRAGRAPHE PRO FBQ3102"},"content":{"rendered":"<p>Les ing\u00e9nieurs du son professionnels savent depuis des d\u00e9cennies qu\u2019un bon \u00e9galiseur fait toute la diff\u00e9rence dans la fa\u00e7on dont une performance est per\u00e7ue. Bien que les \u00e9galiseurs graphiques multi-bandes existent depuis longtemps, ils ont tr\u00e8s peu chang\u00e9&#8230; Jusqu\u2019\u00e0 maintenant! L\u2019ULTRAGRAPH FBQ-PRO FBQ3102 fait un pas de g\u00e9ant technologiquement en \u00e9galiseur, offrant des ensembles de fonctionnalit\u00e9s robustes et notre syst\u00e8me exclusif de d\u00e9tection de r\u00e9troaction FBQ &#8211; \u00e0 un prix qui en fait un incontournable pour quiconque enregistre ou utilise un syst\u00e8me audio en direct.<\/p>\n","protected":false},"excerpt":{"rendered":"<h2 class=\"title-rayon\">Caract\u00e9ristiques<\/h2>\n<ul>\n<li class=\"col\">Egaliseur graphique st\u00e9r\u00e9o 31 bandes pour les applications professionnelles live et studio<\/li>\n<li class=\"col\">Syst\u00e8me r\u00e9volutionnaire FBQ de d\u00e9tection instantan\u00e9e des fr\u00e9quences d\u2019accrochage \u00e9galement utilisable comme analyseur de spectre<\/li>\n<li>Sortie subwoofer mono d\u00e9di\u00e9e avec fr\u00e9quence de coupure r\u00e9glable<\/li>\n<li>Filtres coupe bas et coupe haut r\u00e9glables sur chaque canal pour la suppression des bruits r\u00e9siduels tels que des battements de pied, le souffle d\u2019une bande, etc.<\/li>\n<li>Afficheur \u00e0 LED 12 segments de haute pr\u00e9cision indiquant les niveaux d\u2019entr\u00e9e et de sortie plus commande de gain d\u2019entr\u00e9e pour des niveaux parfaits<\/li>\n<li>Amplis op\u00e9rationnels \u00e0 bruit ultra faible garantissant des performances sonores irr\u00e9prochables<\/li>\n<li>Hard bypass par relais avec fonction de bypass automatique en cas de coupure de la tension secteur<\/li>\n<li>Entr\u00e9es et sorties sym\u00e9triques sur jacks et XLR plaqu\u00e9s or<\/li>\n<\/ul>\n","protected":false},"featured_media":515,"comment_status":"open","ping_status":"closed","template":"","meta":{"_joinchat":[]},"product_cat":[25,26],"product_tag":[],"_links":{"self":[{"href":"https:\/\/sodes-shop.com\/index.php\/wp-json\/wp\/v2\/product\/512"}],"collection":[{"href":"https:\/\/sodes-shop.com\/index.php\/wp-json\/wp\/v2\/product"}],"about":[{"href":"https:\/\/sodes-shop.com\/index.php\/wp-json\/wp\/v2\/types\/product"}],"replies":[{"embeddable":true,"href":"https:\/\/sodes-shop.com\/index.php\/wp-json\/wp\/v2\/comments?post=512"}],"wp:featuredmedia":[{"embeddable":true,"href":"https:\/\/sodes-shop.com\/index.php\/wp-json\/wp\/v2\/media\/515"}],"wp:attachment":[{"href":"https:\/\/sodes-shop.com\/index.php\/wp-json\/wp\/v2\/media?parent=512"}],"wp:term":[{"taxonomy":"product_cat","embeddable":true,"href":"https:\/\/sodes-shop.com\/index.php\/wp-json\/wp\/v2\/product_cat?post=512"},{"taxonomy":"product_tag","embeddable":true,"href":"https:\/\/sodes-shop.com\/index.php\/wp-json\/wp\/v2\/product_tag?post=512"}],"curies":[{"name":"wp","href":"https:\/\/api.w.org\/{rel}","templated":true}]}}