{"id":490,"date":"2023-02-18T17:31:14","date_gmt":"2023-02-18T17:31:14","guid":{"rendered":"https:\/\/sodes-shop.com\/?post_type=product&#038;p=490"},"modified":"2025-11-03T21:13:53","modified_gmt":"2025-11-03T21:13:53","slug":"console-amplifier-pmx608d","status":"publish","type":"product","link":"https:\/\/sodes-shop.com\/index.php\/product\/console-amplifier-pmx608d\/","title":{"rendered":"Console amplifier PMX608D"},"content":{"rendered":"<p>Max pmx 608 du 6 canaux Bluetooth powered audio mixer w \/ usb \/ sd. Max PMX 608 DU est une console de mixage audio professionnelle aliment\u00e9e compos\u00e9e de 6 canaux d\u2019entr\u00e9e et 1600 watts int\u00e9gr\u00e9s amplifier.it dispose de deux canaux de sortie chacun avec un \u00e9galiseur graphique et deux sorties Speakon Jack et AUX Jack, alimentant directement 4 haut-parleurs.Avec son amplificateur de 1600 watts, il est utilis\u00e9 de mani\u00e8re stable avec 6 haut-parleurs de milieu de gamme, Il dispose de 8 canaux d\u2019entr\u00e9e, chacun compos\u00e9 d\u2019entr\u00e9es XLR et Jack, chaque canal a des \u00e9galiseurs et des effets<\/p>\n","protected":false},"excerpt":{"rendered":"<h3>Principales caract\u00e9ristiques :<\/h3>\n<ul>\n<li>Amplificateur de canal \u00e0 faible bruit avec m\u00e9langeur d&#8217;effets st\u00e9r\u00e9o num\u00e9riques int\u00e9gr\u00e9<\/li>\n<li>\u00a0microphone et entr\u00e9es de ligne \u00e9quilibr\u00e9s<\/li>\n<li>R\u00e9glages de canal et commutateur de gain, \u00e9galiseur \u00e0 3 bandes<\/li>\n<li>\u00a0Master stereo 7-band graphic pris<\/li>\n<li>10 affichage du niveau de pr\u00e9cision, effet de retard num\u00e9rique int\u00e9gr\u00e9<\/li>\n<li>\u00a0Un ensemble de sorties audio, sortie de moniteur de casque<\/li>\n<li>1 sortie principale (ligne) et un ensemble de sortie mono<\/li>\n<li>\u00a0Effets de r\u00e9verb\u00e9ration num\u00e9riques pour obtenir l&#8217;affichage de l&#8217;\u00e9tat souhait\u00e9, cette fonction montre l&#8217;effet de l&#8217;\u00e9tat \u00e0 16 vitesses \u00e0 ajuster<\/li>\n<li>\u00a0Pleine puissance 350W * 2 4 ohms sortie<\/li>\n<\/ul>\n","protected":false},"featured_media":495,"comment_status":"open","ping_status":"closed","template":"","meta":{"_joinchat":[]},"product_cat":[25,26],"product_tag":[],"_links":{"self":[{"href":"https:\/\/sodes-shop.com\/index.php\/wp-json\/wp\/v2\/product\/490"}],"collection":[{"href":"https:\/\/sodes-shop.com\/index.php\/wp-json\/wp\/v2\/product"}],"about":[{"href":"https:\/\/sodes-shop.com\/index.php\/wp-json\/wp\/v2\/types\/product"}],"replies":[{"embeddable":true,"href":"https:\/\/sodes-shop.com\/index.php\/wp-json\/wp\/v2\/comments?post=490"}],"wp:featuredmedia":[{"embeddable":true,"href":"https:\/\/sodes-shop.com\/index.php\/wp-json\/wp\/v2\/media\/495"}],"wp:attachment":[{"href":"https:\/\/sodes-shop.com\/index.php\/wp-json\/wp\/v2\/media?parent=490"}],"wp:term":[{"taxonomy":"product_cat","embeddable":true,"href":"https:\/\/sodes-shop.com\/index.php\/wp-json\/wp\/v2\/product_cat?post=490"},{"taxonomy":"product_tag","embeddable":true,"href":"https:\/\/sodes-shop.com\/index.php\/wp-json\/wp\/v2\/product_tag?post=490"}],"curies":[{"name":"wp","href":"https:\/\/api.w.org\/{rel}","templated":true}]}}