{"id":485,"date":"2023-02-17T11:46:12","date_gmt":"2023-02-17T11:46:12","guid":{"rendered":"https:\/\/sodes-shop.com\/?post_type=product&#038;p=485"},"modified":"2024-10-30T05:08:34","modified_gmt":"2024-10-30T05:08:34","slug":"console-amplifier-pmx808d-usb","status":"publish","type":"product","link":"https:\/\/sodes-shop.com\/index.php\/product\/console-amplifier-pmx808d-usb\/","title":{"rendered":"Console amplifier PMX808D"},"content":{"rendered":"<ul>\n<li>Entr\u00e9es mono 8 canaux pour microphone<\/li>\n<li>Processeur d\u2019effet DSP 16 DSP int\u00e9gr\u00e9<\/li>\n<li>Alimentation fant\u00f4me 48V pour microphone \u00e0 condensateur<\/li>\n<li>LCD peut afficher les paroles &#8211; Fonction d\u2019enregistrement<\/li>\n<li>Connecte l\u2019ordinateur avec un c\u00e2ble USB &#8211; Avec fente USB pour lire directement de la musique MP3 \/ WMA<\/li>\n<li>\u00c9galiseur 2 bandes sur chaque canal et \u00e9galiseur graphique 5 bandes sur le canal principal<\/li>\n<li>Pr\u00e9ampli \u00e0 faible bruit sur chaque canal avec volume, panoramique, effet, \u00e9galiseur 2 bandes et gain<\/li>\n<li>entr\u00e9es sym\u00e9triques pour une int\u00e9grit\u00e9 de signal maximale<\/li>\n<li>Sortie Master Mix et sortie REC<\/li>\n<li>Prise de sortie casque<\/li>\n<li>Id\u00e9al pour une utilisation dans les f\u00eates de famille, les petites performances sur sc\u00e8ne, etc.<\/li>\n<li>Dimension totale (Lxlxh): 16 1\/2 \u00ab x 13 \u00bb x 5 3\/8 \u00bb (42 x 33,5 x 13,5 cm)<\/li>\n<li>Longueur du cordon d\u2019alimentation: 3.9ft (1.2m)<\/li>\n<li>Tension: 240V \/ 220V<\/li>\n<li>Puissance de sortie: 800wx2, 4\u03c9<\/li>\n<li>Rapport S \/ N: &gt;105dB<\/li>\n<li>THD : &lt;0,01 %<\/li>\n<li>R\u00e9ponse en fr\u00e9quence : 20Hz \u00e0 18kHz<\/li>\n<li>Poids net: 15.6lbs (7.1kg) Contenu de l\u2019emballage:<\/li>\n<li>1x m\u00e9langeur aliment\u00e9<\/li>\n<li>1x cordon d\u2019alimentation<\/li>\n<li>1x manuel<\/li>\n<\/ul>\n","protected":false},"excerpt":{"rendered":"<h3>Caract\u00e9ristiques :<\/h3>\n<p>Comme pour les groupes ou les DJ, les consoles MGP s\u2019adaptent facilement \u00e0 de nombreuses applications, de la petite sonorisation portable aux installations fixes n\u00e9cessitant une fiabilit\u00e9 irr\u00e9prochable. Gr\u00e2ce aux nouvelles fonctions num\u00e9riques et \u00e0 une qualit\u00e9 sonore exemplaire, les possibilit\u00e9s sont infinies. Console de mixage haut de gamme 8 canaux.<\/p>\n","protected":false},"featured_media":488,"comment_status":"open","ping_status":"closed","template":"","meta":{"_joinchat":{"message_send":"Bonjour, cet article m'int\u00e9resse https:\/\/sodes-shop.com\/index.php\/product\/console-amplifier-pmx808d-usb\/"}},"product_cat":[23,25,26],"product_tag":[],"_links":{"self":[{"href":"https:\/\/sodes-shop.com\/index.php\/wp-json\/wp\/v2\/product\/485"}],"collection":[{"href":"https:\/\/sodes-shop.com\/index.php\/wp-json\/wp\/v2\/product"}],"about":[{"href":"https:\/\/sodes-shop.com\/index.php\/wp-json\/wp\/v2\/types\/product"}],"replies":[{"embeddable":true,"href":"https:\/\/sodes-shop.com\/index.php\/wp-json\/wp\/v2\/comments?post=485"}],"wp:featuredmedia":[{"embeddable":true,"href":"https:\/\/sodes-shop.com\/index.php\/wp-json\/wp\/v2\/media\/488"}],"wp:attachment":[{"href":"https:\/\/sodes-shop.com\/index.php\/wp-json\/wp\/v2\/media?parent=485"}],"wp:term":[{"taxonomy":"product_cat","embeddable":true,"href":"https:\/\/sodes-shop.com\/index.php\/wp-json\/wp\/v2\/product_cat?post=485"},{"taxonomy":"product_tag","embeddable":true,"href":"https:\/\/sodes-shop.com\/index.php\/wp-json\/wp\/v2\/product_tag?post=485"}],"curies":[{"name":"wp","href":"https:\/\/api.w.org\/{rel}","templated":true}]}}