{"id":467,"date":"2023-02-17T10:35:41","date_gmt":"2023-02-17T10:35:41","guid":{"rendered":"https:\/\/sodes-shop.com\/?post_type=product&#038;p=467"},"modified":"2025-05-17T11:25:59","modified_gmt":"2025-05-17T11:25:59","slug":"caisse-amplifier-srx725","status":"publish","type":"product","link":"https:\/\/sodes-shop.com\/index.php\/product\/caisse-amplifier-srx725\/","title":{"rendered":"CAISSE AMPLIFIER SRX725"},"content":{"rendered":"<div class=\"details\">\n<p class=\"description\">Au c\u0153ur du syst\u00e8me JBL SRX725 se trouve une paire de haut-parleurs \u00e0 entra\u00eenement diff\u00e9rentiel de 15 pouces qui g\u00e8rent une puissance RMS \u00e9tonnante de 1 200 W, 4 800 W de cr\u00eate. Le haut-parleur de compression 4\u00a0\u00bb est l\u2019un des meilleurs haut-parleurs de haute puissance fabriqu\u00e9s, offrant des m\u00e9diums et des aigus lisses et clairs. Un sch\u00e9ma de dispersion de 75\u00b0 x 50\u00b0 assure une couverture totale de l\u2019audience. Une paire de ces armoires avec un ampli haute puissance vous donnera le m\u00e9lange ultime de performance et de simplicit\u00e9. La construction robuste rend ces haut-parleurs audio pr\u00eats pour la route et \u00e9limine les pertes acoustiques. Ajoutez un caisson de basses SRX718S 18\u00a0\u00bb (non inclus) pour encore plus de bas de gamme !<\/p>\n<\/div>\n<div class=\"specs\">\n<h4><\/h4>\n<\/div>\n","protected":false},"excerpt":{"rendered":"<h3>Principales caract\u00e9ristiques :<\/h3>\n<ul>\n<li>Haut-parleurs \u00e0 entra\u00eenement diff\u00e9rentiel 2 &#8211; 15\u00a0\u00bb<\/li>\n<li>Pilote de compression 4\u00a0\u00bb pour les m\u00e9diums et les aigus<\/li>\n<li>Gestion continue de la puissance de 1 200 W, gestion de cr\u00eate de 4 800 W<\/li>\n<li>Motif de couverture 75\u00b0 x 50\u00b0<\/li>\n<li>SRX725F 2-Way Dual 15\u00a0\u00bb Sp\u00e9cifications de l\u2019enceinte:<\/li>\n<\/ul>\n<div id=\"specifications\" class=\"tabContent hasChrome sharp-tl\">\n<div class=\"specs\">\n<ul>\n<li>Double syst\u00e8me d\u2019enceinte bass-reflex de 15 po \u00e0 2 voies<\/li>\n<li>Gamme de fr\u00e9quence: 37Hz-20kHz<\/li>\n<li>R\u00e9ponse en fr\u00e9quence: 53Hz-20kHz<\/li>\n<li>Mod\u00e8le de couverture: 75 degr\u00e9s x 50 degr\u00e9s nominal<\/li>\n<li>Puissance nominale : 1 200 W RMS, 4 800 W cr\u00eate<\/li>\n<li>21-1\/3\u00a0\u00bb L x 48&#8243;H x 20\u00a0\u00bb P<\/li>\n<li>100 l<\/li>\n<\/ul>\n<\/div>\n<\/div>\n","protected":false},"featured_media":470,"comment_status":"open","ping_status":"closed","template":"","meta":{"_joinchat":[]},"product_cat":[25,26],"product_tag":[],"_links":{"self":[{"href":"https:\/\/sodes-shop.com\/index.php\/wp-json\/wp\/v2\/product\/467"}],"collection":[{"href":"https:\/\/sodes-shop.com\/index.php\/wp-json\/wp\/v2\/product"}],"about":[{"href":"https:\/\/sodes-shop.com\/index.php\/wp-json\/wp\/v2\/types\/product"}],"replies":[{"embeddable":true,"href":"https:\/\/sodes-shop.com\/index.php\/wp-json\/wp\/v2\/comments?post=467"}],"wp:featuredmedia":[{"embeddable":true,"href":"https:\/\/sodes-shop.com\/index.php\/wp-json\/wp\/v2\/media\/470"}],"wp:attachment":[{"href":"https:\/\/sodes-shop.com\/index.php\/wp-json\/wp\/v2\/media?parent=467"}],"wp:term":[{"taxonomy":"product_cat","embeddable":true,"href":"https:\/\/sodes-shop.com\/index.php\/wp-json\/wp\/v2\/product_cat?post=467"},{"taxonomy":"product_tag","embeddable":true,"href":"https:\/\/sodes-shop.com\/index.php\/wp-json\/wp\/v2\/product_tag?post=467"}],"curies":[{"name":"wp","href":"https:\/\/api.w.org\/{rel}","templated":true}]}}