{"id":455,"date":"2023-02-17T09:52:47","date_gmt":"2023-02-17T09:52:47","guid":{"rendered":"https:\/\/sodes-shop.com\/?post_type=product&#038;p=455"},"modified":"2025-11-03T21:12:33","modified_gmt":"2025-11-03T21:12:33","slug":"caisse-amplifier-srx712","status":"publish","type":"product","link":"https:\/\/sodes-shop.com\/index.php\/product\/caisse-amplifier-srx712\/","title":{"rendered":"CAISSE AMPLIFIER SRX712"},"content":{"rendered":"<div data-spm-anchor-id=\"a2g0o.detail.1000023.i0.538a3188NIXghJ\">\n<p>Le moniteur de sc\u00e8ne bidirectionnel JBL SRX712M a \u00e9t\u00e9 con\u00e7u pour \u00eatre le haut-parleur de moniteur le plus l\u00e9ger, le plus petit, le plus fort et le plus clair possible, tout en offrant une apparence \u00e9tonnamment professionnelle. Ce moniteur audio professionnel utilise un woofer \u00e0 entra\u00eenement diff\u00e9rentiel de 12 pouces et un haut-parleur de compression de 3 pouces (diam\u00e8tre de la bobine vocale) qui g\u00e8re 800 W de puissance continue (3 200 W en cr\u00eate) Un klaxon de 90 \u00b0 x 50 \u00b0 offre une couverture fluide et uniforme, quelle que soit la position de l\u2019artiste. Le moniteur SRX712M peut \u00eatre mont\u00e9 sur tr\u00e9pied ou plac\u00e9 sur un caisson de basses avec le support \u00e0 double angle de JBL, offrant une inclinaison verticale de 90\u00b0 ou 10\u00b0 vers le bas pour une couverture optimale du public.<\/p>\n<ul>\n<li>Woofer \u00e0 entra\u00eenement diff\u00e9rentiel 12\u00a0\u00bb<\/li>\n<li>Pilote de compression 3\u00a0\u00bb (diam\u00e8tre de la bobine vocale)<\/li>\n<li>Gestion 800 W RMS, 3 200 W de gestion de cr\u00eate<\/li>\n<li>Tr\u00e9pied\/poteau montable<\/li>\n<li>La corne de 90\u00b0 x 50\u00b0 offre une couverture uniforme<\/li>\n<\/ul>\n<\/div>\n","protected":false},"excerpt":{"rendered":"<h3>Principales caract\u00e9ristiques :<\/h3>\n<ul>\n<li>\u00a0Imp\u00e9dance nominale: 8 Ohms<\/li>\n<li>\u00a0Capacit\u00e9 de puissance: Continu \/ Programme \/ Cr\u00eate: Passif: 800W \/ 1600W \/ 3200W Bi-ampli LF: 800W \/ 1600W \/ 3200W Bi-ampli HF: 75W \/ 150W \/ 300W<\/li>\n<li>Gamme de fr\u00e9quence: 70 Hz &#8211; 20 kHz (\u201310 dB)\u2022 SPL maximum: 131 dB SPL cr\u00eate (1 Watt @ 1 m\u00e8tre)\u2022 Sensibilit\u00e9 du syst\u00e8me: Mode passif 96 dB SPL (1 Watt@ 1 m\u00e8tre)<\/li>\n<li>Fr\u00e9quence des multisegments : 1,2 kHz<\/li>\n<\/ul>\n","protected":false},"featured_media":459,"comment_status":"open","ping_status":"closed","template":"","meta":{"_joinchat":[]},"product_cat":[25,26],"product_tag":[],"_links":{"self":[{"href":"https:\/\/sodes-shop.com\/index.php\/wp-json\/wp\/v2\/product\/455"}],"collection":[{"href":"https:\/\/sodes-shop.com\/index.php\/wp-json\/wp\/v2\/product"}],"about":[{"href":"https:\/\/sodes-shop.com\/index.php\/wp-json\/wp\/v2\/types\/product"}],"replies":[{"embeddable":true,"href":"https:\/\/sodes-shop.com\/index.php\/wp-json\/wp\/v2\/comments?post=455"}],"wp:featuredmedia":[{"embeddable":true,"href":"https:\/\/sodes-shop.com\/index.php\/wp-json\/wp\/v2\/media\/459"}],"wp:attachment":[{"href":"https:\/\/sodes-shop.com\/index.php\/wp-json\/wp\/v2\/media?parent=455"}],"wp:term":[{"taxonomy":"product_cat","embeddable":true,"href":"https:\/\/sodes-shop.com\/index.php\/wp-json\/wp\/v2\/product_cat?post=455"},{"taxonomy":"product_tag","embeddable":true,"href":"https:\/\/sodes-shop.com\/index.php\/wp-json\/wp\/v2\/product_tag?post=455"}],"curies":[{"name":"wp","href":"https:\/\/api.w.org\/{rel}","templated":true}]}}