{"id":422,"date":"2023-02-17T07:56:23","date_gmt":"2023-02-17T07:56:23","guid":{"rendered":"https:\/\/sodes-shop.com\/?post_type=product&#038;p=422"},"modified":"2023-02-25T18:28:39","modified_gmt":"2023-02-25T18:28:39","slug":"microphone-sans-fils-dh-744-max-professional","status":"publish","type":"product","link":"https:\/\/sodes-shop.com\/index.php\/product\/microphone-sans-fils-dh-744-max-professional\/","title":{"rendered":"Microphone sans fils DH-744 MAX  PROFESSIONAL"},"content":{"rendered":"<p>Le syst\u00e8me de microphone sans fil<br \/>\nDH-744 est une conception de microphone sans fil de bonne qualit\u00e9 pour les utilisateurs qui ont besoin de performances professionnelles et d\u2019une solution budg\u00e9taire. Le syst\u00e8me offre un son parfait en utilisant une bande de fr\u00e9quence UHF \u00e0 faible interf\u00e9rence, et il est solide et fiable pour r\u00e9pondre \u00e0 diverses utilisations, du grand spectacle bond\u00e9 \u00e0 l\u2019utilisation officielle.<br \/>\nUtilise le segment VHF 220-270MHz en \u00e9vitant la fr\u00e9quence d\u2019interf\u00e9rence. Offrant une qualit\u00e9 sonore propre et excellente, le son remplira compl\u00e8tement la pi\u00e8ce. Id\u00e9al pour le chant ou la parole et le karaok\u00e9. Un id\u00e9al id\u00e9al pour l\u2019\u00e9ducation des enfants, le karaok\u00e9 familial, le divertissement \u00e0 domicile, les concerts en plein air et les conf\u00e9rences d\u2019affaires, etc.<br \/>\nDe petite taille et l\u00e9ger, peut \u00eatre transport\u00e9 n\u2019importe o\u00f9 pour profiter du karaok\u00e9 ou de la parole pour n\u2019importe quelle occasion.<\/p>\n<p>Dot\u00e9 d\u2019un syst\u00e8me sans fil, c\u2019est un microphone de qualit\u00e9 sup\u00e9rieure. Id\u00e9al pour une utilisation professionnelle lors d\u2019\u00e9v\u00e9nements tel que les concerts et les mariages. Il est durable et tr\u00e8s puissant. Branchez-le \u00e0 des haut-parleurs et appr\u00e9ciez sa capacit\u00e9 de vibration. Il est g\u00e9nial et comporte des sorties. Deux boutons molettes y sont incorpor\u00e9s afin de vous permettre un r\u00e9glage \u00e0 volont\u00e9 de la puissance sonore. C\u2019est un microphone dynamique et durable.<\/p>\n","protected":false},"excerpt":{"rendered":"<h3>Principales caract\u00e9ristiques :<\/h3>\n<ul>\n<li>Fr\u00e9quence: VHF 220-270MHz -Stabilit\u00e9 de fr\u00e9quence: 90db -R\u00e9ponse en fr\u00e9quence: 40Hz-18KHz<\/li>\n<li>Sortie audio: 0 ~ \u5364400mV Transmetteur<br \/>\nde micro -Puissance de l\u2019\u00e9metteur: 10mV -Batterie: pile AA (non incluse)<\/li>\n<li>Utilisation continue: r\u00e9cepteur<br \/>\n6h<\/li>\n<li>Tension d\u2019alimentation: 12V<\/li>\n<li>Consommation \u00e9lectrique: 1W<\/li>\n<li>S \/ N R: &gt;80db<\/li>\n<li>Sensibilit\u00e9: 12dbu (S \/ N = 20db)<\/li>\n<\/ul>\n","protected":false},"featured_media":423,"comment_status":"open","ping_status":"closed","template":"","meta":{"_joinchat":[]},"product_cat":[24,25],"product_tag":[],"_links":{"self":[{"href":"https:\/\/sodes-shop.com\/index.php\/wp-json\/wp\/v2\/product\/422"}],"collection":[{"href":"https:\/\/sodes-shop.com\/index.php\/wp-json\/wp\/v2\/product"}],"about":[{"href":"https:\/\/sodes-shop.com\/index.php\/wp-json\/wp\/v2\/types\/product"}],"replies":[{"embeddable":true,"href":"https:\/\/sodes-shop.com\/index.php\/wp-json\/wp\/v2\/comments?post=422"}],"wp:featuredmedia":[{"embeddable":true,"href":"https:\/\/sodes-shop.com\/index.php\/wp-json\/wp\/v2\/media\/423"}],"wp:attachment":[{"href":"https:\/\/sodes-shop.com\/index.php\/wp-json\/wp\/v2\/media?parent=422"}],"wp:term":[{"taxonomy":"product_cat","embeddable":true,"href":"https:\/\/sodes-shop.com\/index.php\/wp-json\/wp\/v2\/product_cat?post=422"},{"taxonomy":"product_tag","embeddable":true,"href":"https:\/\/sodes-shop.com\/index.php\/wp-json\/wp\/v2\/product_tag?post=422"}],"curies":[{"name":"wp","href":"https:\/\/api.w.org\/{rel}","templated":true}]}}