{"id":405,"date":"2023-02-17T00:46:10","date_gmt":"2023-02-17T00:46:10","guid":{"rendered":"https:\/\/sodes-shop.com\/?post_type=product&#038;p=405"},"modified":"2023-02-25T18:46:29","modified_gmt":"2023-02-25T18:46:29","slug":"microphone-de-studio-c-2-behringer","status":"publish","type":"product","link":"https:\/\/sodes-shop.com\/index.php\/product\/microphone-de-studio-c-2-behringer\/","title":{"rendered":"Microphone de studio C-2 BEHRINGER"},"content":{"rendered":"<p>La paire Behringer C-2 Matching est con\u00e7ue pour capturer la performance d\u2019un ch\u0153ur, d\u2019un piano ou d\u2019une source sonore vocale; tout en fournissant un son magnifique et r\u00e9aliste. Parfaitement assortie, la paire assortie C-2 est id\u00e9ale pour les guitares acoustiques, les studios de batterie a\u00e9riens et les applications sonores en direct.<\/p>\n<p>Une fois que vous avez connect\u00e9 votre paire assortie C-2 \u00e0 votre syst\u00e8me audio, vous profiterez d\u2019une r\u00e9ponse en fr\u00e9quence exceptionnellement plate. Avec une amplification moyenne de 4dB entre 1 kHz et 8 kHz. Par cons\u00e9quent, vous donner un son l\u00e9g\u00e8rement plus lumineux qui est parfait pour les cymbales et le micro a\u00e9rien. Cette r\u00e9ponse profitera \u00e9galement aux ch\u0153urs d\u2019enregistrement et aux pianos acoustiques. Alors que le mod\u00e8le de captation cardio\u00efde du C-2 fournit une s\u00e9paration des sources sonores et un rejet de r\u00e9troaction in\u00e9gal\u00e9s. De plus, les circuits du C-2 contiennent une entr\u00e9e FET sans transformateur \u00e0 tr\u00e8s faible bruit. Permettant au C-2 de g\u00e9rer des dynamiques extr\u00eames, tout en maintenant un niveau SPL maximal de 150 dB.<\/p>\n<p>L\u2019ajout d\u2019un roll-off commutable \u00e0 basse fr\u00e9quence \u00e9limine les infrasons (manipulation du microphone et bruit du vent), ainsi qu\u2019une att\u00e9nuation d\u2019entr\u00e9e commutable de 10 dB; accommodant pour les signaux chauds, tels que les chanteurs tr\u00e8s forts<\/p>\n","protected":false},"excerpt":{"rendered":"<h3>Principales caract\u00e9ristiques :<\/h3>\n<ul>\n<li>2 microphones \u00e0 condensateur assortis pour l\u2019enregistrement en studio st\u00e9r\u00e9o et les applications en direct<\/li>\n<li>Id\u00e9al comme microphones principaux et de support pour les applications en studio et en direct<\/li>\n<li>Mod\u00e8le de ramassage cardio\u00efde pour une \u00e9limination efficace de la r\u00e9troaction<\/li>\n<li>Diaphragme de faible masse pour une r\u00e9ponse en fr\u00e9quence ultra-large et une reproduction sonore ultime<\/li>\n<li>Roll-off basse fr\u00e9quence commutable et att\u00e9nuation d\u2019entr\u00e9e<\/li>\n<li>L\u2019entr\u00e9e FET sans transformateur ultra faible bruit \u00e9limine la distorsion basse fr\u00e9quence<\/li>\n<li>Construction ultra-robuste avec corps m\u00e9tallique moul\u00e9 sous pression<\/li>\n<li>Connecteur XLR 3 broches plaqu\u00e9 or pour une int\u00e9grit\u00e9 de signal maximale<\/li>\n<li>Des composants de haute qualit\u00e9 et une construction exceptionnellement robuste garantissent une longue dur\u00e9e de vie<\/li>\n<\/ul>\n","protected":false},"featured_media":408,"comment_status":"open","ping_status":"closed","template":"","meta":{"_joinchat":[]},"product_cat":[24,25],"product_tag":[],"_links":{"self":[{"href":"https:\/\/sodes-shop.com\/index.php\/wp-json\/wp\/v2\/product\/405"}],"collection":[{"href":"https:\/\/sodes-shop.com\/index.php\/wp-json\/wp\/v2\/product"}],"about":[{"href":"https:\/\/sodes-shop.com\/index.php\/wp-json\/wp\/v2\/types\/product"}],"replies":[{"embeddable":true,"href":"https:\/\/sodes-shop.com\/index.php\/wp-json\/wp\/v2\/comments?post=405"}],"wp:featuredmedia":[{"embeddable":true,"href":"https:\/\/sodes-shop.com\/index.php\/wp-json\/wp\/v2\/media\/408"}],"wp:attachment":[{"href":"https:\/\/sodes-shop.com\/index.php\/wp-json\/wp\/v2\/media?parent=405"}],"wp:term":[{"taxonomy":"product_cat","embeddable":true,"href":"https:\/\/sodes-shop.com\/index.php\/wp-json\/wp\/v2\/product_cat?post=405"},{"taxonomy":"product_tag","embeddable":true,"href":"https:\/\/sodes-shop.com\/index.php\/wp-json\/wp\/v2\/product_tag?post=405"}],"curies":[{"name":"wp","href":"https:\/\/api.w.org\/{rel}","templated":true}]}}