{"id":402,"date":"2023-02-17T00:27:34","date_gmt":"2023-02-17T00:27:34","guid":{"rendered":"https:\/\/sodes-shop.com\/?post_type=product&#038;p=402"},"modified":"2023-02-25T18:48:12","modified_gmt":"2023-02-25T18:48:12","slug":"microphone-de-studio-b-2-behringer","status":"publish","type":"product","link":"https:\/\/sodes-shop.com\/index.php\/product\/microphone-de-studio-b-2-behringer\/","title":{"rendered":"Microphone de studio B-2 BEHRINGER"},"content":{"rendered":"<p>Micro professionnel condensateur double diaphragme 1&#8243; pour une qualit audio ingalable Idal comme micro de prise ou d&#8217;ambiance pour le studio et le live Gradient de pression avec capsule anti choc double diaphragme plaque or Rponse en frquences exceptionnellement linaire et incroyablement musicale Slecteur de directivit cardio\u00efde, omnidirectionnelle ou en huit Filtre coupe bas dbrayable Attnuateur 10 dB dbrayable Circuit FET sans transformateur ultra faible bruit Connecteur de sortie XLR 3 broches plaqu or Fabrication robuste et corps en cuivre plaqu nickel satin Suspension, bonnette et mallette de transport incluses<\/p>\n","protected":false},"excerpt":{"rendered":"<h3>Principales caract\u00e9ristiques :<\/h3>\n<ul>\n<li>Microphone \u00e0 condensateur double membrane<\/li>\n<li>Id\u00e9al comme microphone principal et de soutien pour les applications en studio et en direct<\/li>\n<li>R\u00e9cepteur \u00e0 gradient de pression avec double membrane 1\u2033 r\u00e9sistante aux chocs et recouverte d\u2019or<\/li>\n<li>Construction robuste avec bo\u00eetier en laiton nickel\u00e9<\/li>\n<li>Directivit\u00e9s : cardio\u00efde, omnidirectionnelle ou figure en huit s\u00e9lectionnable<\/li>\n<li>Filtre coupe-bas commutable : 6 dB\/octave @ 150 Hz<\/li>\n<li>R\u00e9ponse en fr\u00e9quence : 20 \u2013 20 000 Hz<\/li>\n<li>Niveau de pression acoustique max. : 138 dB<\/li>\n<li>Sensibilit\u00e9 : 14 \u2013 18 mV\/Pa (varie en fonction de la caract\u00e9ristique directionnelle)<\/li>\n<li>Imp\u00e9dance nominale : &lt;100 Ohm Pad att\u00e9nuateur commutable : -10 dB Alimentation fant\u00f4me +48V requise Sortie XLR plaqu\u00e9e or<\/li>\n<li>Diam\u00e8tre du panier : 56 mm Longueur : 210 mm Poids : 0,55 kg Livr\u00e9 avec bonnette, suspension et \u00e9tui<\/li>\n<\/ul>\n","protected":false},"featured_media":403,"comment_status":"open","ping_status":"closed","template":"","meta":{"_joinchat":[]},"product_cat":[24,23,25],"product_tag":[],"_links":{"self":[{"href":"https:\/\/sodes-shop.com\/index.php\/wp-json\/wp\/v2\/product\/402"}],"collection":[{"href":"https:\/\/sodes-shop.com\/index.php\/wp-json\/wp\/v2\/product"}],"about":[{"href":"https:\/\/sodes-shop.com\/index.php\/wp-json\/wp\/v2\/types\/product"}],"replies":[{"embeddable":true,"href":"https:\/\/sodes-shop.com\/index.php\/wp-json\/wp\/v2\/comments?post=402"}],"wp:featuredmedia":[{"embeddable":true,"href":"https:\/\/sodes-shop.com\/index.php\/wp-json\/wp\/v2\/media\/403"}],"wp:attachment":[{"href":"https:\/\/sodes-shop.com\/index.php\/wp-json\/wp\/v2\/media?parent=402"}],"wp:term":[{"taxonomy":"product_cat","embeddable":true,"href":"https:\/\/sodes-shop.com\/index.php\/wp-json\/wp\/v2\/product_cat?post=402"},{"taxonomy":"product_tag","embeddable":true,"href":"https:\/\/sodes-shop.com\/index.php\/wp-json\/wp\/v2\/product_tag?post=402"}],"curies":[{"name":"wp","href":"https:\/\/api.w.org\/{rel}","templated":true}]}}