{"id":40,"date":"2023-02-11T13:45:57","date_gmt":"2023-02-11T13:45:57","guid":{"rendered":"https:\/\/sodes-shop.com\/?post_type=product&#038;p=40"},"modified":"2023-02-11T14:16:16","modified_gmt":"2023-02-11T14:16:16","slug":"bullet-dh-ipc-hfw1239s1-led-s5","status":"publish","type":"product","link":"https:\/\/sodes-shop.com\/index.php\/product\/bullet-dh-ipc-hfw1239s1-led-s5\/","title":{"rendered":"BULLET-DH-IPC-HFW1239S1-LED-S5"},"content":{"rendered":"<h2><b>Cam\u00e9ra de surveillance Dahua IPC-HFW1239S1-LED-0280B-S5 IP Bullet couleur 2MP, CMOS 1 \/ 2.8\u00a0\u00bb, 2.8mm, LED 10m, IP67, avec alimentation PoE<\/b><\/h2>\n<p>La\u00a0cam\u00e9ra balle\u00a0<b>IPC-HFW1239S1-LED-0280B-S5\u00a0<\/b>de Dahua\u00a0convient aussi bien \u00e0 l\u2019int\u00e9rieur qu\u2019\u00e0 l\u2019ext\u00e9rieur, avec un niveau de protection\u00a0<strong>IP67<\/strong>, ce qui lui conf\u00e8re une r\u00e9sistance aux intemp\u00e9ries. C\u2019est le bon choix pour transmettre des images couleur\u00a0<strong>24h \/ 7 et 10j \/ 2<\/strong>, \u00e9tant \u00e9quip\u00e9 de la technologie Full Color et d\u2019une LED avec lumi\u00e8re blanche qui peut \u00e9clairer des objets jusqu\u2019\u00e0\u00a0<strong>8m<\/strong>\u00a0de plaisir. Il est \u00e9galement Full-HD, c\u2019est pourquoi l\u2019image transmise est d\u2019une qualit\u00e9 sup\u00e9rieure. L\u2019objectif fixe de\u00a0<strong>106,&lt;&gt; mm<\/strong>\u00a0permet un angle de vision de\u00a0<strong>&lt;&gt;<\/strong><strong>\u00b0<\/strong>.<\/p>\n<p>La cam\u00e9ra est \u00e9galement \u00e9quip\u00e9e de fonctions BLC,\u00a0<strong>HLC<\/strong>\u00a0et\u00a0<strong>DNR<\/strong>\u00a0qui aident \u00e0 am\u00e9liorer la clart\u00e9 de\u00a0<strong>l\u2019image<\/strong>.<\/p>\n<p>BLC (<em>Black Light Compensation<\/em>) consiste \u00e0 corriger l\u2019image en cas d\u2019exposition insuffisante ou \u00e9lev\u00e9e de la lumi\u00e8re. Cette fonction divise l\u2019enregistrement en deux parties diff\u00e9rentes, les corrige, rendant ainsi l\u2019image uniforme pour l\u2019objet mis au point.<\/p>\n<p>HLC (<em>Highlight Compensation<\/em>) est la fonction qui r\u00e9duit l\u2019intensit\u00e9 lumineuse et est efficace pour reconna\u00eetre les plaques d\u2019immatriculation des voitures surtout la nuit.<\/p>\n<p>DNR est la fonction qui r\u00e9duit le bruit de l\u2019image en offrant une qualit\u00e9 sup\u00e9rieure.<\/p>\n","protected":false},"excerpt":{"rendered":"<h3>\u00a0 \u00a0 Principales caract\u00e9ristiques :<\/h3>\n<ul>\n<li>Capteur: CMOS 8 .<\/li>\n<li>R\u00e9solution : 2MP<\/li>\n<li>Images\/seconde : 25\/30.<\/li>\n<li>Objectif fixe: 2.8mm<\/li>\n<li>Angle de vue: 106\u00b0<\/li>\n<li>Distance LED: 10 m\u00e8tres<\/li>\n<li>Fonctions sp\u00e9ciales: DWDR, 3D DNR, HLC, BLC<\/li>\n<li>D\u00e9tecteur de mouvement<\/li>\n<li>IP67 Protection<\/li>\n<li>Alimentation: 12V DC \/ PoE<\/li>\n<li>Bo\u00eetier: M\u00e9tal + plastique<\/li>\n<li>Taille: 162.6mm x 70mm<\/li>\n<li>Poids: 0.22kg<\/li>\n<\/ul>\n","protected":false},"featured_media":41,"comment_status":"open","ping_status":"closed","template":"","meta":{"_joinchat":[]},"product_cat":[18,17],"product_tag":[],"_links":{"self":[{"href":"https:\/\/sodes-shop.com\/index.php\/wp-json\/wp\/v2\/product\/40"}],"collection":[{"href":"https:\/\/sodes-shop.com\/index.php\/wp-json\/wp\/v2\/product"}],"about":[{"href":"https:\/\/sodes-shop.com\/index.php\/wp-json\/wp\/v2\/types\/product"}],"replies":[{"embeddable":true,"href":"https:\/\/sodes-shop.com\/index.php\/wp-json\/wp\/v2\/comments?post=40"}],"wp:featuredmedia":[{"embeddable":true,"href":"https:\/\/sodes-shop.com\/index.php\/wp-json\/wp\/v2\/media\/41"}],"wp:attachment":[{"href":"https:\/\/sodes-shop.com\/index.php\/wp-json\/wp\/v2\/media?parent=40"}],"wp:term":[{"taxonomy":"product_cat","embeddable":true,"href":"https:\/\/sodes-shop.com\/index.php\/wp-json\/wp\/v2\/product_cat?post=40"},{"taxonomy":"product_tag","embeddable":true,"href":"https:\/\/sodes-shop.com\/index.php\/wp-json\/wp\/v2\/product_tag?post=40"}],"curies":[{"name":"wp","href":"https:\/\/api.w.org\/{rel}","templated":true}]}}