{"id":397,"date":"2023-02-16T23:28:47","date_gmt":"2023-02-16T23:28:47","guid":{"rendered":"https:\/\/sodes-shop.com\/?post_type=product&#038;p=397"},"modified":"2023-02-16T23:41:53","modified_gmt":"2023-02-16T23:41:53","slug":"ds-2de4225iw-de","status":"publish","type":"product","link":"https:\/\/sodes-shop.com\/index.php\/product\/ds-2de4225iw-de\/","title":{"rendered":"DOME-DS-2DE4225IW-DE"},"content":{"rendered":"<p><span dir=\"ltr\">DS-2DE4225IW 2MP 25<\/span>\u00d7 R\u00e9seau IR Speed Dome\u00a0<span dir=\"ltr\">Hikvision<\/span>\u00a0<span dir=\"ltr\">DS-2DE4225IW 2MP 25\u00d7 D\u00f4me de vitesse infrarouge r\u00e9seau\u00a0<\/span><span dir=\"ltr\">1 \/ 2,8 pouces \u00e0 balayage progressif puce CMOS. Avec un zoom optique 25x<\/span><span dir=\"ltr\">, la cam\u00e9ra capture plus de d\u00e9tails dans de grandes zones<\/span><span dir=\"ltr\">.<\/span>\u00a0<span dir=\"ltr\">Les cam\u00e9ras de cette s\u00e9rie\u00a0<\/span><span dir=\"ltr\">peuvent \u00eatre utilis\u00e9es dans une large mesure pour fournir une haute r\u00e9solution dans<\/span>\u00a0de grandes zones telles que la rivi\u00e8re, la for\u00eat, la route, le chemin de fer, l\u2019a\u00e9roport, le port, la place, le\u00a0<span dir=\"ltr\">parc, le point de vue, la\u00a0<\/span><span dir=\"ltr\">gare et le large boulevard<\/span>.<\/p>\n<p>CMOS<br \/>\n\u00e0\u00a0<span dir=\"ltr\">balayage progressif<\/span>\u00a0<span dir=\"ltr\">1\/2,8 pouces\u00a0<\/span>R\u00e9solution jusqu\u2019\u00e0 1920 x 1080\u00a0<span dir=\"ltr\">\u00c9clairage minimum:Lumi\u00e8re<\/span>\u00a0<span dir=\"ltr\">ultra faible<\/span>:Couleur: 0.005 Lux @(F1.6, AGC ON)\u00a0<span dir=\"ltr\">N\/B: 0.001 Lux @(F1.6, AGC ON)<\/span>Infrarouge\u00a0<span dir=\"ltr\">0 Lux<\/span><br \/>\n<span dir=\"ltr\">Zoom optique 25x, zoom<\/span><br \/>\nnum\u00e9rique 16x\u00a0<span dir=\"ltr\">120dB WDR, 3D DNR, HLC, BLC Infrarouge<\/span><br \/>\n<span dir=\"ltr\">jusqu\u2019\u00e0<\/span>\u00a0<span dir=\"ltr\">100 m<\/span><\/p>\n<p>Prise\u00a0<span dir=\"ltr\">en charge de la compression vid\u00e9o H.12+\/H.802<\/span>\u00a03\u00a0<span dir=\"ltr\">VCC et PoE+ (4.265at, 265e classe)<\/span><\/p>\n","protected":false},"excerpt":{"rendered":"<p><strong>\u00a0 \u00a0 \u00a0 Caract\u00e9ristiques\u00a0<\/strong><\/p>\n<ul class=\"product_description_item-list\">\n<li class=\" product_description_item\">Se concentre sur la classification des cibles humaines et des v\u00e9hicules bas\u00e9e sur l\u2019apprentissage profond<\/li>\n<li class=\" product_description_item\">Prise en charge de la capture du visage. Jusqu\u2019\u00e0 5 visages captur\u00e9s en m\u00eame temps<\/li>\n<li class=\" product_description_item\">CMOS \u00e0 balayage progressif 1\/2,8\u00a0\u00bb<\/li>\n<li class=\" product_description_item\">Imagerie de haute qualit\u00e9 avec une r\u00e9solution de 2 MP<\/li>\n<li class=\" product_description_item\">Excellentes performances en basse lumi\u00e8re avec la technologie DarkFighter<\/li>\n<li class=\" product_description_item\">Le zoom optique de 25 \u00d7 et le zoom num\u00e9rique de 16 \u00d7 offrent des vues rapproch\u00e9es sur de vastes zones<\/li>\n<li class=\" product_description_item\">Vue nocturne expansive avec une distance IR allant jusqu\u2019\u00e0 100 m<\/li>\n<li class=\" product_description_item\">Prise en charge de la compression vid\u00e9o H.265 + \/ H.265<\/li>\n<\/ul>\n","protected":false},"featured_media":398,"comment_status":"open","ping_status":"closed","template":"","meta":{"_joinchat":[]},"product_cat":[18,23,17],"product_tag":[],"_links":{"self":[{"href":"https:\/\/sodes-shop.com\/index.php\/wp-json\/wp\/v2\/product\/397"}],"collection":[{"href":"https:\/\/sodes-shop.com\/index.php\/wp-json\/wp\/v2\/product"}],"about":[{"href":"https:\/\/sodes-shop.com\/index.php\/wp-json\/wp\/v2\/types\/product"}],"replies":[{"embeddable":true,"href":"https:\/\/sodes-shop.com\/index.php\/wp-json\/wp\/v2\/comments?post=397"}],"wp:featuredmedia":[{"embeddable":true,"href":"https:\/\/sodes-shop.com\/index.php\/wp-json\/wp\/v2\/media\/398"}],"wp:attachment":[{"href":"https:\/\/sodes-shop.com\/index.php\/wp-json\/wp\/v2\/media?parent=397"}],"wp:term":[{"taxonomy":"product_cat","embeddable":true,"href":"https:\/\/sodes-shop.com\/index.php\/wp-json\/wp\/v2\/product_cat?post=397"},{"taxonomy":"product_tag","embeddable":true,"href":"https:\/\/sodes-shop.com\/index.php\/wp-json\/wp\/v2\/product_tag?post=397"}],"curies":[{"name":"wp","href":"https:\/\/api.w.org\/{rel}","templated":true}]}}