{"id":392,"date":"2023-02-16T23:06:28","date_gmt":"2023-02-16T23:06:28","guid":{"rendered":"https:\/\/sodes-shop.com\/?post_type=product&#038;p=392"},"modified":"2023-02-16T23:21:56","modified_gmt":"2023-02-16T23:21:56","slug":"dome-dh-hac-hdw1209tlqp-led","status":"publish","type":"product","link":"https:\/\/sodes-shop.com\/index.php\/product\/dome-dh-hac-hdw1209tlqp-led\/","title":{"rendered":"DOME-DH-HAC-HDW1209TLQP-LED"},"content":{"rendered":"<p>DH-HAC-HDW1209TLQP-A-LED est une cam\u00e9ra d\u00f4me HDCVI 2M pleine couleur id\u00e9ale pour une utilisation r\u00e9guli\u00e8re. Il est pr\u00e9sent\u00e9 comme une cam\u00e9ra \u00e9toil\u00e9e en couleur avec une distance d\u2019\u00e9clairage de 20 M. D\u00e9couvrez la vid\u00e9o couleur Full HD 2MP et la simplicit\u00e9 de r\u00e9utilisation de l\u2019infrastructure coaxiale existante avec HDCVI. La cam\u00e9ra HDCVI en couleur pr\u00e9sente une image couleur de haute qualit\u00e9 avec des d\u00e9tails riches, m\u00eame dans des conditions d\u2019obscurit\u00e9 totale. Il propose diff\u00e9rents mod\u00e8les d\u2019objectifs fixes avec une sortie commutable OSD et HD \/ SD multilingue. Il adopte un puissant illuminateur LED blanc chaud, couvrant une port\u00e9e effective allant jusqu\u2019\u00e0 20 m (65,61 pi). Les LED s\u2019allument automatiquement dans l\u2019obscurit\u00e9 pour capturer des images en couleur d\u00e9taill\u00e9es 24 heures sur 7, &lt;&gt; jours sur &lt;&gt;, assurant ainsi une identification anth\u00e9nique des objets.<\/p>\n","protected":false},"excerpt":{"rendered":"<p><strong>\u00a0 \u00a0 \u00a0 Caract\u00e9ristiques\u00a0<\/strong><\/p>\n<ul>\n<li>Capteur d\u2019image :CMOS 1\/2,8 pouces<\/li>\n<li>Pixels effectifs : 1920 (H) \u00d7 1080 (V), 2MP<\/li>\n<li>Syst\u00e8me de num\u00e9risation :Progressif<\/li>\n<li>Vitesse d\u2019obturation \u00e9lectronique : PAL: 1\/25 s\u20131\/100000 s NTSC: 1\/30 s\u20131\/100000 s<\/li>\n<li>Rapport signal\/bruit : &gt;65 dB<\/li>\n<li>\u00c9clairage minimal : 0,01 Lux\/F1,6, 0 Lux lumi\u00e8re blanche allum\u00e9e<\/li>\n<li>Distance d\u2019\u00e9clairage : Distance jusqu\u2019\u00e0 20 m (65,61 pi)<\/li>\n<li>Contr\u00f4le marche\/arr\u00eat de l\u2019illuminateur Auto : Manuelle<\/li>\n<li>Num\u00e9ro de l\u2019illuminateur : 1<\/li>\n<li>Plage de panoramique\/inclinaison\/rotation<br \/>\nPan: 0 \u00b0\u2013360 \u00b0 Inclinaison: 0 \u00b0-78 \u00b0<br \/>\nRotation: 0 \u00b0 \u00e0 360 \u00b0<\/li>\n<\/ul>\n","protected":false},"featured_media":396,"comment_status":"open","ping_status":"closed","template":"","meta":{"_joinchat":[]},"product_cat":[18,17],"product_tag":[],"_links":{"self":[{"href":"https:\/\/sodes-shop.com\/index.php\/wp-json\/wp\/v2\/product\/392"}],"collection":[{"href":"https:\/\/sodes-shop.com\/index.php\/wp-json\/wp\/v2\/product"}],"about":[{"href":"https:\/\/sodes-shop.com\/index.php\/wp-json\/wp\/v2\/types\/product"}],"replies":[{"embeddable":true,"href":"https:\/\/sodes-shop.com\/index.php\/wp-json\/wp\/v2\/comments?post=392"}],"wp:featuredmedia":[{"embeddable":true,"href":"https:\/\/sodes-shop.com\/index.php\/wp-json\/wp\/v2\/media\/396"}],"wp:attachment":[{"href":"https:\/\/sodes-shop.com\/index.php\/wp-json\/wp\/v2\/media?parent=392"}],"wp:term":[{"taxonomy":"product_cat","embeddable":true,"href":"https:\/\/sodes-shop.com\/index.php\/wp-json\/wp\/v2\/product_cat?post=392"},{"taxonomy":"product_tag","embeddable":true,"href":"https:\/\/sodes-shop.com\/index.php\/wp-json\/wp\/v2\/product_tag?post=392"}],"curies":[{"name":"wp","href":"https:\/\/api.w.org\/{rel}","templated":true}]}}